{"id":1161,"date":"2025-11-10T16:28:04","date_gmt":"2025-11-10T15:28:04","guid":{"rendered":"https:\/\/www.regionalis.shop\/schau-auf-di-handgeruehrte-biokosmetik\/?post_type=product&#038;p=1161"},"modified":"2025-11-10T16:28:04","modified_gmt":"2025-11-10T15:28:04","slug":"aromabase","status":"publish","type":"product","link":"https:\/\/www.regionalis.shop\/schau-auf-di-handgeruehrte-biokosmetik\/shop\/aromabase\/","title":{"rendered":"AromaBase"},"content":{"rendered":"<div class=\"text-holder\">\n<p data-start=\"53\" data-end=\"334\">Die <strong data-start=\"57\" data-end=\"70\">AromaBase<\/strong> ist mehr als ein Aufbewahrungsort \u2013 sie setzt deine \u00e4therischen \u00d6le stilvoll in Szene und sorgt f\u00fcr sanfte Duftentfaltung. <strong data-start=\"194\" data-end=\"221\">Handgefertigt in Zwettl<\/strong>, bietet sie Platz f\u00fcr <strong data-start=\"244\" data-end=\"265\">drei \u00d6lfl\u00e4schchen<\/strong>. Durch den <strong>Duftstein<\/strong> wird das Aroma sanft an die Raumluft abgegeben.<\/p>\n<p data-start=\"336\" data-end=\"633\"><strong data-start=\"339\" data-end=\"364\">\u2728 Regional &amp; nachhaltig<\/strong> \u2013 Duftstein produziert von <strong data-start=\"392\" data-end=\"404\">hahnmade<\/strong> und Holzst\u00e4nder gefertigt von der <strong data-start=\"439\" data-end=\"461\">Drechslerei Reiter<\/strong> \u2013 beide aus Zwettl<br data-start=\"480\" data-end=\"483\" \/>\u2728 <strong data-start=\"485\" data-end=\"509\" data-is-only-node=\"\">Praktisch &amp; stilvoll<\/strong> \u2013 Immer griffbereit, perfekt f\u00fcr Zuhause oder B\u00fcro<br data-start=\"560\" data-end=\"563\" \/><strong data-start=\"566\" data-end=\"588\">\u2728 Einfache Anwendung<\/strong> \u2013 Einige Tropfen auf den Duftstein gen\u00fcgen<\/p>\n<p data-start=\"635\" data-end=\"709\"><strong data-start=\"635\" data-end=\"707\">Aroma genie\u00dfen \u2013 nat\u00fcrlich, regional und stilvoll mit der AromaBase!<\/strong><\/p>\n<\/div>\n","protected":false},"excerpt":{"rendered":"<p>Die <strong data-start=\"57\" data-end=\"70\">AromaBase<\/strong> ist mehr als ein Aufbewahrungsort \u2013 sie setzt deine \u00e4therischen \u00d6le stilvoll in Szene und sorgt f\u00fcr sanfte Duftentfaltung. <strong data-start=\"194\" data-end=\"221\">Handgefertigt in Zwettl<\/strong>, bietet sie Platz f\u00fcr <strong data-start=\"244\" data-end=\"265\">drei \u00d6lfl\u00e4schchen<\/strong>. Durch den <strong>Duftstein<\/strong> wird das Aroma sanft an die Raumluft abgegeben.<\/p>\n","protected":false},"featured_media":1159,"template":"","meta":{"_acf_changed":false},"product_brand":[],"product_cat":[111,41,160,174,103],"product_tag":[],"class_list":{"0":"post-1161","1":"product","2":"type-product","3":"status-publish","4":"has-post-thumbnail","6":"product_cat-aromasprays-duftoele","7":"product_cat-freizeit-lifestyle","8":"product_cat-nachhaltiger-haushalt","9":"product_cat-wohndekoration","10":"product_cat-wohnen-deko","12":"first","13":"instock","14":"taxable","15":"shipping-taxable","16":"purchasable","17":"product-type-simple"},"acf":[],"_links":{"self":[{"href":"https:\/\/www.regionalis.shop\/schau-auf-di-handgeruehrte-biokosmetik\/wp-json\/wp\/v2\/product\/1161","targetHints":{"allow":["GET"]}}],"collection":[{"href":"https:\/\/www.regionalis.shop\/schau-auf-di-handgeruehrte-biokosmetik\/wp-json\/wp\/v2\/product"}],"about":[{"href":"https:\/\/www.regionalis.shop\/schau-auf-di-handgeruehrte-biokosmetik\/wp-json\/wp\/v2\/types\/product"}],"wp:featuredmedia":[{"embeddable":true,"href":"https:\/\/www.regionalis.shop\/schau-auf-di-handgeruehrte-biokosmetik\/wp-json\/wp\/v2\/media\/1159"}],"wp:attachment":[{"href":"https:\/\/www.regionalis.shop\/schau-auf-di-handgeruehrte-biokosmetik\/wp-json\/wp\/v2\/media?parent=1161"}],"wp:term":[{"taxonomy":"product_brand","embeddable":true,"href":"https:\/\/www.regionalis.shop\/schau-auf-di-handgeruehrte-biokosmetik\/wp-json\/wp\/v2\/product_brand?post=1161"},{"taxonomy":"product_cat","embeddable":true,"href":"https:\/\/www.regionalis.shop\/schau-auf-di-handgeruehrte-biokosmetik\/wp-json\/wp\/v2\/product_cat?post=1161"},{"taxonomy":"product_tag","embeddable":true,"href":"https:\/\/www.regionalis.shop\/schau-auf-di-handgeruehrte-biokosmetik\/wp-json\/wp\/v2\/product_tag?post=1161"}],"curies":[{"name":"wp","href":"https:\/\/api.w.org\/{rel}","templated":true}]}}