{"id":1164,"date":"2025-11-10T16:44:44","date_gmt":"2025-11-10T15:44:44","guid":{"rendered":"https:\/\/www.regionalis.shop\/schau-auf-di-handgeruehrte-biokosmetik\/?post_type=product&#038;p=1164"},"modified":"2025-11-10T16:44:44","modified_gmt":"2025-11-10T15:44:44","slug":"aetherische-mischung-cozyhome-bio","status":"publish","type":"product","link":"https:\/\/www.regionalis.shop\/schau-auf-di-handgeruehrte-biokosmetik\/shop\/aetherische-mischung-cozyhome-bio\/","title":{"rendered":"\u00c4therische Mischung \u2013 CozyHome BIO"},"content":{"rendered":"<div class=\"text-holder\">\n<p class=\"\" data-start=\"81\" data-end=\"411\">Unsere <em data-start=\"88\" data-end=\"118\">\u00e4therische Mischung CozyHome<\/em> verwandelt dein Zuhause in eine Oase der Geborgenheit. Die ausgewogene Komposition aus <strong data-start=\"206\" data-end=\"223\">Kiefernadel\u00f6l<\/strong>, <strong data-start=\"225\" data-end=\"241\">Mandarinen\u00f6l<\/strong>, <strong data-start=\"243\" data-end=\"259\">Zedernholz\u00f6l<\/strong>, <strong data-start=\"261\" data-end=\"276\">Lemongras\u00f6l<\/strong> und <strong data-start=\"281\" data-end=\"297\">Grapefruit\u00f6l<\/strong> entfaltet einen warmen, waldigen Duft mit fruchtiger Frische \u2013 ideal, um K\u00f6rper und Geist in Einklang zu bringen.<\/p>\n<p class=\"\" data-start=\"413\" data-end=\"426\"><strong data-start=\"413\" data-end=\"426\">Vorteile:<\/strong><\/p>\n<ul data-start=\"427\" data-end=\"638\">\n<li class=\"\" data-start=\"427\" data-end=\"478\">\n<p class=\"\" data-start=\"429\" data-end=\"478\">Schafft eine entspannende, heimelige Atmosph\u00e4re<\/p>\n<\/li>\n<li class=\"\" data-start=\"479\" data-end=\"530\">\n<p class=\"\" data-start=\"481\" data-end=\"530\">Erdet und beruhigt nach einem anstrengenden Tag<\/p>\n<\/li>\n<li class=\"\" data-start=\"531\" data-end=\"580\">\n<p class=\"\" data-start=\"533\" data-end=\"580\">Hebt die Stimmung mit einer feinen Zitrusnote<\/p>\n<\/li>\n<li class=\"\" data-start=\"581\" data-end=\"638\">\n<p class=\"\" data-start=\"583\" data-end=\"638\">Perfekt f\u00fcr gem\u00fctliche Abende oder meditative Momente<\/p>\n<\/li>\n<\/ul>\n<p class=\"\" data-start=\"640\" data-end=\"850\"><strong data-start=\"640\" data-end=\"654\">Anwendung:<\/strong><br data-start=\"654\" data-end=\"657\" \/>Einige Tropfen in den Diffuser oder in die Duftlampe geben \u2013 f\u00fcr eine harmonisierende Raumluft. Auch geeignet f\u00fcr Duftsteine, Potpourri oder als Tropfen in Massage\u00f6len (mit neutralem Tr\u00e4ger\u00f6l).<\/p>\n<p class=\"\" data-start=\"852\" data-end=\"982\"><strong data-start=\"852\" data-end=\"875\">Verpackungseinheit:<\/strong><br data-start=\"875\" data-end=\"878\" \/>10 ml in der lichtgesch\u00fctzten Braunglasflasche mit Tropfeinsatz<\/p>\n<p class=\"\" data-start=\"984\" data-end=\"1184\"><strong data-start=\"984\" data-end=\"1002\">Inhaltsstoffe:<\/strong><br data-start=\"1002\" data-end=\"1005\" \/>\u00c4therisches Kiefernadel\u00f6l*, \u00e4therisches Mandarinen\u00f6l*, \u00e4therisches Zedernholz\u00f6l*, \u00e4therisches Lemongras\u00f6l*, \u00e4therisches Grapefruit\u00f6l*<br data-start=\"1138\" data-end=\"1141\" \/>*aus kontrolliert biologischem Anbau (Bio)<\/p>\n<\/div>\n","protected":false},"excerpt":{"rendered":"<p>Unsere <em data-start=\"88\" data-end=\"118\">\u00e4therische Mischung CozyHome<\/em> verwandelt dein Zuhause in eine Oase der Geborgenheit. Die ausgewogene Komposition aus <strong data-start=\"206\" data-end=\"223\">Kiefernadel\u00f6l<\/strong>, <strong data-start=\"225\" data-end=\"241\">Mandarinen\u00f6l<\/strong>, <strong data-start=\"243\" data-end=\"259\">Zedernholz\u00f6l<\/strong>, <strong data-start=\"261\" data-end=\"276\">Lemongras\u00f6l<\/strong> und <strong data-start=\"281\" data-end=\"297\">Grapefruit\u00f6<\/strong><\/p>\n","protected":false},"featured_media":1167,"template":"","meta":{"_acf_changed":false},"product_brand":[],"product_cat":[111,41],"product_tag":[],"class_list":{"0":"post-1164","1":"product","2":"type-product","3":"status-publish","4":"has-post-thumbnail","6":"product_cat-aromasprays-duftoele","7":"product_cat-freizeit-lifestyle","9":"first","10":"instock","11":"taxable","12":"shipping-taxable","13":"purchasable","14":"product-type-simple"},"acf":[],"_links":{"self":[{"href":"https:\/\/www.regionalis.shop\/schau-auf-di-handgeruehrte-biokosmetik\/wp-json\/wp\/v2\/product\/1164","targetHints":{"allow":["GET"]}}],"collection":[{"href":"https:\/\/www.regionalis.shop\/schau-auf-di-handgeruehrte-biokosmetik\/wp-json\/wp\/v2\/product"}],"about":[{"href":"https:\/\/www.regionalis.shop\/schau-auf-di-handgeruehrte-biokosmetik\/wp-json\/wp\/v2\/types\/product"}],"wp:featuredmedia":[{"embeddable":true,"href":"https:\/\/www.regionalis.shop\/schau-auf-di-handgeruehrte-biokosmetik\/wp-json\/wp\/v2\/media\/1167"}],"wp:attachment":[{"href":"https:\/\/www.regionalis.shop\/schau-auf-di-handgeruehrte-biokosmetik\/wp-json\/wp\/v2\/media?parent=1164"}],"wp:term":[{"taxonomy":"product_brand","embeddable":true,"href":"https:\/\/www.regionalis.shop\/schau-auf-di-handgeruehrte-biokosmetik\/wp-json\/wp\/v2\/product_brand?post=1164"},{"taxonomy":"product_cat","embeddable":true,"href":"https:\/\/www.regionalis.shop\/schau-auf-di-handgeruehrte-biokosmetik\/wp-json\/wp\/v2\/product_cat?post=1164"},{"taxonomy":"product_tag","embeddable":true,"href":"https:\/\/www.regionalis.shop\/schau-auf-di-handgeruehrte-biokosmetik\/wp-json\/wp\/v2\/product_tag?post=1164"}],"curies":[{"name":"wp","href":"https:\/\/api.w.org\/{rel}","templated":true}]}}