{"id":1184,"date":"2025-11-10T16:46:40","date_gmt":"2025-11-10T15:46:40","guid":{"rendered":"https:\/\/www.regionalis.shop\/schau-auf-di-handgeruehrte-biokosmetik\/?post_type=product&#038;p=1184"},"modified":"2025-11-10T16:46:40","modified_gmt":"2025-11-10T15:46:40","slug":"hairbodyshower-riseshine-bio","status":"publish","type":"product","link":"https:\/\/www.regionalis.shop\/schau-auf-di-handgeruehrte-biokosmetik\/shop\/hairbodyshower-riseshine-bio\/","title":{"rendered":"hair&amp;bodyShower &#8211; Rise&amp;Shine BIO"},"content":{"rendered":"<p data-start=\"706\" data-end=\"892\">\ud83e\uddf4 <strong data-start=\"709\" data-end=\"752\">200 ml in der RePET-Flasche mit Disctop<\/strong><br data-start=\"752\" data-end=\"755\" \/>\ud83c\udf31 F\u00fcr Haare &amp; K\u00f6rper geeignet<br data-start=\"785\" data-end=\"788\" \/>\ud83c\udf2c\ufe0f Mit erfrischendem Eukalyptus, Pfefferminz &amp; Orange<br data-start=\"842\" data-end=\"845\" \/>\ud83d\udca7 Milde Rezeptur \u2013 auch bei empfindlicher Haut<\/p>\n<p data-start=\"894\" data-end=\"1008\"><strong data-start=\"894\" data-end=\"908\">Anwendung:<\/strong><br data-start=\"908\" data-end=\"911\" \/>Auf die feuchte Haut und\/oder ins Haar auftragen, aufsch\u00e4umen, tief durchatmen \u2013 und abduschen.<\/p>\n<p data-start=\"1010\" data-end=\"1234\"><strong data-start=\"1010\" data-end=\"1038\">Inhaltsstoffe (Deutsch):<\/strong><br data-start=\"1038\" data-end=\"1041\" \/>Waldviertler Quellwasser, Holunderhydrolat*, Glycerin*, Zuckertensid, Xanthan, \u00e4th. Eukalyptus\u00f6l*, nat\u00fcrliche S\u00e4uren, \u00e4th. Orangen\u00f6l*, \u00e4th. Pfefferminz\u00f6l*<br data-start=\"1195\" data-end=\"1198\" \/>*aus kontrolliert biologischem Anbau<\/p>\n","protected":false},"excerpt":{"rendered":"<p>\ud83e\uddf4 200 ml in der RePET-Flasche mit Disctop\ud83c\udf31 F\u00fcr Haare &amp; K\u00f6rper geeignet\ud83c\udf2c\ufe0f Mit erfrischendem Eukalyptus, Pfefferminz &amp; Orange\ud83d\udca7 Milde Rezeptur \u2013 auch bei empfindlicher Haut Anwendung:Auf die feuchte Haut und\/oder ins Haar auftragen, aufsch\u00e4umen, tief durchatmen \u2013 und abduschen. Inhaltsstoffe (Deutsch):Waldviertler Quellwasser, Holunderhydrolat*, Glycerin*, Zuckertensid, Xanthan, \u00e4th. Eukalyptus\u00f6l*, nat\u00fcrliche S\u00e4uren, \u00e4th. Orangen\u00f6l*, \u00e4th. Pfefferminz\u00f6l**aus &hellip; <a href=\"https:\/\/www.regionalis.shop\/schau-auf-di-handgeruehrte-biokosmetik\/shop\/hairbodyshower-riseshine-bio\/\">Continued<\/a><\/p>\n","protected":false},"featured_media":1185,"template":"","meta":{"_acf_changed":false},"product_brand":[],"product_cat":[114,140,153,52],"product_tag":[],"class_list":{"0":"post-1184","1":"product","2":"type-product","3":"status-publish","4":"has-post-thumbnail","6":"product_cat-badezusaetze","7":"product_cat-haar-bartpflege","8":"product_cat-koerperpflege","9":"product_cat-kosmetika","11":"first","12":"instock","13":"taxable","14":"shipping-taxable","15":"purchasable","16":"product-type-simple"},"acf":[],"_links":{"self":[{"href":"https:\/\/www.regionalis.shop\/schau-auf-di-handgeruehrte-biokosmetik\/wp-json\/wp\/v2\/product\/1184","targetHints":{"allow":["GET"]}}],"collection":[{"href":"https:\/\/www.regionalis.shop\/schau-auf-di-handgeruehrte-biokosmetik\/wp-json\/wp\/v2\/product"}],"about":[{"href":"https:\/\/www.regionalis.shop\/schau-auf-di-handgeruehrte-biokosmetik\/wp-json\/wp\/v2\/types\/product"}],"wp:featuredmedia":[{"embeddable":true,"href":"https:\/\/www.regionalis.shop\/schau-auf-di-handgeruehrte-biokosmetik\/wp-json\/wp\/v2\/media\/1185"}],"wp:attachment":[{"href":"https:\/\/www.regionalis.shop\/schau-auf-di-handgeruehrte-biokosmetik\/wp-json\/wp\/v2\/media?parent=1184"}],"wp:term":[{"taxonomy":"product_brand","embeddable":true,"href":"https:\/\/www.regionalis.shop\/schau-auf-di-handgeruehrte-biokosmetik\/wp-json\/wp\/v2\/product_brand?post=1184"},{"taxonomy":"product_cat","embeddable":true,"href":"https:\/\/www.regionalis.shop\/schau-auf-di-handgeruehrte-biokosmetik\/wp-json\/wp\/v2\/product_cat?post=1184"},{"taxonomy":"product_tag","embeddable":true,"href":"https:\/\/www.regionalis.shop\/schau-auf-di-handgeruehrte-biokosmetik\/wp-json\/wp\/v2\/product_tag?post=1184"}],"curies":[{"name":"wp","href":"https:\/\/api.w.org\/{rel}","templated":true}]}}