{"id":1188,"date":"2025-11-10T16:52:04","date_gmt":"2025-11-10T15:52:04","guid":{"rendered":"https:\/\/www.regionalis.shop\/schau-auf-di-handgeruehrte-biokosmetik\/?post_type=product&#038;p=1188"},"modified":"2025-11-10T16:52:04","modified_gmt":"2025-11-10T15:52:04","slug":"gesichtscreme-balance-bio","status":"publish","type":"product","link":"https:\/\/www.regionalis.shop\/schau-auf-di-handgeruehrte-biokosmetik\/shop\/gesichtscreme-balance-bio\/","title":{"rendered":"Gesichtscreme Balance BIO"},"content":{"rendered":"<p class=\"\" data-start=\"150\" data-end=\"558\">Unsere <em data-start=\"177\" data-end=\"204\">Bio-Gesichtscreme Balance<\/em> wurde speziell f\u00fcr empfindliche und trockene Haut entwickelt. Lavendelhydrolat beruhigt R\u00f6tungen, Mandel- und Sonnenblumen\u00f6l n\u00e4hren tiefenwirksam, w\u00e4hrend Distel\u00f6l und Ringelblumenextrakt die nat\u00fcrliche Regeneration unterst\u00fctzen. Die zarte, cremige Textur zieht schnell ein und hinterl\u00e4sst keinen Fettfilm \u2013 f\u00fcr ein ausgeglichenes, strahlendes Hautbild.<\/p>\n<p class=\"\" data-start=\"560\" data-end=\"783\"><strong data-start=\"560\" data-end=\"573\">Vorteile:<\/strong><br data-start=\"573\" data-end=\"576\" \/>\u2022 Intensive Feuchtigkeit &amp; N\u00e4hrstoffe<br data-start=\"613\" data-end=\"616\" \/>\u2022 Lindert R\u00f6tungen und Spannungsgef\u00fchle<br data-start=\"655\" data-end=\"658\" \/>\u2022 Unterst\u00fctzt die nat\u00fcrliche Hautbarriere<br data-start=\"699\" data-end=\"702\" \/>\u2022 Schnell einziehend, ohne zu fetten<br data-start=\"738\" data-end=\"741\" \/>\u2022 F\u00fcr empfindliche Haut optimal geeignet<\/p>\n<p class=\"\" data-start=\"785\" data-end=\"947\"><strong data-start=\"785\" data-end=\"799\">Anwendung:<\/strong><br data-start=\"799\" data-end=\"802\" \/>Morgens und abends nach Toner oder Serum auf Gesicht, Hals und Dekollet\u00e9 auftragen. Sanft einmassieren, bis die Creme vollst\u00e4ndig eingezogen ist.<\/p>\n<p class=\"\" data-start=\"949\" data-end=\"1208\"><strong data-start=\"949\" data-end=\"977\">Inhaltsstoffe (Deutsch):<\/strong><br data-start=\"977\" data-end=\"980\" \/>Lavendelhydrolat*, Wasser, Sonnenblumen\u00f6l*, Mandel\u00f6l*, Distel\u00f6l*, Ringelblumenextrakt*, Polyglyceryl-3 Dicitrate\/Stearate, Xanthan, Vitamin E, Benzylalkohol, Benzoes\u00e4ure, Sorbins\u00e4ure<br data-start=\"1162\" data-end=\"1165\" \/>*aus kontrolliert biologischem Anbau (Bio)<\/p>\n","protected":false},"excerpt":{"rendered":"<p>Unsere <em data-start=\"177\" data-end=\"204\">Bio-Gesichtscreme Balance<\/em> wurde speziell f\u00fcr empfindliche und trockene Haut entwickelt. Lavendelhydrolat beruhigt R\u00f6tungen, Mandel- und Sonnenblumen\u00f6l n\u00e4hren tiefenwirksam, w\u00e4hrend Distel\u00f6l und Ringelblumenextrakt die nat\u00fcrliche Regeneration unterst\u00fctzen. Die zarte, cremige Textur zieht schnell ein und hinterl\u00e4sst keinen Fettfilm \u2013 f\u00fcr ein ausgeglichenes, strahlendes Hautbild.<\/p>\n","protected":false},"featured_media":1189,"template":"","meta":{"_acf_changed":false},"product_brand":[],"product_cat":[52],"product_tag":[],"class_list":{"0":"post-1188","1":"product","2":"type-product","3":"status-publish","4":"has-post-thumbnail","6":"product_cat-kosmetika","8":"first","9":"instock","10":"taxable","11":"shipping-taxable","12":"purchasable","13":"product-type-simple"},"acf":[],"_links":{"self":[{"href":"https:\/\/www.regionalis.shop\/schau-auf-di-handgeruehrte-biokosmetik\/wp-json\/wp\/v2\/product\/1188","targetHints":{"allow":["GET"]}}],"collection":[{"href":"https:\/\/www.regionalis.shop\/schau-auf-di-handgeruehrte-biokosmetik\/wp-json\/wp\/v2\/product"}],"about":[{"href":"https:\/\/www.regionalis.shop\/schau-auf-di-handgeruehrte-biokosmetik\/wp-json\/wp\/v2\/types\/product"}],"wp:featuredmedia":[{"embeddable":true,"href":"https:\/\/www.regionalis.shop\/schau-auf-di-handgeruehrte-biokosmetik\/wp-json\/wp\/v2\/media\/1189"}],"wp:attachment":[{"href":"https:\/\/www.regionalis.shop\/schau-auf-di-handgeruehrte-biokosmetik\/wp-json\/wp\/v2\/media?parent=1188"}],"wp:term":[{"taxonomy":"product_brand","embeddable":true,"href":"https:\/\/www.regionalis.shop\/schau-auf-di-handgeruehrte-biokosmetik\/wp-json\/wp\/v2\/product_brand?post=1188"},{"taxonomy":"product_cat","embeddable":true,"href":"https:\/\/www.regionalis.shop\/schau-auf-di-handgeruehrte-biokosmetik\/wp-json\/wp\/v2\/product_cat?post=1188"},{"taxonomy":"product_tag","embeddable":true,"href":"https:\/\/www.regionalis.shop\/schau-auf-di-handgeruehrte-biokosmetik\/wp-json\/wp\/v2\/product_tag?post=1188"}],"curies":[{"name":"wp","href":"https:\/\/api.w.org\/{rel}","templated":true}]}}