{"id":1190,"date":"2025-11-10T16:54:00","date_gmt":"2025-11-10T15:54:00","guid":{"rendered":"https:\/\/www.regionalis.shop\/schau-auf-di-handgeruehrte-biokosmetik\/?post_type=product&#038;p=1190"},"modified":"2025-11-10T16:54:00","modified_gmt":"2025-11-10T15:54:00","slug":"gesichtscreme-fuer-den-mann-bio","status":"publish","type":"product","link":"https:\/\/www.regionalis.shop\/schau-auf-di-handgeruehrte-biokosmetik\/shop\/gesichtscreme-fuer-den-mann-bio\/","title":{"rendered":"Gesichtscreme f\u00fcr den Mann BIO"},"content":{"rendered":"<p class=\"\" data-start=\"260\" data-end=\"306\"><strong data-start=\"260\" data-end=\"306\">Beruhigend. Sch\u00fctzend. Nat\u00fcrlich gepflegt.<\/strong><\/p>\n<p class=\"\" data-start=\"308\" data-end=\"595\">Diese Gesichtscreme wurde speziell f\u00fcr die t\u00e4glichen Bed\u00fcrfnisse anspruchsvoller Haut formuliert. Die ausgewogene Kombination aus <strong data-start=\"438\" data-end=\"454\">Bio-Mandel\u00f6l<\/strong>, <strong data-start=\"456\" data-end=\"474\">Sonnenblumen\u00f6l<\/strong> und <strong data-start=\"479\" data-end=\"497\">Pflanzenwasser<\/strong> pflegt intensiv, ohne zu fetten \u2013 ideal auch nach der Rasur oder bei trockener, gestresster Haut.<\/p>\n<p class=\"\" data-start=\"597\" data-end=\"717\">Die leichte Textur zieht schnell ein und hinterl\u00e4sst ein gepflegtes, frisches Hautgef\u00fchl \u2013 ohne Glanz, aber mit Wirkung.<\/p>\n<p class=\"\" data-start=\"719\" data-end=\"751\">\u2728<strong data-start=\"722\" data-end=\"751\">Wirkstoffe aus der Natur:<\/strong><\/p>\n<ul data-start=\"752\" data-end=\"915\">\n<li class=\"\" data-start=\"752\" data-end=\"785\">\n<p class=\"\" data-start=\"754\" data-end=\"785\"><strong data-start=\"754\" data-end=\"767\">Mandel\u00f6l:<\/strong> n\u00e4hrt &amp; sch\u00fctzt<\/p>\n<\/li>\n<li class=\"\" data-start=\"786\" data-end=\"847\">\n<p class=\"\" data-start=\"788\" data-end=\"847\"><strong data-start=\"788\" data-end=\"807\">Sonnenblumen\u00f6l:<\/strong> leicht &amp; pflegend, ohne zu beschweren<\/p>\n<\/li>\n<li class=\"\" data-start=\"848\" data-end=\"915\">\n<p class=\"\" data-start=\"850\" data-end=\"915\"><strong data-start=\"850\" data-end=\"869\">Pflanzenwasser:<\/strong> versorgt die Haut mit Feuchtigkeit &amp; beruhigt<\/p>\n<\/li>\n<\/ul>\n<p class=\"\" data-start=\"917\" data-end=\"954\">\u2728 <strong data-start=\"919\" data-end=\"954\">Deine Vorteile auf einen Blick:<\/strong><\/p>\n<ul data-start=\"955\" data-end=\"1260\">\n<li class=\"\" data-start=\"955\" data-end=\"1006\">\n<p class=\"\" data-start=\"957\" data-end=\"1006\">Beruhigt die Haut &amp; sch\u00fctzt vor dem Austrocknen<\/p>\n<\/li>\n<li class=\"\" data-start=\"1007\" data-end=\"1044\">\n<p class=\"\" data-start=\"1009\" data-end=\"1044\">Zieht schnell ein \u2013 ohne Fettfilm<\/p>\n<\/li>\n<li class=\"\" data-start=\"1045\" data-end=\"1099\">\n<p class=\"\" data-start=\"1047\" data-end=\"1099\">Ideal nach der Rasur oder als Tages- &amp; Nachtpflege<\/p>\n<\/li>\n<li class=\"\" data-start=\"1100\" data-end=\"1131\">\n<p class=\"\" data-start=\"1102\" data-end=\"1131\">F\u00fcr alle Hauttypen geeignet<\/p>\n<\/li>\n<li class=\"\" data-start=\"1132\" data-end=\"1194\">\n<p class=\"\" data-start=\"1134\" data-end=\"1194\">Biozertifiziert, vegan &amp; handgemacht in unserer Manufaktur<\/p>\n<\/li>\n<li class=\"\" data-start=\"1195\" data-end=\"1260\">\n<p class=\"\" data-start=\"1197\" data-end=\"1260\">In nachf\u00fcllbarer Glasverpackung \u2013 umweltfreundlich &amp; hochwertig<\/p>\n<\/li>\n<\/ul>\n<p class=\"\" data-start=\"1262\" data-end=\"1318\"><strong data-start=\"1265\" data-end=\"1318\">\u2728 Nat\u00fcrlich gepflegt. Sp\u00fcrbar erfrischt. Jeden Tag.<\/strong><\/p>\n","protected":false},"excerpt":{"rendered":"<p><strong data-start=\"260\" data-end=\"306\">Beruhigend. Sch\u00fctzend. Nat\u00fcrlich gepflegt.<\/strong><\/p>\n","protected":false},"featured_media":1191,"template":"","meta":{"_acf_changed":false},"product_brand":[],"product_cat":[52],"product_tag":[],"class_list":{"0":"post-1190","1":"product","2":"type-product","3":"status-publish","4":"has-post-thumbnail","6":"product_cat-kosmetika","8":"first","9":"instock","10":"taxable","11":"shipping-taxable","12":"purchasable","13":"product-type-simple"},"acf":[],"_links":{"self":[{"href":"https:\/\/www.regionalis.shop\/schau-auf-di-handgeruehrte-biokosmetik\/wp-json\/wp\/v2\/product\/1190","targetHints":{"allow":["GET"]}}],"collection":[{"href":"https:\/\/www.regionalis.shop\/schau-auf-di-handgeruehrte-biokosmetik\/wp-json\/wp\/v2\/product"}],"about":[{"href":"https:\/\/www.regionalis.shop\/schau-auf-di-handgeruehrte-biokosmetik\/wp-json\/wp\/v2\/types\/product"}],"wp:featuredmedia":[{"embeddable":true,"href":"https:\/\/www.regionalis.shop\/schau-auf-di-handgeruehrte-biokosmetik\/wp-json\/wp\/v2\/media\/1191"}],"wp:attachment":[{"href":"https:\/\/www.regionalis.shop\/schau-auf-di-handgeruehrte-biokosmetik\/wp-json\/wp\/v2\/media?parent=1190"}],"wp:term":[{"taxonomy":"product_brand","embeddable":true,"href":"https:\/\/www.regionalis.shop\/schau-auf-di-handgeruehrte-biokosmetik\/wp-json\/wp\/v2\/product_brand?post=1190"},{"taxonomy":"product_cat","embeddable":true,"href":"https:\/\/www.regionalis.shop\/schau-auf-di-handgeruehrte-biokosmetik\/wp-json\/wp\/v2\/product_cat?post=1190"},{"taxonomy":"product_tag","embeddable":true,"href":"https:\/\/www.regionalis.shop\/schau-auf-di-handgeruehrte-biokosmetik\/wp-json\/wp\/v2\/product_tag?post=1190"}],"curies":[{"name":"wp","href":"https:\/\/api.w.org\/{rel}","templated":true}]}}