{"id":1192,"date":"2025-11-10T16:56:01","date_gmt":"2025-11-10T15:56:01","guid":{"rendered":"https:\/\/www.regionalis.shop\/schau-auf-di-handgeruehrte-biokosmetik\/?post_type=product&#038;p=1192"},"modified":"2025-11-10T16:56:01","modified_gmt":"2025-11-10T15:56:01","slug":"lippenpflegestift-minz-frisch-bio","status":"publish","type":"product","link":"https:\/\/www.regionalis.shop\/schau-auf-di-handgeruehrte-biokosmetik\/shop\/lippenpflegestift-minz-frisch-bio\/","title":{"rendered":"Lippenpflegestift minz.frisch BIO"},"content":{"rendered":"<p class=\"\" data-start=\"201\" data-end=\"496\">Unser <em data-start=\"227\" data-end=\"258\">Lippenpflegestift minz.frisch<\/em> sch\u00fctzt deine Lippen zuverl\u00e4ssig vor Trockenheit und Umwelteinfl\u00fcssen. Die Kombination aus n\u00e4hrendem Mandel\u00f6l, sch\u00fctzendem Bienenwachs und erfrischendem Pfefferminz\u00f6l sorgt f\u00fcr ein gepflegtes Gef\u00fchl \u2013 mit einem Hauch nat\u00fcrlicher Frische.<\/p>\n<p class=\"\" data-start=\"498\" data-end=\"700\"><strong data-start=\"498\" data-end=\"511\">Vorteile:<\/strong><br data-start=\"511\" data-end=\"514\" \/>\u2022 Pflegt &amp; sch\u00fctzt mit wertvollen Bio-\u00d6len und Wachsen<br data-start=\"568\" data-end=\"571\" \/>\u2022 Frischer Duft durch \u00e4therisches Pfefferminz\u00f6l<br data-start=\"618\" data-end=\"621\" \/>\u2022 Schmilzt sanft auf den Lippen, ohne zu kleben<br data-start=\"668\" data-end=\"671\" \/>\u2022 Ideal f\u00fcr jede Jahreszeit<\/p>\n<p class=\"\" data-start=\"702\" data-end=\"820\"><strong data-start=\"702\" data-end=\"716\">Anwendung:<\/strong><br data-start=\"716\" data-end=\"719\" \/>Je nach Bedarf mehrmals t\u00e4glich auf die Lippen auftragen. Auch ideal als Basis unter dem Lippenstift.<\/p>\n<p class=\"\" data-start=\"822\" data-end=\"977\"><strong data-start=\"822\" data-end=\"850\">Inhaltsstoffe (Deutsch):<\/strong><br data-start=\"850\" data-end=\"853\" \/>Mandel\u00f6l*, Bienenwachs*, Carnaubawachs*, Vitamin E, \u00e4therisches Pfefferminz\u00f6l*<br data-start=\"931\" data-end=\"934\" \/>*aus kontrolliert biologischem Anbau (Bio)<\/p>\n","protected":false},"excerpt":{"rendered":"<p>Unser <em data-start=\"227\" data-end=\"258\">Lippenpflegestift minz.frisch<\/em> sch\u00fctzt deine Lippen zuverl\u00e4ssig vor Trockenheit und Umwelteinfl\u00fcssen. Die Kombination aus n\u00e4hrendem Mandel\u00f6l, sch\u00fctzendem Bienenwachs und erfrischendem Pfefferminz\u00f6l sorgt f\u00fcr ein gepflegtes Gef\u00fchl \u2013 mit einem Hauch nat\u00fcrlicher Frische.<\/p>\n","protected":false},"featured_media":1193,"template":"","meta":{"_acf_changed":false},"product_brand":[],"product_cat":[18],"product_tag":[],"class_list":{"0":"post-1192","1":"product","2":"type-product","3":"status-publish","4":"has-post-thumbnail","6":"product_cat-uncategorised","8":"first","9":"instock","10":"taxable","11":"shipping-taxable","12":"purchasable","13":"product-type-simple"},"acf":[],"_links":{"self":[{"href":"https:\/\/www.regionalis.shop\/schau-auf-di-handgeruehrte-biokosmetik\/wp-json\/wp\/v2\/product\/1192","targetHints":{"allow":["GET"]}}],"collection":[{"href":"https:\/\/www.regionalis.shop\/schau-auf-di-handgeruehrte-biokosmetik\/wp-json\/wp\/v2\/product"}],"about":[{"href":"https:\/\/www.regionalis.shop\/schau-auf-di-handgeruehrte-biokosmetik\/wp-json\/wp\/v2\/types\/product"}],"wp:featuredmedia":[{"embeddable":true,"href":"https:\/\/www.regionalis.shop\/schau-auf-di-handgeruehrte-biokosmetik\/wp-json\/wp\/v2\/media\/1193"}],"wp:attachment":[{"href":"https:\/\/www.regionalis.shop\/schau-auf-di-handgeruehrte-biokosmetik\/wp-json\/wp\/v2\/media?parent=1192"}],"wp:term":[{"taxonomy":"product_brand","embeddable":true,"href":"https:\/\/www.regionalis.shop\/schau-auf-di-handgeruehrte-biokosmetik\/wp-json\/wp\/v2\/product_brand?post=1192"},{"taxonomy":"product_cat","embeddable":true,"href":"https:\/\/www.regionalis.shop\/schau-auf-di-handgeruehrte-biokosmetik\/wp-json\/wp\/v2\/product_cat?post=1192"},{"taxonomy":"product_tag","embeddable":true,"href":"https:\/\/www.regionalis.shop\/schau-auf-di-handgeruehrte-biokosmetik\/wp-json\/wp\/v2\/product_tag?post=1192"}],"curies":[{"name":"wp","href":"https:\/\/api.w.org\/{rel}","templated":true}]}}