{"id":1197,"date":"2025-11-10T18:06:15","date_gmt":"2025-11-10T17:06:15","guid":{"rendered":"https:\/\/www.regionalis.shop\/schau-auf-di-handgeruehrte-biokosmetik\/?post_type=product&#038;p=1197"},"modified":"2025-11-10T18:06:15","modified_gmt":"2025-11-10T17:06:15","slug":"lippenbalsam-bio","status":"publish","type":"product","link":"https:\/\/www.regionalis.shop\/schau-auf-di-handgeruehrte-biokosmetik\/shop\/lippenbalsam-bio\/","title":{"rendered":"Lippenbalsam BIO"},"content":{"rendered":"<p class=\"\" data-start=\"171\" data-end=\"438\">Unser <em data-start=\"197\" data-end=\"211\">Lippenbalsam<\/em> ist dein nat\u00fcrlicher Begleiter bei trockenen, rissigen Lippen. Die Kombination aus n\u00e4hrendem Mandel\u00f6l, sch\u00fctzendem Bienenwachs und beruhigendem Lavendel\u00f6l sorgt f\u00fcr geschmeidig-zarte Lippen \u2013 ganz ohne k\u00fcnstliche Zusatzstoffe.<\/p>\n<p class=\"\" data-start=\"440\" data-end=\"651\"><strong data-start=\"440\" data-end=\"453\">Vorteile:<\/strong><br data-start=\"453\" data-end=\"456\" \/>\u2022 Pflegt intensiv &amp; sch\u00fctzt langanhaltend<br data-start=\"497\" data-end=\"500\" \/>\u2022 Ideal bei spr\u00f6den, gereizten Lippen<br data-start=\"537\" data-end=\"540\" \/>\u2022 Mit zartem Lavendelduft \u2013 beruhigend &amp; entspannend<br data-start=\"592\" data-end=\"595\" \/>\u2022 Besonders gut vertr\u00e4glich \u2013 auch f\u00fcr empfindliche Haut<\/p>\n<p class=\"\" data-start=\"653\" data-end=\"790\"><strong data-start=\"653\" data-end=\"667\">Anwendung:<\/strong><br data-start=\"667\" data-end=\"670\" \/>Mit dem Finger eine kleine Menge entnehmen und sanft auf die Lippen auftragen. Nach Bedarf mehrmals t\u00e4glich wiederholen.<\/p>\n<p class=\"\" data-start=\"792\" data-end=\"989\"><strong data-start=\"792\" data-end=\"820\">Inhaltsstoffe (Deutsch):<\/strong><br data-start=\"820\" data-end=\"823\" \/>Sonnenblumen\u00f6l*, Ringelblumen\u00f6l*, Mandel\u00f6l*, Bienenwachs*, Vitamin E, \u00e4therisches Lavendel\u00f6l*, \u00e4therisches Mandarinen\u00f6l*<br data-start=\"943\" data-end=\"946\" \/>*aus kontrolliert biologischem Anbau (Bio)<\/p>\n","protected":false},"excerpt":{"rendered":"<p>Unser <em data-start=\"197\" data-end=\"211\">Lippenbalsam<\/em> ist dein nat\u00fcrlicher Begleiter bei trockenen, rissigen Lippen. Die Kombination aus n\u00e4hrendem Mandel\u00f6l, sch\u00fctzendem Bienenwachs und beruhigendem Lavendel\u00f6l sorgt f\u00fcr geschmeidig-zarte Lippen \u2013 ganz ohne k\u00fcnstliche Zusatzstoffe.<\/p>\n","protected":false},"featured_media":1198,"template":"","meta":{"_acf_changed":false},"product_brand":[],"product_cat":[18],"product_tag":[],"class_list":{"0":"post-1197","1":"product","2":"type-product","3":"status-publish","4":"has-post-thumbnail","6":"product_cat-uncategorised","8":"first","9":"instock","10":"taxable","11":"shipping-taxable","12":"purchasable","13":"product-type-simple"},"acf":[],"_links":{"self":[{"href":"https:\/\/www.regionalis.shop\/schau-auf-di-handgeruehrte-biokosmetik\/wp-json\/wp\/v2\/product\/1197","targetHints":{"allow":["GET"]}}],"collection":[{"href":"https:\/\/www.regionalis.shop\/schau-auf-di-handgeruehrte-biokosmetik\/wp-json\/wp\/v2\/product"}],"about":[{"href":"https:\/\/www.regionalis.shop\/schau-auf-di-handgeruehrte-biokosmetik\/wp-json\/wp\/v2\/types\/product"}],"wp:featuredmedia":[{"embeddable":true,"href":"https:\/\/www.regionalis.shop\/schau-auf-di-handgeruehrte-biokosmetik\/wp-json\/wp\/v2\/media\/1198"}],"wp:attachment":[{"href":"https:\/\/www.regionalis.shop\/schau-auf-di-handgeruehrte-biokosmetik\/wp-json\/wp\/v2\/media?parent=1197"}],"wp:term":[{"taxonomy":"product_brand","embeddable":true,"href":"https:\/\/www.regionalis.shop\/schau-auf-di-handgeruehrte-biokosmetik\/wp-json\/wp\/v2\/product_brand?post=1197"},{"taxonomy":"product_cat","embeddable":true,"href":"https:\/\/www.regionalis.shop\/schau-auf-di-handgeruehrte-biokosmetik\/wp-json\/wp\/v2\/product_cat?post=1197"},{"taxonomy":"product_tag","embeddable":true,"href":"https:\/\/www.regionalis.shop\/schau-auf-di-handgeruehrte-biokosmetik\/wp-json\/wp\/v2\/product_tag?post=1197"}],"curies":[{"name":"wp","href":"https:\/\/api.w.org\/{rel}","templated":true}]}}