{"id":1200,"date":"2025-11-10T18:07:09","date_gmt":"2025-11-10T17:07:09","guid":{"rendered":"https:\/\/www.regionalis.shop\/schau-auf-di-handgeruehrte-biokosmetik\/?post_type=product&#038;p=1200"},"modified":"2025-11-10T18:07:09","modified_gmt":"2025-11-10T17:07:09","slug":"lippenpflegeoel-bio","status":"publish","type":"product","link":"https:\/\/www.regionalis.shop\/schau-auf-di-handgeruehrte-biokosmetik\/shop\/lippenpflegeoel-bio\/","title":{"rendered":"Lippenpflege\u00f6l BIO"},"content":{"rendered":"<p class=\"\" data-start=\"177\" data-end=\"549\">Unser <em data-start=\"203\" data-end=\"219\">Lippenpflege\u00f6l<\/em> ist die zarteste Art, deine Lippen zu pflegen. Mit wertvollem Mandel\u00f6l, Aloe Vera \u00d6l, Jojoba\u00f6l und regenerierendem Sanddornfruchtfleisch\u00f6l versorgt es die Lippen intensiv mit Feuchtigkeit und sch\u00fctzt sie nachhaltig vor dem Austrocknen. Der praktische Roll-on sorgt f\u00fcr ein sauberes und angenehmes Auftragen \u2013 ideal f\u00fcr unterwegs.<\/p>\n<p class=\"\" data-start=\"551\" data-end=\"726\"><strong data-start=\"551\" data-end=\"564\">Vorteile:<\/strong><br data-start=\"564\" data-end=\"567\" \/>\u2022 Pflegt &amp; sch\u00fctzt spr\u00f6de Lippen<br data-start=\"599\" data-end=\"602\" \/>\u2022 Spendet intensive Feuchtigkeit<br data-start=\"634\" data-end=\"637\" \/>\u2022 Ohne \u00e4therische \u00d6le \u2013 besonders sanft<br data-start=\"676\" data-end=\"679\" \/>\u2022 Praktischer Roll-on f\u00fcr hygienische Anwendung<\/p>\n<p class=\"\" data-start=\"728\" data-end=\"833\"><strong data-start=\"728\" data-end=\"742\">Anwendung:<\/strong><br data-start=\"742\" data-end=\"745\" \/>Mit dem Roll-on direkt auf die Lippen auftragen. Nach Bedarf mehrmals t\u00e4glich verwenden.<\/p>\n<p class=\"\" data-start=\"835\" data-end=\"984\"><strong data-start=\"835\" data-end=\"863\">Inhaltsstoffe (Deutsch):<\/strong><br data-start=\"863\" data-end=\"866\" \/>Mandel\u00f6l*, Aloe Vera \u00d6l*, Jojoba\u00f6l*, Sanddornfruchtfleisch\u00f6l*, Vitamin E<br data-start=\"938\" data-end=\"941\" \/>*aus kontrolliert biologischem Anbau (Bio)<\/p>\n","protected":false},"excerpt":{"rendered":"<p>Unser <em data-start=\"203\" data-end=\"219\">Lippenpflege\u00f6l<\/em> ist die zarteste Art, deine Lippen zu pflegen. Mit wertvollem Mandel\u00f6l, Aloe Vera \u00d6l, Jojoba\u00f6l und regenerierendem Sanddornfruchtfleisch\u00f6l versorgt es die Lippen intensiv mit Feuchtigkeit und sch\u00fctzt sie nachhaltig vor dem Austrocknen. Der praktische Roll-on sorgt f\u00fcr ein sauberes und angenehmes Auftragen \u2013 ideal f\u00fcr unterwegs.<\/p>\n","protected":false},"featured_media":0,"template":"","meta":{"_acf_changed":false},"product_brand":[],"product_cat":[18],"product_tag":[],"class_list":{"0":"post-1200","1":"product","2":"type-product","3":"status-publish","5":"product_cat-uncategorised","7":"first","8":"instock","9":"taxable","10":"shipping-taxable","11":"purchasable","12":"product-type-simple"},"acf":[],"_links":{"self":[{"href":"https:\/\/www.regionalis.shop\/schau-auf-di-handgeruehrte-biokosmetik\/wp-json\/wp\/v2\/product\/1200","targetHints":{"allow":["GET"]}}],"collection":[{"href":"https:\/\/www.regionalis.shop\/schau-auf-di-handgeruehrte-biokosmetik\/wp-json\/wp\/v2\/product"}],"about":[{"href":"https:\/\/www.regionalis.shop\/schau-auf-di-handgeruehrte-biokosmetik\/wp-json\/wp\/v2\/types\/product"}],"wp:attachment":[{"href":"https:\/\/www.regionalis.shop\/schau-auf-di-handgeruehrte-biokosmetik\/wp-json\/wp\/v2\/media?parent=1200"}],"wp:term":[{"taxonomy":"product_brand","embeddable":true,"href":"https:\/\/www.regionalis.shop\/schau-auf-di-handgeruehrte-biokosmetik\/wp-json\/wp\/v2\/product_brand?post=1200"},{"taxonomy":"product_cat","embeddable":true,"href":"https:\/\/www.regionalis.shop\/schau-auf-di-handgeruehrte-biokosmetik\/wp-json\/wp\/v2\/product_cat?post=1200"},{"taxonomy":"product_tag","embeddable":true,"href":"https:\/\/www.regionalis.shop\/schau-auf-di-handgeruehrte-biokosmetik\/wp-json\/wp\/v2\/product_tag?post=1200"}],"curies":[{"name":"wp","href":"https:\/\/api.w.org\/{rel}","templated":true}]}}