{"id":1057,"date":"2025-04-28T04:02:42","date_gmt":"2025-04-28T02:02:42","guid":{"rendered":"https:\/\/www.regionalis.shop\/scheinheilig\/product\/servietten-aus-bioleinen\/"},"modified":"2025-04-28T04:02:42","modified_gmt":"2025-04-28T02:02:42","slug":"servietten-aus-bioleinen","status":"publish","type":"product","link":"https:\/\/www.regionalis.shop\/scheinheilig\/shop\/servietten-aus-bioleinen\/","title":{"rendered":"Servietten aus Bioleinen"},"content":{"rendered":"<p>Servietten aus Leinen runden nicht nur optisch perfekt gedeckte Tische auf, sie reduzieren sogleich auch unn\u00f6tigen M\u00fcll.<br \/>\nDas Set besteht aus 2 St\u00fcck.<\/p>\n<p> Servietten aus 100% \u00f6sterreichischem Bio-Leinen, handgefertigt in der Steiermark.<\/p>\n<p>Ma\u00dfe: Breite: 40cm H\u00f6he: 40cm<\/p>\n<p>Die Geschirrt\u00fccher bestehen aus folgenden Materialien:<\/p>\n<p>    100% Bio-Leinen aus \u00f6sterreichischer Produktion<br \/>\n    N\u00e4hgarn aus Bio-Baumwolle<br \/>\n    Labels aus Bio-Baumwolle<\/p>\n<p>Die Servietten k\u00f6nnen auf Anfrage auch mit einem Monogramm bestickt werden.<\/p>\n<p>Vor dem Gebrauch waschen.<br \/>\nMaschinenw\u00e4sche bei 60 \u00b0C.<\/p>\n","protected":false},"excerpt":{"rendered":"<p>Servietten aus Leinen runden nicht nur optisch perfekt gedeckte Tische auf, sie reduzieren sogleich auch unn\u00f6tigen M\u00fcll. Das Set besteht aus 2 St\u00fcck. Servietten aus 100% \u00f6sterreichischem Bio-Leinen, handgefertigt in der Steiermark. Ma\u00dfe: Breite: 40cm H\u00f6he: 40cm Die Geschirrt\u00fccher bestehen aus folgenden Materialien: 100% Bio-Leinen aus \u00f6sterreichischer Produktion N\u00e4hgarn aus Bio-Baumwolle Labels aus Bio-Baumwolle Die &hellip; <a href=\"https:\/\/www.regionalis.shop\/scheinheilig\/shop\/servietten-aus-bioleinen\/\">Continued<\/a><\/p>\n","protected":false},"featured_media":1058,"template":"","meta":{"_acf_changed":false},"product_brand":[],"product_cat":[160,103],"product_tag":[],"class_list":{"0":"post-1057","1":"product","2":"type-product","3":"status-publish","4":"has-post-thumbnail","6":"product_cat-nachhaltiger-haushalt","7":"product_cat-wohnen-deko","9":"first","10":"instock","11":"purchasable","12":"product-type-simple"},"acf":[],"_links":{"self":[{"href":"https:\/\/www.regionalis.shop\/scheinheilig\/wp-json\/wp\/v2\/product\/1057","targetHints":{"allow":["GET"]}}],"collection":[{"href":"https:\/\/www.regionalis.shop\/scheinheilig\/wp-json\/wp\/v2\/product"}],"about":[{"href":"https:\/\/www.regionalis.shop\/scheinheilig\/wp-json\/wp\/v2\/types\/product"}],"wp:featuredmedia":[{"embeddable":true,"href":"https:\/\/www.regionalis.shop\/scheinheilig\/wp-json\/wp\/v2\/media\/1058"}],"wp:attachment":[{"href":"https:\/\/www.regionalis.shop\/scheinheilig\/wp-json\/wp\/v2\/media?parent=1057"}],"wp:term":[{"taxonomy":"product_brand","embeddable":true,"href":"https:\/\/www.regionalis.shop\/scheinheilig\/wp-json\/wp\/v2\/product_brand?post=1057"},{"taxonomy":"product_cat","embeddable":true,"href":"https:\/\/www.regionalis.shop\/scheinheilig\/wp-json\/wp\/v2\/product_cat?post=1057"},{"taxonomy":"product_tag","embeddable":true,"href":"https:\/\/www.regionalis.shop\/scheinheilig\/wp-json\/wp\/v2\/product_tag?post=1057"}],"curies":[{"name":"wp","href":"https:\/\/api.w.org\/{rel}","templated":true}]}}