{"id":1060,"date":"2025-04-28T04:02:42","date_gmt":"2025-04-28T02:02:42","guid":{"rendered":"https:\/\/www.regionalis.shop\/scheinheilig\/product\/geschirrtuecher-aus-bio-leinen\/"},"modified":"2025-04-28T04:02:42","modified_gmt":"2025-04-28T02:02:42","slug":"geschirrtuecher-aus-bio-leinen","status":"publish","type":"product","link":"https:\/\/www.regionalis.shop\/scheinheilig\/shop\/geschirrtuecher-aus-bio-leinen\/","title":{"rendered":"Geschirrt\u00fccher aus Bio Leinen"},"content":{"rendered":"<p>Die Geschirrt\u00fccher aus Reinleinen sind sehr saugf\u00e4hig, trocknen schnell und hinterlassen keine Flusen oder Streifen.<br \/>\nDas Set besteht aus 2 St\u00fcck.<\/p>\n<p>Geschirrt\u00fccher aus 100% \u00f6sterreichischem Bio-Leinen, handgefertigt in der Steiermark.<\/p>\n<p>Ma\u00dfe: Breite: 50cm H\u00f6he: 60cm<\/p>\n<p>Die Geschirrt\u00fccher bestehen aus folgenden Materialien:<\/p>\n<p>    100% Bio-Leinen aus \u00f6sterreichischer Produktion<br \/>\n    N\u00e4hgarn aus Bio-Baumwolle<br \/>\n    Labels aus Bio-Baumwolle<\/p>\n<p>Vor dem Gebrauch waschen.<br \/>\nMaschinenw\u00e4sche bei 60 \u00b0C.<\/p>\n","protected":false},"excerpt":{"rendered":"<p>Die Geschirrt\u00fccher aus Reinleinen sind sehr saugf\u00e4hig, trocknen schnell und hinterlassen keine Flusen oder Streifen. Das Set besteht aus 2 St\u00fcck. Geschirrt\u00fccher aus 100% \u00f6sterreichischem Bio-Leinen, handgefertigt in der Steiermark. Ma\u00dfe: Breite: 50cm H\u00f6he: 60cm Die Geschirrt\u00fccher bestehen aus folgenden Materialien: 100% Bio-Leinen aus \u00f6sterreichischer Produktion N\u00e4hgarn aus Bio-Baumwolle Labels aus Bio-Baumwolle Vor dem Gebrauch &hellip; <a href=\"https:\/\/www.regionalis.shop\/scheinheilig\/shop\/geschirrtuecher-aus-bio-leinen\/\">Continued<\/a><\/p>\n","protected":false},"featured_media":1061,"template":"","meta":{"_acf_changed":false},"product_brand":[],"product_cat":[160,103],"product_tag":[],"class_list":{"0":"post-1060","1":"product","2":"type-product","3":"status-publish","4":"has-post-thumbnail","6":"product_cat-nachhaltiger-haushalt","7":"product_cat-wohnen-deko","9":"first","10":"instock","11":"purchasable","12":"product-type-simple"},"acf":[],"_links":{"self":[{"href":"https:\/\/www.regionalis.shop\/scheinheilig\/wp-json\/wp\/v2\/product\/1060","targetHints":{"allow":["GET"]}}],"collection":[{"href":"https:\/\/www.regionalis.shop\/scheinheilig\/wp-json\/wp\/v2\/product"}],"about":[{"href":"https:\/\/www.regionalis.shop\/scheinheilig\/wp-json\/wp\/v2\/types\/product"}],"wp:featuredmedia":[{"embeddable":true,"href":"https:\/\/www.regionalis.shop\/scheinheilig\/wp-json\/wp\/v2\/media\/1061"}],"wp:attachment":[{"href":"https:\/\/www.regionalis.shop\/scheinheilig\/wp-json\/wp\/v2\/media?parent=1060"}],"wp:term":[{"taxonomy":"product_brand","embeddable":true,"href":"https:\/\/www.regionalis.shop\/scheinheilig\/wp-json\/wp\/v2\/product_brand?post=1060"},{"taxonomy":"product_cat","embeddable":true,"href":"https:\/\/www.regionalis.shop\/scheinheilig\/wp-json\/wp\/v2\/product_cat?post=1060"},{"taxonomy":"product_tag","embeddable":true,"href":"https:\/\/www.regionalis.shop\/scheinheilig\/wp-json\/wp\/v2\/product_tag?post=1060"}],"curies":[{"name":"wp","href":"https:\/\/api.w.org\/{rel}","templated":true}]}}