{"id":1070,"date":"2025-04-28T04:02:42","date_gmt":"2025-04-28T02:02:42","guid":{"rendered":"https:\/\/www.regionalis.shop\/scheinheilig\/product\/scrunchie-mit-schleife-aus-bio-leinen\/"},"modified":"2025-04-28T04:02:42","modified_gmt":"2025-04-28T02:02:42","slug":"scrunchie-mit-schleife-aus-bio-leinen","status":"publish","type":"product","link":"https:\/\/www.regionalis.shop\/scheinheilig\/shop\/scrunchie-mit-schleife-aus-bio-leinen\/","title":{"rendered":"Scrunchie mit Schleife aus Bio Leinen"},"content":{"rendered":"<p>Haargummi aus 100% \u00f6sterreichischem Bio-Leinen und Gummiband aus Naturkautschuk mit Bindeb\u00e4ndern.<\/p>\n<p>Ma\u00dfe: Bindeb\u00e4nder \u00e1 ca 36cm.<\/p>\n<p>100% PLASTIKFREI<\/p>\n<p>Zu 100% aus zertifizierten und fair in Europa produzierten, veganen Bio-Materialien.<\/p>\n<p>    Bio-Leinen aus \u00f6sterreichischer Produktion<br \/>\n    N\u00e4hgarn aus Bio-Baumwolle<br \/>\n    Labels aus Bio-Baumwolle<br \/>\n    Gummiband aus Bio-Baumwolle und Naturkautschuk<\/p>\n","protected":false},"excerpt":{"rendered":"<p>Haargummi aus 100% \u00f6sterreichischem Bio-Leinen und Gummiband aus Naturkautschuk mit Bindeb\u00e4ndern. Ma\u00dfe: Bindeb\u00e4nder \u00e1 ca 36cm. 100% PLASTIKFREI Zu 100% aus zertifizierten und fair in Europa produzierten, veganen Bio-Materialien. Bio-Leinen aus \u00f6sterreichischer Produktion N\u00e4hgarn aus Bio-Baumwolle Labels aus Bio-Baumwolle Gummiband aus Bio-Baumwolle und Naturkautschuk<\/p>\n","protected":false},"featured_media":1071,"template":"","meta":{"_acf_changed":false},"product_brand":[],"product_cat":[37,43],"product_tag":[],"class_list":{"0":"post-1070","1":"product","2":"type-product","3":"status-publish","4":"has-post-thumbnail","6":"product_cat-accessoires","7":"product_cat-haaraccessoires","9":"first","10":"instock","11":"purchasable","12":"product-type-simple"},"acf":[],"_links":{"self":[{"href":"https:\/\/www.regionalis.shop\/scheinheilig\/wp-json\/wp\/v2\/product\/1070","targetHints":{"allow":["GET"]}}],"collection":[{"href":"https:\/\/www.regionalis.shop\/scheinheilig\/wp-json\/wp\/v2\/product"}],"about":[{"href":"https:\/\/www.regionalis.shop\/scheinheilig\/wp-json\/wp\/v2\/types\/product"}],"wp:featuredmedia":[{"embeddable":true,"href":"https:\/\/www.regionalis.shop\/scheinheilig\/wp-json\/wp\/v2\/media\/1071"}],"wp:attachment":[{"href":"https:\/\/www.regionalis.shop\/scheinheilig\/wp-json\/wp\/v2\/media?parent=1070"}],"wp:term":[{"taxonomy":"product_brand","embeddable":true,"href":"https:\/\/www.regionalis.shop\/scheinheilig\/wp-json\/wp\/v2\/product_brand?post=1070"},{"taxonomy":"product_cat","embeddable":true,"href":"https:\/\/www.regionalis.shop\/scheinheilig\/wp-json\/wp\/v2\/product_cat?post=1070"},{"taxonomy":"product_tag","embeddable":true,"href":"https:\/\/www.regionalis.shop\/scheinheilig\/wp-json\/wp\/v2\/product_tag?post=1070"}],"curies":[{"name":"wp","href":"https:\/\/api.w.org\/{rel}","templated":true}]}}