{"id":1079,"date":"2025-04-18T01:52:12","date_gmt":"2025-04-17T23:52:12","guid":{"rendered":"https:\/\/www.regionalis.shop\/scheinheilig\/product\/scrunchie-aus-bio-leinen-groesse-s\/"},"modified":"2025-04-18T01:52:12","modified_gmt":"2025-04-17T23:52:12","slug":"scrunchie-aus-bio-leinen-groesse-s","status":"publish","type":"product","link":"https:\/\/www.regionalis.shop\/scheinheilig\/shop\/scrunchie-aus-bio-leinen-groesse-s\/","title":{"rendered":"Scrunchie aus Bio Leinen Gr\u00f6\u00dfe S"},"content":{"rendered":"<p>Haargummi aus 100% \u00f6sterreichischem Bio-Leinen und Gummiband aus Naturkautschuk.<\/p>\n<p>100% PLASTIKFREI<\/p>\n<p>Zu 100% aus zertifizierten und fair in Europa produzierten, veganen Bio-Materialien.<\/p>\n<p>    Bio-Leinen aus \u00f6sterreichischer Produktion<br \/>\n    N\u00e4hgarn aus Bio-Baumwolle<br \/>\n    Labels aus Bio-Baumwolle<br \/>\n    Gummiband aus Bio-Baumwolle und Naturkautschuk<\/p>\n","protected":false},"excerpt":{"rendered":"<p>Haargummi aus 100% \u00f6sterreichischem Bio-Leinen und Gummiband aus Naturkautschuk. 100% PLASTIKFREI Zu 100% aus zertifizierten und fair in Europa produzierten, veganen Bio-Materialien. Bio-Leinen aus \u00f6sterreichischer Produktion N\u00e4hgarn aus Bio-Baumwolle Labels aus Bio-Baumwolle Gummiband aus Bio-Baumwolle und Naturkautschuk<\/p>\n","protected":false},"featured_media":1080,"template":"","meta":{"_acf_changed":false},"product_brand":[],"product_cat":[37,43],"product_tag":[],"class_list":{"0":"post-1079","1":"product","2":"type-product","3":"status-publish","4":"has-post-thumbnail","6":"product_cat-accessoires","7":"product_cat-haaraccessoires","9":"first","10":"instock","11":"purchasable","12":"product-type-simple"},"acf":[],"_links":{"self":[{"href":"https:\/\/www.regionalis.shop\/scheinheilig\/wp-json\/wp\/v2\/product\/1079","targetHints":{"allow":["GET"]}}],"collection":[{"href":"https:\/\/www.regionalis.shop\/scheinheilig\/wp-json\/wp\/v2\/product"}],"about":[{"href":"https:\/\/www.regionalis.shop\/scheinheilig\/wp-json\/wp\/v2\/types\/product"}],"wp:featuredmedia":[{"embeddable":true,"href":"https:\/\/www.regionalis.shop\/scheinheilig\/wp-json\/wp\/v2\/media\/1080"}],"wp:attachment":[{"href":"https:\/\/www.regionalis.shop\/scheinheilig\/wp-json\/wp\/v2\/media?parent=1079"}],"wp:term":[{"taxonomy":"product_brand","embeddable":true,"href":"https:\/\/www.regionalis.shop\/scheinheilig\/wp-json\/wp\/v2\/product_brand?post=1079"},{"taxonomy":"product_cat","embeddable":true,"href":"https:\/\/www.regionalis.shop\/scheinheilig\/wp-json\/wp\/v2\/product_cat?post=1079"},{"taxonomy":"product_tag","embeddable":true,"href":"https:\/\/www.regionalis.shop\/scheinheilig\/wp-json\/wp\/v2\/product_tag?post=1079"}],"curies":[{"name":"wp","href":"https:\/\/api.w.org\/{rel}","templated":true}]}}