{"id":46,"date":"2024-02-22T07:53:08","date_gmt":"2024-02-22T07:53:08","guid":{"rendered":"https:\/\/stage.shop-it.at\/basket\/"},"modified":"2025-05-21T21:59:52","modified_gmt":"2025-05-21T19:59:52","slug":"warenkorb","status":"publish","type":"page","link":"https:\/\/www.regionalis.shop\/sengers\/warenkorb\/","title":{"rendered":"Warenkorb"},"content":{"rendered":"\n<div data-block-name=\"woocommerce\/cart\" class=\"wp-block-woocommerce-cart alignwide is-loading\">\n<div data-block-name=\"woocommerce\/filled-cart-block\" class=\"wp-block-woocommerce-filled-cart-block\">\n<div data-block-name=\"woocommerce\/cart-items-block\" class=\"wp-block-woocommerce-cart-items-block\">\n<div data-block-name=\"woocommerce\/cart-line-items-block\" class=\"wp-block-woocommerce-cart-line-items-block\"><\/div>\n<\/div>\n\n\n\n<div data-block-name=\"woocommerce\/cart-totals-block\" class=\"wp-block-woocommerce-cart-totals-block\">\n<div data-block-name=\"woocommerce\/cart-order-summary-block\" class=\"wp-block-woocommerce-cart-order-summary-block\">\n<div data-block-name=\"woocommerce\/cart-order-summary-heading-block\" data-content=\"Basket totals\" class=\"wp-block-woocommerce-cart-order-summary-heading-block\"><\/div>\n\n\n\n<div data-block-name=\"woocommerce\/cart-order-summary-coupon-form-block\" class=\"wp-block-woocommerce-cart-order-summary-coupon-form-block\"><\/div>\n\n\n\n<div data-block-name=\"woocommerce\/cart-order-summary-totals-block\" class=\"wp-block-woocommerce-cart-order-summary-totals-block\">\n<div data-block-name=\"woocommerce\/cart-order-summary-subtotal-block\" class=\"wp-block-woocommerce-cart-order-summary-subtotal-block\"><\/div>\n\n\n\n<div data-block-name=\"woocommerce\/cart-order-summary-fee-block\" class=\"wp-block-woocommerce-cart-order-summary-fee-block\"><\/div>\n\n\n\n<div data-block-name=\"woocommerce\/cart-order-summary-discount-block\" class=\"wp-block-woocommerce-cart-order-summary-discount-block\"><\/div>\n\n\n\n<div data-block-name=\"woocommerce\/cart-order-summary-shipping-block\" class=\"wp-block-woocommerce-cart-order-summary-shipping-block\"><\/div>\n\n\n\n<div data-block-name=\"woocommerce\/cart-order-summary-taxes-block\" class=\"wp-block-woocommerce-cart-order-summary-taxes-block\"><\/div>\n<\/div>\n<\/div>\n\n\n\n<div data-block-name=\"woocommerce\/cart-express-payment-block\" class=\"wp-block-woocommerce-cart-express-payment-block\"><\/div>\n\n\n\n<div data-block-name=\"woocommerce\/proceed-to-checkout-block\" class=\"wp-block-woocommerce-proceed-to-checkout-block\"><\/div>\n\n\n\n<div data-block-name=\"woocommerce\/cart-accepted-payment-methods-block\" class=\"wp-block-woocommerce-cart-accepted-payment-methods-block\"><\/div>\n<\/div>\n<\/div>\n\n\n\n<div data-block-name=\"woocommerce\/empty-cart-block\" class=\"wp-block-woocommerce-empty-cart-block\">\n<h2 class=\"wp-block-heading has-text-align-center with-empty-cart-icon wc-block-cart__empty-cart__title\">Your basket is currently empty!<\/h2>\n\n\n\n<hr class=\"wp-block-separator has-alpha-channel-opacity is-style-dots\"\/>\n\n\n\n<h2 class=\"wp-block-heading has-text-align-center\">New in store<\/h2>\n\n\n<div data-block-name=\"woocommerce\/product-new\" data-columns=\"4\" data-rows=\"1\" class=\"wc-block-grid wp-block-product-new wp-block-woocommerce-product-new wc-block-product-new has-4-columns\"><ul class=\"wc-block-grid__products\"><li class=\"wc-block-grid__product\">\n\t\t\t\t<a href=\"https:\/\/www.regionalis.shop\/sengers\/shop\/sengers-tee-im-glas-lady-star-deluxe-bio-schwarzer-tee\/\" class=\"wc-block-grid__product-link\">\n\t\t\t\t\t\n\t\t\t\t\t<div class=\"wc-block-grid__product-image\"><img loading=\"lazy\" decoding=\"async\" width=\"300\" height=\"300\" src=\"https:\/\/www.regionalis.shop\/app\/uploads\/sites\/540\/240_2018_07_18_10_51_01_398810607-300x300.jpg\" class=\"attachment-woocommerce_thumbnail size-woocommerce_thumbnail\" alt=\"Sengers Tee im Glas &quot;Lady Star Deluxe BIO&quot; Schwarzer Tee\" srcset=\"https:\/\/www.regionalis.shop\/app\/uploads\/sites\/540\/240_2018_07_18_10_51_01_398810607-300x300.jpg 300w, https:\/\/www.regionalis.shop\/app\/uploads\/sites\/540\/240_2018_07_18_10_51_01_398810607-150x150.jpg 150w, https:\/\/www.regionalis.shop\/app\/uploads\/sites\/540\/240_2018_07_18_10_51_01_398810607-100x100.jpg 100w, https:\/\/www.regionalis.shop\/app\/uploads\/sites\/540\/240_2018_07_18_10_51_01_398810607.jpg 420w\" sizes=\"auto, (max-width: 300px) 100vw, 300px\" \/><\/div>\n\t\t\t\t\t<div class=\"wc-block-grid__product-title\">Sengers Tee im Glas &#8222;Lady Star Deluxe BIO&#8220; Schwarzer Tee<\/div>\n\t\t\t\t<\/a>\n\t\t\t\t<div class=\"wc-block-grid__product-price price\"><span class=\"woocommerce-Price-amount amount\">10,90&nbsp;<span class=\"woocommerce-Price-currencySymbol\">&euro;<\/span><\/span><\/div>\n\t\t\t\t\n\t\t\t\t<div class=\"wp-block-button wc-block-grid__product-add-to-cart\"><a href=\"\/sengers\/wp-json\/wp\/v2\/pages\/46?add-to-cart=1054\" aria-label=\"In den Warenkorb legen: \u201eSengers Tee im Glas &quot;Lady Star Deluxe BIO&quot; Schwarzer Tee\u201c\" data-quantity=\"1\" data-product_id=\"1054\" data-product_sku=\"sengers-tee-im-glas-&quot;lady-star-deluxe-bio&quot;-schwarzer-tee-1252\" data-price=\"10.9\" rel=\"nofollow\" class=\"wp-block-button__link  add_to_cart_button ajax_add_to_cart\">In den Warenkorb<\/a><\/div>\n\t\t\t<\/li><li class=\"wc-block-grid__product\">\n\t\t\t\t<a href=\"https:\/\/www.regionalis.shop\/sengers\/shop\/sengers-reines-steirisches-kuerbiskernoel-100-kernoel-aus-der-steiermark-2-x-500ml\/\" class=\"wc-block-grid__product-link\">\n\t\t\t\t\t\n\t\t\t\t\t<div class=\"wc-block-grid__product-image\"><img loading=\"lazy\" decoding=\"async\" width=\"300\" height=\"300\" src=\"https:\/\/www.regionalis.shop\/app\/uploads\/sites\/540\/240_2021_07_21_15_08_04_521640695-300x300.jpg\" class=\"attachment-woocommerce_thumbnail size-woocommerce_thumbnail\" alt=\"Sengers reines steirisches K\u00fcrbiskern\u00f6l 100% Kern\u00f6l aus der Steiermark 2 x 500ml\" srcset=\"https:\/\/www.regionalis.shop\/app\/uploads\/sites\/540\/240_2021_07_21_15_08_04_521640695-300x300.jpg 300w, https:\/\/www.regionalis.shop\/app\/uploads\/sites\/540\/240_2021_07_21_15_08_04_521640695-150x150.jpg 150w, https:\/\/www.regionalis.shop\/app\/uploads\/sites\/540\/240_2021_07_21_15_08_04_521640695-100x100.jpg 100w, https:\/\/www.regionalis.shop\/app\/uploads\/sites\/540\/240_2021_07_21_15_08_04_521640695.jpg 420w\" sizes=\"auto, (max-width: 300px) 100vw, 300px\" \/><\/div>\n\t\t\t\t\t<div class=\"wc-block-grid__product-title\">Sengers reines steirisches K\u00fcrbiskern\u00f6l 100% Kern\u00f6l aus der Steiermark 2 x 500ml<\/div>\n\t\t\t\t<\/a>\n\t\t\t\t<div class=\"wc-block-grid__product-price price\"><span class=\"woocommerce-Price-amount amount\">21,90&nbsp;<span class=\"woocommerce-Price-currencySymbol\">&euro;<\/span><\/span><\/div>\n\t\t\t\t\n\t\t\t\t<div class=\"wp-block-button wc-block-grid__product-add-to-cart\"><a href=\"\/sengers\/wp-json\/wp\/v2\/pages\/46?add-to-cart=1063\" aria-label=\"In den Warenkorb legen: \u201eSengers reines steirisches K\u00fcrbiskern\u00f6l 100% Kern\u00f6l aus der Steiermark 2 x 500ml\u201c\" data-quantity=\"1\" data-product_id=\"1063\" data-product_sku=\"sengers-reines-steirisches-k\u00fcrbiskern\u00f6l-100%-kern\u00f6l-aus-der-steiermark-2-x-500ml-24444\" data-price=\"21.9\" rel=\"nofollow\" class=\"wp-block-button__link  add_to_cart_button ajax_add_to_cart\">In den Warenkorb<\/a><\/div>\n\t\t\t<\/li><li class=\"wc-block-grid__product\">\n\t\t\t\t<a href=\"https:\/\/www.regionalis.shop\/sengers\/shop\/sengers-reines-steirisches-kuerbiskernoel-100-kernoel-aus-der-steiermark-500ml\/\" class=\"wc-block-grid__product-link\">\n\t\t\t\t\t\n\t\t\t\t\t<div class=\"wc-block-grid__product-image\"><img loading=\"lazy\" decoding=\"async\" width=\"300\" height=\"300\" src=\"https:\/\/www.regionalis.shop\/app\/uploads\/sites\/540\/240_2021_07_21_14_30_50_940099255-300x300.jpg\" class=\"attachment-woocommerce_thumbnail size-woocommerce_thumbnail\" alt=\"Sengers reines steirisches K\u00fcrbiskern\u00f6l 100% Kern\u00f6l aus der Steiermark 500ml\" srcset=\"https:\/\/www.regionalis.shop\/app\/uploads\/sites\/540\/240_2021_07_21_14_30_50_940099255-300x300.jpg 300w, https:\/\/www.regionalis.shop\/app\/uploads\/sites\/540\/240_2021_07_21_14_30_50_940099255-150x150.jpg 150w, https:\/\/www.regionalis.shop\/app\/uploads\/sites\/540\/240_2021_07_21_14_30_50_940099255-100x100.jpg 100w, https:\/\/www.regionalis.shop\/app\/uploads\/sites\/540\/240_2021_07_21_14_30_50_940099255.jpg 420w\" sizes=\"auto, (max-width: 300px) 100vw, 300px\" \/><\/div>\n\t\t\t\t\t<div class=\"wc-block-grid__product-title\">Sengers reines steirisches K\u00fcrbiskern\u00f6l 100% Kern\u00f6l aus der Steiermark 500ml<\/div>\n\t\t\t\t<\/a>\n\t\t\t\t<div class=\"wc-block-grid__product-price price\"><span class=\"woocommerce-Price-amount amount\">13,90&nbsp;<span class=\"woocommerce-Price-currencySymbol\">&euro;<\/span><\/span><\/div>\n\t\t\t\t\n\t\t\t\t<div class=\"wp-block-button wc-block-grid__product-add-to-cart\"><a href=\"\/sengers\/wp-json\/wp\/v2\/pages\/46?add-to-cart=1058\" aria-label=\"In den Warenkorb legen: \u201eSengers reines steirisches K\u00fcrbiskern\u00f6l 100% Kern\u00f6l aus der Steiermark 500ml\u201c\" data-quantity=\"1\" data-product_id=\"1058\" data-product_sku=\"sengers-reines-steirisches-k\u00fcrbiskern\u00f6l-100%-kern\u00f6l-aus-der-steiermark-500ml-24443\" data-price=\"13.9\" rel=\"nofollow\" class=\"wp-block-button__link  add_to_cart_button ajax_add_to_cart\">In den Warenkorb<\/a><\/div>\n\t\t\t<\/li><\/ul><\/div><\/div>\n<\/div>\n","protected":false},"excerpt":{"rendered":"","protected":false},"author":1,"featured_media":0,"parent":0,"menu_order":0,"comment_status":"closed","ping_status":"closed","template":"template-shop-page.blade.php","meta":{"_acf_changed":false,"footnotes":""},"class_list":["post-46","page","type-page","status-publish","hentry"],"acf":[],"_links":{"self":[{"href":"https:\/\/www.regionalis.shop\/sengers\/wp-json\/wp\/v2\/pages\/46","targetHints":{"allow":["GET"]}}],"collection":[{"href":"https:\/\/www.regionalis.shop\/sengers\/wp-json\/wp\/v2\/pages"}],"about":[{"href":"https:\/\/www.regionalis.shop\/sengers\/wp-json\/wp\/v2\/types\/page"}],"author":[{"embeddable":true,"href":"https:\/\/www.regionalis.shop\/sengers\/wp-json\/wp\/v2\/users\/1"}],"replies":[{"embeddable":true,"href":"https:\/\/www.regionalis.shop\/sengers\/wp-json\/wp\/v2\/comments?post=46"}],"version-history":[{"count":3,"href":"https:\/\/www.regionalis.shop\/sengers\/wp-json\/wp\/v2\/pages\/46\/revisions"}],"predecessor-version":[{"id":861,"href":"https:\/\/www.regionalis.shop\/sengers\/wp-json\/wp\/v2\/pages\/46\/revisions\/861"}],"wp:attachment":[{"href":"https:\/\/www.regionalis.shop\/sengers\/wp-json\/wp\/v2\/media?parent=46"}],"curies":[{"name":"wp","href":"https:\/\/api.w.org\/{rel}","templated":true}]}}