{"id":862,"date":"2025-05-24T13:44:06","date_gmt":"2025-05-24T11:44:06","guid":{"rendered":"https:\/\/starter.stage.shop-it.at\/?page_id=862"},"modified":"2025-10-23T15:21:37","modified_gmt":"2025-10-23T13:21:37","slug":"startseite","status":"publish","type":"page","link":"https:\/\/www.regionalis.shop\/sengers\/","title":{"rendered":"Startseite"},"content":{"rendered":"<section>\n        <div class=\"header-image\">\n            <img decoding=\"async\" src=\"https:\/\/www.regionalis.shop\/app\/uploads\/sites\/540\/240_2021_07_21_14_59_04_658852333.jpg\" alt=\"\">\n        <\/div>\n    \n    <\/section>\n    <section>\n    <div class=\"header-title\">\n        <h1 class=\"h2\">Willkommen bei Senger&#039;s<\/h1>\n    <\/div>\n            <h2 class=\"h3\">Handgemacht in Leitring<\/h2>\n                <p>Senger\u2019s ist ein dynamisches, junges Team, das vor allem eines teilt: Die Leidenschaft zum Kochen und die Begeisterung f\u00fcr hochwertige Produkte, die das Arbeiten in der K\u00fcche zum Vergn\u00fcgen machen. Dabei stehen Gesundheit, Wohlbefinden, Spa\u00df an der Sache und der respektvolle Umgang miteinander, sowie mit den Lebensmitteln, stets im Vordergrund.<\/p>\n\n    \n    <h3>Produkte<\/h3>\n\n    <div class=\"woocommerce columns-3 \"><ul class=\"products columns-3\">\n<li class=\"product type-product post-1054 status-publish first instock product_cat-schmankerl-kulinarik product_cat-tee-kaffee has-post-thumbnail purchasable product-type-simple\">\n\t<a href=\"https:\/\/www.regionalis.shop\/sengers\/shop\/sengers-tee-im-glas-lady-star-deluxe-bio-schwarzer-tee\/\" class=\"woocommerce-LoopProduct-link woocommerce-loop-product__link\"><div class=\"wc-block-grid__product-image\"><img loading=\"lazy\" decoding=\"async\" width=\"420\" height=\"420\" src=\"https:\/\/www.regionalis.shop\/app\/uploads\/sites\/540\/240_2018_07_18_10_51_01_398810607.jpg\" class=\"attachment-large size-large\" alt=\"Sengers Tee im Glas &quot;Lady Star Deluxe BIO&quot; Schwarzer Tee\" srcset=\"https:\/\/www.regionalis.shop\/app\/uploads\/sites\/540\/240_2018_07_18_10_51_01_398810607.jpg 420w, https:\/\/www.regionalis.shop\/app\/uploads\/sites\/540\/240_2018_07_18_10_51_01_398810607-300x300.jpg 300w, https:\/\/www.regionalis.shop\/app\/uploads\/sites\/540\/240_2018_07_18_10_51_01_398810607-150x150.jpg 150w, https:\/\/www.regionalis.shop\/app\/uploads\/sites\/540\/240_2018_07_18_10_51_01_398810607-100x100.jpg 100w\" sizes=\"auto, (max-width: 420px) 100vw, 420px\" \/><\/div><h2 class=\"woocommerce-loop-product__title\">Sengers Tee im Glas &#8222;Lady Star Deluxe BIO&#8220; Schwarzer Tee<\/h2>\n\t<span class=\"price\"><span class=\"woocommerce-Price-amount amount\"><bdi>10,90&nbsp;<span class=\"woocommerce-Price-currencySymbol\">&euro;<\/span><\/bdi><\/span><\/span>\n<\/a><\/li>\n<li class=\"product type-product post-1063 status-publish instock product_cat-essig-oel product_cat-schmankerl-kulinarik has-post-thumbnail purchasable product-type-simple\">\n\t<a href=\"https:\/\/www.regionalis.shop\/sengers\/shop\/sengers-reines-steirisches-kuerbiskernoel-100-kernoel-aus-der-steiermark-2-x-500ml\/\" class=\"woocommerce-LoopProduct-link woocommerce-loop-product__link\"><div class=\"wc-block-grid__product-image\"><img loading=\"lazy\" decoding=\"async\" width=\"420\" height=\"420\" src=\"https:\/\/www.regionalis.shop\/app\/uploads\/sites\/540\/240_2021_07_21_15_08_04_521640695.jpg\" class=\"attachment-large size-large\" alt=\"Sengers reines steirisches K\u00fcrbiskern\u00f6l 100% Kern\u00f6l aus der Steiermark 2 x 500ml\" srcset=\"https:\/\/www.regionalis.shop\/app\/uploads\/sites\/540\/240_2021_07_21_15_08_04_521640695.jpg 420w, https:\/\/www.regionalis.shop\/app\/uploads\/sites\/540\/240_2021_07_21_15_08_04_521640695-300x300.jpg 300w, https:\/\/www.regionalis.shop\/app\/uploads\/sites\/540\/240_2021_07_21_15_08_04_521640695-150x150.jpg 150w, https:\/\/www.regionalis.shop\/app\/uploads\/sites\/540\/240_2021_07_21_15_08_04_521640695-100x100.jpg 100w\" sizes=\"auto, (max-width: 420px) 100vw, 420px\" \/><\/div><h2 class=\"woocommerce-loop-product__title\">Sengers reines steirisches K\u00fcrbiskern\u00f6l 100% Kern\u00f6l aus der Steiermark 2 x 500ml<\/h2>\n\t<span class=\"price\"><span class=\"woocommerce-Price-amount amount\"><bdi>21,90&nbsp;<span class=\"woocommerce-Price-currencySymbol\">&euro;<\/span><\/bdi><\/span><\/span>\n<\/a><\/li>\n<li class=\"product type-product post-1058 status-publish last instock product_cat-essig-oel product_cat-schmankerl-kulinarik has-post-thumbnail purchasable product-type-simple\">\n\t<a href=\"https:\/\/www.regionalis.shop\/sengers\/shop\/sengers-reines-steirisches-kuerbiskernoel-100-kernoel-aus-der-steiermark-500ml\/\" class=\"woocommerce-LoopProduct-link woocommerce-loop-product__link\"><div class=\"wc-block-grid__product-image\"><img loading=\"lazy\" decoding=\"async\" width=\"420\" height=\"420\" src=\"https:\/\/www.regionalis.shop\/app\/uploads\/sites\/540\/240_2021_07_21_14_30_50_940099255.jpg\" class=\"attachment-large size-large\" alt=\"Sengers reines steirisches K\u00fcrbiskern\u00f6l 100% Kern\u00f6l aus der Steiermark 500ml\" srcset=\"https:\/\/www.regionalis.shop\/app\/uploads\/sites\/540\/240_2021_07_21_14_30_50_940099255.jpg 420w, https:\/\/www.regionalis.shop\/app\/uploads\/sites\/540\/240_2021_07_21_14_30_50_940099255-300x300.jpg 300w, https:\/\/www.regionalis.shop\/app\/uploads\/sites\/540\/240_2021_07_21_14_30_50_940099255-150x150.jpg 150w, https:\/\/www.regionalis.shop\/app\/uploads\/sites\/540\/240_2021_07_21_14_30_50_940099255-100x100.jpg 100w\" sizes=\"auto, (max-width: 420px) 100vw, 420px\" \/><\/div><h2 class=\"woocommerce-loop-product__title\">Sengers reines steirisches K\u00fcrbiskern\u00f6l 100% Kern\u00f6l aus der Steiermark 500ml<\/h2>\n\t<span class=\"price\"><span class=\"woocommerce-Price-amount amount\"><bdi>13,90&nbsp;<span class=\"woocommerce-Price-currencySymbol\">&euro;<\/span><\/bdi><\/span><\/span>\n<\/a><\/li>\n<\/ul>\n<\/div>\n    <p>\n        <a href=\"https:\/\/www.regionalis.shop\/sengers\/shop\/\" class=\"btn btn-primary btn-icon-right\">\n            Alle Produkte <i class=\"bi bi-arrow-right-short\"><\/i>\n        <\/a>\n    <\/p>\n<\/section>\n\n<div data-block-name=\"woocommerce\/store-notices\" class=\"wc-block-store-notices woocommerce alignwide alignwide wp-block-woocommerce-store-notices\"><div class=\"woocommerce-notices-wrapper\"><\/div><\/div>","protected":false},"excerpt":{"rendered":"","protected":false},"author":1,"featured_media":0,"parent":0,"menu_order":0,"comment_status":"closed","ping_status":"closed","template":"template-home.blade.php","meta":{"_acf_changed":false,"footnotes":""},"class_list":["post-862","page","type-page","status-publish","hentry"],"acf":[],"_links":{"self":[{"href":"https:\/\/www.regionalis.shop\/sengers\/wp-json\/wp\/v2\/pages\/862","targetHints":{"allow":["GET"]}}],"collection":[{"href":"https:\/\/www.regionalis.shop\/sengers\/wp-json\/wp\/v2\/pages"}],"about":[{"href":"https:\/\/www.regionalis.shop\/sengers\/wp-json\/wp\/v2\/types\/page"}],"author":[{"embeddable":true,"href":"https:\/\/www.regionalis.shop\/sengers\/wp-json\/wp\/v2\/users\/1"}],"replies":[{"embeddable":true,"href":"https:\/\/www.regionalis.shop\/sengers\/wp-json\/wp\/v2\/comments?post=862"}],"version-history":[{"count":28,"href":"https:\/\/www.regionalis.shop\/sengers\/wp-json\/wp\/v2\/pages\/862\/revisions"}],"predecessor-version":[{"id":1041,"href":"https:\/\/www.regionalis.shop\/sengers\/wp-json\/wp\/v2\/pages\/862\/revisions\/1041"}],"wp:attachment":[{"href":"https:\/\/www.regionalis.shop\/sengers\/wp-json\/wp\/v2\/media?parent=862"}],"curies":[{"name":"wp","href":"https:\/\/api.w.org\/{rel}","templated":true}]}}