{"id":1054,"date":"2025-04-28T03:33:24","date_gmt":"2025-04-28T01:33:24","guid":{"rendered":"https:\/\/www.regionalis.shop\/sengers\/product\/sengers-tee-im-glas-lady-star-deluxe-bio-schwarzer-tee\/"},"modified":"2025-04-28T03:33:24","modified_gmt":"2025-04-28T01:33:24","slug":"sengers-tee-im-glas-lady-star-deluxe-bio-schwarzer-tee","status":"publish","type":"product","link":"https:\/\/www.regionalis.shop\/sengers\/shop\/sengers-tee-im-glas-lady-star-deluxe-bio-schwarzer-tee\/","title":{"rendered":"Sengers Tee im Glas &#8222;Lady Star Deluxe BIO&#8220; Schwarzer Tee"},"content":{"rendered":"<p>Vermutlich glich die Entdeckung des Schwarztees einem gl\u00fccklichen Zufall. Es hei\u00dft, dass im 16. Jahrhundert eine Partie Gr\u00fcntee bei einem Produktionsfehler durchfermentierte. Doch anstatt den Tee zu entsorgen, kosteten die Teebauern die verwelkten Bl\u00e4tter und wurden von wohlschmeckenden Aromen \u00fcberrascht. <\/p>\n<p>Seit ca. 200 Jahren wird Tee ganz bewusst fermentiert, um den aromatischeren Schwarztee zu erhalten, der sich heute weltweiter Beliebtheit erfreut. Der Fermentationsprozess wurde \u00fcber die Zeit verfeinert und es bildeten sich verschiedene Methoden und so auch verschiedene Teesorten heraus. Schwarzer Tee enth\u00e4lt Gerb- und Mineralstoffe, sowie Vitamine, \u00e4therische \u00d6le und Koffein. Letzteres wird anders als beim Kaffee langsam an den K\u00f6rper abgegeben und die Gerbstoffe wirken beruhigend auf den Magen. <\/p>\n<p>Grunds\u00e4tzlich gilt: Tee, der bis zu zwei Minuten zieht, wirkt anregend. \u00dcberschreitet die Ziehzeit f\u00fcnf Minuten, ist die Wirkung eher beruhigend. <\/p>\n<p>Schwarzer Tee &#8222;Lady Star Deluxe BIO&#8220;<br \/>\nBergamotten-Orangen-Zitronen Geschmack<\/p>\n<p>Dosierung: 13 g\/l<br \/>\nZiehdauer: 3-5 min<br \/>\nBr\u00fchtemperatur: 100\u00ba C<\/p>\n","protected":false},"excerpt":{"rendered":"<p>Vermutlich glich die Entdeckung des Schwarztees einem gl\u00fccklichen Zufall. Es hei\u00dft, dass im 16. Jahrhundert eine Partie Gr\u00fcntee bei einem Produktionsfehler durchfermentierte. Doch anstatt den Tee zu entsorgen, kosteten die Teebauern die verwelkten Bl\u00e4tter und wurden von wohlschmeckenden Aromen \u00fcberrascht. Seit ca. 200 Jahren wird Tee ganz bewusst fermentiert, um den aromatischeren Schwarztee zu erhalten, &hellip; <a href=\"https:\/\/www.regionalis.shop\/sengers\/shop\/sengers-tee-im-glas-lady-star-deluxe-bio-schwarzer-tee\/\">Continued<\/a><\/p>\n","protected":false},"featured_media":1055,"template":"","meta":{"_acf_changed":false},"product_brand":[],"product_cat":[69,97],"product_tag":[],"class_list":{"0":"post-1054","1":"product","2":"type-product","3":"status-publish","4":"has-post-thumbnail","6":"product_cat-schmankerl-kulinarik","7":"product_cat-tee-kaffee","9":"first","10":"instock","11":"purchasable","12":"product-type-simple"},"acf":[],"_links":{"self":[{"href":"https:\/\/www.regionalis.shop\/sengers\/wp-json\/wp\/v2\/product\/1054","targetHints":{"allow":["GET"]}}],"collection":[{"href":"https:\/\/www.regionalis.shop\/sengers\/wp-json\/wp\/v2\/product"}],"about":[{"href":"https:\/\/www.regionalis.shop\/sengers\/wp-json\/wp\/v2\/types\/product"}],"wp:featuredmedia":[{"embeddable":true,"href":"https:\/\/www.regionalis.shop\/sengers\/wp-json\/wp\/v2\/media\/1055"}],"wp:attachment":[{"href":"https:\/\/www.regionalis.shop\/sengers\/wp-json\/wp\/v2\/media?parent=1054"}],"wp:term":[{"taxonomy":"product_brand","embeddable":true,"href":"https:\/\/www.regionalis.shop\/sengers\/wp-json\/wp\/v2\/product_brand?post=1054"},{"taxonomy":"product_cat","embeddable":true,"href":"https:\/\/www.regionalis.shop\/sengers\/wp-json\/wp\/v2\/product_cat?post=1054"},{"taxonomy":"product_tag","embeddable":true,"href":"https:\/\/www.regionalis.shop\/sengers\/wp-json\/wp\/v2\/product_tag?post=1054"}],"curies":[{"name":"wp","href":"https:\/\/api.w.org\/{rel}","templated":true}]}}