{"id":1058,"date":"2025-04-18T03:27:53","date_gmt":"2025-04-18T01:27:53","guid":{"rendered":"https:\/\/www.regionalis.shop\/sengers\/product\/sengers-reines-steirisches-kuerbiskernoel-100-kernoel-aus-der-steiermark-500ml\/"},"modified":"2025-04-18T03:27:53","modified_gmt":"2025-04-18T01:27:53","slug":"sengers-reines-steirisches-kuerbiskernoel-100-kernoel-aus-der-steiermark-500ml","status":"publish","type":"product","link":"https:\/\/www.regionalis.shop\/sengers\/shop\/sengers-reines-steirisches-kuerbiskernoel-100-kernoel-aus-der-steiermark-500ml\/","title":{"rendered":"Sengers reines steirisches K\u00fcrbiskern\u00f6l 100% Kern\u00f6l aus der Steiermark 500ml"},"content":{"rendered":"<p>100% reines und nat\u00fcrliches Steirisches K\u00fcrbiskern\u00f6l<br \/>\nUnser K\u00fcrbiskern\u00f6l aus der Steiermark ist naturbelassen, ohne Beimengung von Fremd\u00f6len und ohne jegliche Farb-, Aroma- oder Konservierungsstoffe. Bei uns erhalten Sie 100% Reinheit und allerbeste Qualit\u00e4t. Den typischen und einzigartigen Charakter erh\u00e4lt es durch unsere B\u00f6den, auf denen der Steirische \u00d6lk\u00fcrbis w\u00e4chst. Neben dem Boden ist aber besonders auch das sonnenreiche Klima, wie im S\u00fcden und Osten \u00d6sterreichs vorzufinden, Voraussetzung f\u00fcr die Qualit\u00e4t dieses Spitzenproduktes.<\/p>\n<p>K\u00fcrbiskerne aus der Steiermark \u2013 gesund und geschmackvoll<br \/>\nOb als Snack zwischendurch oder f\u00fcr die kulinarisch hochwertige K\u00fcche \u2013 es m\u00fcssen die sch\u00f6nsten, erlesenen Kerne sein, denn sie schmecken nicht nur sehr gut, sondern sind auch noch gesund f\u00fcr den K\u00f6rper. Neben vielen wertvollen Inhaltsstoffen, Enzymen und Vitaminen liefern sie des Weiteren \u00fcber 80% unges\u00e4ttigte Fetts\u00e4uren und Phytosterine, eine Gruppe von bioaktiven Inhaltstoffen.<\/p>\n<p>Die traditionsreiche Herstellung von Senger&#8217;s K\u00fcrbiskern\u00f6l<br \/>\nF\u00fcr die Produktion unseres hochwertigen \u00d6ls sind reichlich Erfahrung und Tradition notwendig, denn nur damit wei\u00df der Pressmeister, wann die K\u00fcrbiskerne nach dem Mahlen, dem anschlie\u00dfenden Verkneten mit Salz und Wasser sowie der R\u00f6stung bereit zum Pressen sind.<br \/>\nDas traditionelle Gewinnen von Kern\u00f6l ist bei Senger&#8217;s beibehalten worden, jedoch garantieren hohe Kontrollen eine gleichbleibende Qualit\u00e4t unseres Steirischen K\u00fcrbiskern\u00f6ls.<\/p>\n<p>100% naturbelassen, perfekt in Farbe und Geschmack eignet sich unser hochwertiges K\u00fcrbiskern\u00f6l vom Gebrauch zu Hause bis zur Sternek\u00fcche bestens zum Verfeinern von Salaten und Speisen aller Art!<\/p>\n","protected":false},"excerpt":{"rendered":"<p>100% reines und nat\u00fcrliches Steirisches K\u00fcrbiskern\u00f6l Unser K\u00fcrbiskern\u00f6l aus der Steiermark ist naturbelassen, ohne Beimengung von Fremd\u00f6len und ohne jegliche Farb-, Aroma- oder Konservierungsstoffe. Bei uns erhalten Sie 100% Reinheit und allerbeste Qualit\u00e4t. Den typischen und einzigartigen Charakter erh\u00e4lt es durch unsere B\u00f6den, auf denen der Steirische \u00d6lk\u00fcrbis w\u00e4chst. Neben dem Boden ist aber besonders &hellip; <a href=\"https:\/\/www.regionalis.shop\/sengers\/shop\/sengers-reines-steirisches-kuerbiskernoel-100-kernoel-aus-der-steiermark-500ml\/\">Continued<\/a><\/p>\n","protected":false},"featured_media":1059,"template":"","meta":{"_acf_changed":false},"product_brand":[],"product_cat":[128,69],"product_tag":[],"class_list":{"0":"post-1058","1":"product","2":"type-product","3":"status-publish","4":"has-post-thumbnail","6":"product_cat-essig-oel","7":"product_cat-schmankerl-kulinarik","9":"first","10":"instock","11":"purchasable","12":"product-type-simple"},"acf":[],"_links":{"self":[{"href":"https:\/\/www.regionalis.shop\/sengers\/wp-json\/wp\/v2\/product\/1058","targetHints":{"allow":["GET"]}}],"collection":[{"href":"https:\/\/www.regionalis.shop\/sengers\/wp-json\/wp\/v2\/product"}],"about":[{"href":"https:\/\/www.regionalis.shop\/sengers\/wp-json\/wp\/v2\/types\/product"}],"wp:featuredmedia":[{"embeddable":true,"href":"https:\/\/www.regionalis.shop\/sengers\/wp-json\/wp\/v2\/media\/1059"}],"wp:attachment":[{"href":"https:\/\/www.regionalis.shop\/sengers\/wp-json\/wp\/v2\/media?parent=1058"}],"wp:term":[{"taxonomy":"product_brand","embeddable":true,"href":"https:\/\/www.regionalis.shop\/sengers\/wp-json\/wp\/v2\/product_brand?post=1058"},{"taxonomy":"product_cat","embeddable":true,"href":"https:\/\/www.regionalis.shop\/sengers\/wp-json\/wp\/v2\/product_cat?post=1058"},{"taxonomy":"product_tag","embeddable":true,"href":"https:\/\/www.regionalis.shop\/sengers\/wp-json\/wp\/v2\/product_tag?post=1058"}],"curies":[{"name":"wp","href":"https:\/\/api.w.org\/{rel}","templated":true}]}}