{"id":1042,"date":"2025-10-23T16:14:07","date_gmt":"2025-10-23T14:14:07","guid":{"rendered":"https:\/\/www.regionalis.shop\/simona-ledl-oneline-art\/?page_id=1042"},"modified":"2025-10-23T16:16:34","modified_gmt":"2025-10-23T14:16:34","slug":"impressum","status":"publish","type":"page","link":"https:\/\/www.regionalis.shop\/simona-ledl-oneline-art\/impressum\/","title":{"rendered":"Impressum"},"content":{"rendered":"<section>\n            <p>Sp\u00fcre, tr\u00e4ume, staune und tauche mit mir ein in eine Welt, in der Kunst die Seele heilt und zum Leuchten bringt. \u2728<\/p>\n<p>Die Themen Verbundenheit und innere Widerstandskraft begleiten mich k\u00fcnstlerisch, wie auch privat schon seit vielen Jahren. Die menschliche Psyche und das Wissen \u00fcber die Emotionen, die uns antreiben, faszinieren mich. Kunst zu schaffen, die sich mit eben diesen Themen besch\u00e4ftigt, erm\u00f6glicht es mir, die Verbindung zu mir selbst zu st\u00e4rken und anderen dabei zu helfen, dasselbe zu tun.<\/p>\n<p>Mit meiner Kunst m\u00f6chte ich auch dich dazu inspirieren, den Blick nach innen zu wagen, um die Verbindung zu dir selbst zu st\u00e4rken, innere Kraft zu tanken und deinen Weg im Leben zu finden.<\/p>\n<p>Kostenlosen Standardversand (nach \u00d6sterreich) bekommst du auf alle Bestellungen ab 100 EUR.<\/p>\n\n    <\/section>","protected":false},"excerpt":{"rendered":"","protected":false},"author":1,"featured_media":0,"parent":0,"menu_order":0,"comment_status":"closed","ping_status":"closed","template":"","meta":{"_acf_changed":false,"footnotes":""},"class_list":["post-1042","page","type-page","status-publish","hentry"],"acf":[],"_links":{"self":[{"href":"https:\/\/www.regionalis.shop\/simona-ledl-oneline-art\/wp-json\/wp\/v2\/pages\/1042","targetHints":{"allow":["GET"]}}],"collection":[{"href":"https:\/\/www.regionalis.shop\/simona-ledl-oneline-art\/wp-json\/wp\/v2\/pages"}],"about":[{"href":"https:\/\/www.regionalis.shop\/simona-ledl-oneline-art\/wp-json\/wp\/v2\/types\/page"}],"author":[{"embeddable":true,"href":"https:\/\/www.regionalis.shop\/simona-ledl-oneline-art\/wp-json\/wp\/v2\/users\/1"}],"replies":[{"embeddable":true,"href":"https:\/\/www.regionalis.shop\/simona-ledl-oneline-art\/wp-json\/wp\/v2\/comments?post=1042"}],"version-history":[{"count":2,"href":"https:\/\/www.regionalis.shop\/simona-ledl-oneline-art\/wp-json\/wp\/v2\/pages\/1042\/revisions"}],"predecessor-version":[{"id":1044,"href":"https:\/\/www.regionalis.shop\/simona-ledl-oneline-art\/wp-json\/wp\/v2\/pages\/1042\/revisions\/1044"}],"wp:attachment":[{"href":"https:\/\/www.regionalis.shop\/simona-ledl-oneline-art\/wp-json\/wp\/v2\/media?parent=1042"}],"curies":[{"name":"wp","href":"https:\/\/api.w.org\/{rel}","templated":true}]}}