{"id":862,"date":"2025-05-24T13:44:06","date_gmt":"2025-05-24T11:44:06","guid":{"rendered":"https:\/\/starter.stage.shop-it.at\/?page_id=862"},"modified":"2025-10-23T15:21:37","modified_gmt":"2025-10-23T13:21:37","slug":"startseite","status":"publish","type":"page","link":"https:\/\/www.regionalis.shop\/simona-ledl-oneline-art\/","title":{"rendered":"Startseite"},"content":{"rendered":"<section>\n        <div class=\"header-image\">\n            <img decoding=\"async\" src=\"https:\/\/www.regionalis.shop\/app\/uploads\/sites\/543\/Etsy-Shop-Cover1.png\" alt=\"\">\n        <\/div>\n    \n    <\/section>\n    <section>\n    <div class=\"header-title\">\n        <h1 class=\"h2\">Willkommen bei siMONA Ledl &#8211; Oneline Art<\/h1>\n    <\/div>\n            <h2 class=\"h3\">Handgemacht in Salzburg<\/h2>\n                <p>Sp\u00fcre, tr\u00e4ume, staune und tauche mit mir ein in eine Welt, in der Kunst die Seele heilt und zum Leuchten bringt. \u2728<\/p>\n<p>Die Themen Verbundenheit und innere Widerstandskraft begleiten mich k\u00fcnstlerisch, wie auch privat schon seit vielen Jahren. Die menschliche Psyche und das Wissen \u00fcber die Emotionen, die uns antreiben, faszinieren mich. Kunst zu schaffen, die sich mit eben diesen Themen besch\u00e4ftigt, erm\u00f6glicht es mir, die Verbindung zu mir selbst zu st\u00e4rken und anderen dabei zu helfen, dasselbe zu tun.<\/p>\n<p>Mit meiner Kunst m\u00f6chte ich auch dich dazu inspirieren, den Blick nach innen zu wagen, um die Verbindung zu dir selbst zu st\u00e4rken, innere Kraft zu tanken und deinen Weg im Leben zu finden.<\/p>\n<p>Kostenlosen Standardversand (nach \u00d6sterreich) bekommst du auf alle Bestellungen ab 100 EUR.<\/p>\n\n    \n    <h3>Produkte<\/h3>\n\n    <div class=\"woocommerce columns-3 \"><ul class=\"products columns-3\">\n<li class=\"product type-product post-1142 status-publish first instock product_cat-baby-kinder product_cat-kinderzimmer product_cat-kunst-fotografie product_cat-kunstdrucke product_cat-wohndekoration product_cat-wohnen-deko has-post-thumbnail purchasable product-type-simple\">\n\t<a href=\"https:\/\/www.regionalis.shop\/simona-ledl-oneline-art\/shop\/kunstdruck-spielende-elefanten\/\" class=\"woocommerce-LoopProduct-link woocommerce-loop-product__link\"><div class=\"wc-block-grid__product-image\"><img loading=\"lazy\" decoding=\"async\" width=\"700\" height=\"700\" src=\"https:\/\/www.regionalis.shop\/app\/uploads\/sites\/543\/playground-interior.jpg\" class=\"attachment-large size-large\" alt=\"Kunstdruck &quot;playground&quot;\" srcset=\"https:\/\/www.regionalis.shop\/app\/uploads\/sites\/543\/playground-interior.jpg 700w, https:\/\/www.regionalis.shop\/app\/uploads\/sites\/543\/playground-interior-300x300.jpg 300w, https:\/\/www.regionalis.shop\/app\/uploads\/sites\/543\/playground-interior-150x150.jpg 150w, https:\/\/www.regionalis.shop\/app\/uploads\/sites\/543\/playground-interior-600x600.jpg 600w, https:\/\/www.regionalis.shop\/app\/uploads\/sites\/543\/playground-interior-100x100.jpg 100w\" sizes=\"auto, (max-width: 700px) 100vw, 700px\" \/><\/div><h2 class=\"woocommerce-loop-product__title\">Kunstdruck Krafttier Elefant<\/h2>\n\t<span class=\"price\"><span class=\"woocommerce-Price-amount amount\"><bdi>30,00&nbsp;<span class=\"woocommerce-Price-currencySymbol\">&euro;<\/span><\/bdi><\/span><\/span>\n<\/a><\/li>\n<li class=\"product type-product post-1132 status-publish instock product_cat-baby-kinder product_cat-kinderzimmer product_cat-kunst-fotografie product_cat-kunstdrucke product_cat-wohndekoration product_cat-wohnen-deko has-post-thumbnail sale purchasable product-type-simple\">\n\t<a href=\"https:\/\/www.regionalis.shop\/simona-ledl-oneline-art\/shop\/kunstdruck-schaukel-liebe\/\" class=\"woocommerce-LoopProduct-link woocommerce-loop-product__link\">\n\t<span class=\"onsale\">Angebot!<\/span>\n\t<div class=\"wc-block-grid__product-image\"><img loading=\"lazy\" decoding=\"async\" width=\"700\" height=\"700\" src=\"https:\/\/www.regionalis.shop\/app\/uploads\/sites\/543\/schaukel.jpg\" class=\"attachment-large size-large\" alt=\"Kunstdruck &quot;leaning in&quot;\" srcset=\"https:\/\/www.regionalis.shop\/app\/uploads\/sites\/543\/schaukel.jpg 700w, https:\/\/www.regionalis.shop\/app\/uploads\/sites\/543\/schaukel-300x300.jpg 300w, https:\/\/www.regionalis.shop\/app\/uploads\/sites\/543\/schaukel-150x150.jpg 150w, https:\/\/www.regionalis.shop\/app\/uploads\/sites\/543\/schaukel-600x600.jpg 600w, https:\/\/www.regionalis.shop\/app\/uploads\/sites\/543\/schaukel-100x100.jpg 100w\" sizes=\"auto, (max-width: 700px) 100vw, 700px\" \/><\/div><h2 class=\"woocommerce-loop-product__title\">Kunstdruck Schaukel-Liebe<\/h2>\n\t<span class=\"price\"><del aria-hidden=\"true\"><span class=\"woocommerce-Price-amount amount\"><bdi>30,00&nbsp;<span class=\"woocommerce-Price-currencySymbol\">&euro;<\/span><\/bdi><\/span><\/del> <span class=\"screen-reader-text\">Urspr\u00fcnglicher Preis war: 30,00&nbsp;&euro;<\/span><ins aria-hidden=\"true\"><span class=\"woocommerce-Price-amount amount\"><bdi>25,00&nbsp;<span class=\"woocommerce-Price-currencySymbol\">&euro;<\/span><\/bdi><\/span><\/ins><span class=\"screen-reader-text\">Aktueller Preis ist: 25,00&nbsp;&euro;.<\/span><\/span>\n<\/a><\/li>\n<li class=\"product type-product post-1126 status-publish last instock product_cat-baby-kinder product_cat-kinderzimmer product_cat-kunst-fotografie product_cat-kunstdrucke product_cat-wohndekoration product_cat-wohnen-deko has-post-thumbnail sale purchasable product-type-simple\">\n\t<a href=\"https:\/\/www.regionalis.shop\/simona-ledl-oneline-art\/shop\/kunstdruck-herzensweisheit\/\" class=\"woocommerce-LoopProduct-link woocommerce-loop-product__link\">\n\t<span class=\"onsale\">Angebot!<\/span>\n\t<div class=\"wc-block-grid__product-image\"><img loading=\"lazy\" decoding=\"async\" width=\"700\" height=\"700\" src=\"https:\/\/www.regionalis.shop\/app\/uploads\/sites\/543\/heart-interior.jpg\" class=\"attachment-large size-large\" alt=\"Kunstdruck &quot;heart wisdom&quot;\" srcset=\"https:\/\/www.regionalis.shop\/app\/uploads\/sites\/543\/heart-interior.jpg 700w, https:\/\/www.regionalis.shop\/app\/uploads\/sites\/543\/heart-interior-300x300.jpg 300w, https:\/\/www.regionalis.shop\/app\/uploads\/sites\/543\/heart-interior-150x150.jpg 150w, https:\/\/www.regionalis.shop\/app\/uploads\/sites\/543\/heart-interior-600x600.jpg 600w, https:\/\/www.regionalis.shop\/app\/uploads\/sites\/543\/heart-interior-100x100.jpg 100w\" sizes=\"auto, (max-width: 700px) 100vw, 700px\" \/><\/div><h2 class=\"woocommerce-loop-product__title\">Kunstdruck Herzensweisheit<\/h2>\n\t<span class=\"price\"><del aria-hidden=\"true\"><span class=\"woocommerce-Price-amount amount\"><bdi>30,00&nbsp;<span class=\"woocommerce-Price-currencySymbol\">&euro;<\/span><\/bdi><\/span><\/del> <span class=\"screen-reader-text\">Urspr\u00fcnglicher Preis war: 30,00&nbsp;&euro;<\/span><ins aria-hidden=\"true\"><span class=\"woocommerce-Price-amount amount\"><bdi>25,00&nbsp;<span class=\"woocommerce-Price-currencySymbol\">&euro;<\/span><\/bdi><\/span><\/ins><span class=\"screen-reader-text\">Aktueller Preis ist: 25,00&nbsp;&euro;.<\/span><\/span>\n<\/a><\/li>\n<\/ul>\n<\/div>\n    <p>\n        <a href=\"https:\/\/www.regionalis.shop\/simona-ledl-oneline-art\/shop\/\" class=\"btn btn-primary btn-icon-right\">\n            Alle Produkte <i class=\"bi bi-arrow-right-short\"><\/i>\n        <\/a>\n    <\/p>\n<\/section>\n\n<div data-block-name=\"woocommerce\/store-notices\" class=\"wc-block-store-notices woocommerce alignwide alignwide wp-block-woocommerce-store-notices\"><div class=\"woocommerce-notices-wrapper\"><\/div><\/div>","protected":false},"excerpt":{"rendered":"","protected":false},"author":1,"featured_media":0,"parent":0,"menu_order":0,"comment_status":"closed","ping_status":"closed","template":"template-home.blade.php","meta":{"_acf_changed":false,"footnotes":""},"class_list":["post-862","page","type-page","status-publish","hentry"],"acf":[],"_links":{"self":[{"href":"https:\/\/www.regionalis.shop\/simona-ledl-oneline-art\/wp-json\/wp\/v2\/pages\/862","targetHints":{"allow":["GET"]}}],"collection":[{"href":"https:\/\/www.regionalis.shop\/simona-ledl-oneline-art\/wp-json\/wp\/v2\/pages"}],"about":[{"href":"https:\/\/www.regionalis.shop\/simona-ledl-oneline-art\/wp-json\/wp\/v2\/types\/page"}],"author":[{"embeddable":true,"href":"https:\/\/www.regionalis.shop\/simona-ledl-oneline-art\/wp-json\/wp\/v2\/users\/1"}],"replies":[{"embeddable":true,"href":"https:\/\/www.regionalis.shop\/simona-ledl-oneline-art\/wp-json\/wp\/v2\/comments?post=862"}],"version-history":[{"count":28,"href":"https:\/\/www.regionalis.shop\/simona-ledl-oneline-art\/wp-json\/wp\/v2\/pages\/862\/revisions"}],"predecessor-version":[{"id":1041,"href":"https:\/\/www.regionalis.shop\/simona-ledl-oneline-art\/wp-json\/wp\/v2\/pages\/862\/revisions\/1041"}],"wp:attachment":[{"href":"https:\/\/www.regionalis.shop\/simona-ledl-oneline-art\/wp-json\/wp\/v2\/media?parent=862"}],"curies":[{"name":"wp","href":"https:\/\/api.w.org\/{rel}","templated":true}]}}