{"id":1058,"date":"2025-04-28T04:08:00","date_gmt":"2025-04-28T02:08:00","guid":{"rendered":"https:\/\/www.regionalis.shop\/simona-ledl-oneline-art\/product\/kunstdruck-the-simplicity-of-being-awesome\/"},"modified":"2025-04-28T04:08:00","modified_gmt":"2025-04-28T02:08:00","slug":"kunstdruck-the-simplicity-of-being-awesome","status":"publish","type":"product","link":"https:\/\/www.regionalis.shop\/simona-ledl-oneline-art\/shop\/kunstdruck-the-simplicity-of-being-awesome\/","title":{"rendered":"Kunstdruck &#8222;the simplicity of being awesome&#8220;"},"content":{"rendered":"<p>Ein-Linien-Zeichung mit farbigen Elementen im Hintergrund.<br \/>\nDesigned mit viel Liebe und Hingabe in Salzburg<br \/>\n160g Posterpapier matt<br \/>\nDIN A4 Gr\u00f6\u00dfe (210 x 297 mm)<br \/>\nDigitaldruck    <\/p>\n<p>Von mir (der K\u00fcnstlerin) signiert auf der Vorderseite des Posters<\/p>\n<p>Versand: Sicher verpackt in einem Briefumschlag, verst\u00e4rkt durch bieg-festen Karton.<\/p>\n","protected":false},"excerpt":{"rendered":"<p>Ein-Linien-Zeichung mit farbigen Elementen im Hintergrund. Designed mit viel Liebe und Hingabe in Salzburg 160g Posterpapier matt DIN A4 Gr\u00f6\u00dfe (210 x 297 mm) Digitaldruck Von mir (der K\u00fcnstlerin) signiert auf der Vorderseite des Posters Versand: Sicher verpackt in einem Briefumschlag, verst\u00e4rkt durch bieg-festen Karton.<\/p>\n","protected":false},"featured_media":1059,"template":"","meta":{"_acf_changed":false},"product_brand":[],"product_cat":[54,55],"product_tag":[],"class_list":{"0":"post-1058","1":"product","2":"type-product","3":"status-publish","4":"has-post-thumbnail","6":"product_cat-kunst-fotografie","7":"product_cat-kunstdrucke","9":"first","10":"instock","11":"purchasable","12":"product-type-simple"},"acf":[],"_links":{"self":[{"href":"https:\/\/www.regionalis.shop\/simona-ledl-oneline-art\/wp-json\/wp\/v2\/product\/1058","targetHints":{"allow":["GET"]}}],"collection":[{"href":"https:\/\/www.regionalis.shop\/simona-ledl-oneline-art\/wp-json\/wp\/v2\/product"}],"about":[{"href":"https:\/\/www.regionalis.shop\/simona-ledl-oneline-art\/wp-json\/wp\/v2\/types\/product"}],"wp:featuredmedia":[{"embeddable":true,"href":"https:\/\/www.regionalis.shop\/simona-ledl-oneline-art\/wp-json\/wp\/v2\/media\/1059"}],"wp:attachment":[{"href":"https:\/\/www.regionalis.shop\/simona-ledl-oneline-art\/wp-json\/wp\/v2\/media?parent=1058"}],"wp:term":[{"taxonomy":"product_brand","embeddable":true,"href":"https:\/\/www.regionalis.shop\/simona-ledl-oneline-art\/wp-json\/wp\/v2\/product_brand?post=1058"},{"taxonomy":"product_cat","embeddable":true,"href":"https:\/\/www.regionalis.shop\/simona-ledl-oneline-art\/wp-json\/wp\/v2\/product_cat?post=1058"},{"taxonomy":"product_tag","embeddable":true,"href":"https:\/\/www.regionalis.shop\/simona-ledl-oneline-art\/wp-json\/wp\/v2\/product_tag?post=1058"}],"curies":[{"name":"wp","href":"https:\/\/api.w.org\/{rel}","templated":true}]}}