{"id":1062,"date":"2025-04-28T04:05:59","date_gmt":"2025-04-28T02:05:59","guid":{"rendered":"https:\/\/www.regionalis.shop\/simona-ledl-oneline-art\/product\/kunstkarte-dancing-through-life\/"},"modified":"2025-04-28T04:05:59","modified_gmt":"2025-04-28T02:05:59","slug":"kunstkarte-dancing-through-life","status":"publish","type":"product","link":"https:\/\/www.regionalis.shop\/simona-ledl-oneline-art\/shop\/kunstkarte-dancing-through-life\/","title":{"rendered":"Kunstkarte \/ &#8222;Dancing through Life&#8220;"},"content":{"rendered":"<p>Die Kunstkarte &#8222;Dancing through life&#8220; zeigt eine von mir kreierte digitale Zeichnung. Das Motiv zelebriert das Sch\u00f6ne im Leben und soll Freude und Liebe verbreiten. <\/p>\n<p>Eine kleine Aufmerksamkeit f\u00fcr deine Liebsten? Durchs Leben t\u00e4nzelnd l\u00e4sst sich Vieles leichter sagen \ud83d\ude42<\/p>\n<p>Matter Finish auf der Vorderseite, die R\u00fcckseite kann beschrieben werden. Jede Karte misst 105 x 148 mm und besteht aus 360 g\/m\u00b2 Premiumpapier.<\/p>\n","protected":false},"excerpt":{"rendered":"<p>Die Kunstkarte &#8222;Dancing through life&#8220; zeigt eine von mir kreierte digitale Zeichnung. Das Motiv zelebriert das Sch\u00f6ne im Leben und soll Freude und Liebe verbreiten. Eine kleine Aufmerksamkeit f\u00fcr deine Liebsten? Durchs Leben t\u00e4nzelnd l\u00e4sst sich Vieles leichter sagen \ud83d\ude42 Matter Finish auf der Vorderseite, die R\u00fcckseite kann beschrieben werden. Jede Karte misst 105 x &hellip; <a href=\"https:\/\/www.regionalis.shop\/simona-ledl-oneline-art\/shop\/kunstkarte-dancing-through-life\/\">Continued<\/a><\/p>\n","protected":false},"featured_media":1063,"template":"","meta":{"_acf_changed":false},"product_brand":[],"product_cat":[134,62],"product_tag":[],"class_list":{"0":"post-1062","1":"product","2":"type-product","3":"status-publish","4":"has-post-thumbnail","6":"product_cat-geschenk-gruskarten","7":"product_cat-papeterie-schreibwaren","9":"first","10":"instock","11":"purchasable","12":"product-type-simple"},"acf":[],"_links":{"self":[{"href":"https:\/\/www.regionalis.shop\/simona-ledl-oneline-art\/wp-json\/wp\/v2\/product\/1062","targetHints":{"allow":["GET"]}}],"collection":[{"href":"https:\/\/www.regionalis.shop\/simona-ledl-oneline-art\/wp-json\/wp\/v2\/product"}],"about":[{"href":"https:\/\/www.regionalis.shop\/simona-ledl-oneline-art\/wp-json\/wp\/v2\/types\/product"}],"wp:featuredmedia":[{"embeddable":true,"href":"https:\/\/www.regionalis.shop\/simona-ledl-oneline-art\/wp-json\/wp\/v2\/media\/1063"}],"wp:attachment":[{"href":"https:\/\/www.regionalis.shop\/simona-ledl-oneline-art\/wp-json\/wp\/v2\/media?parent=1062"}],"wp:term":[{"taxonomy":"product_brand","embeddable":true,"href":"https:\/\/www.regionalis.shop\/simona-ledl-oneline-art\/wp-json\/wp\/v2\/product_brand?post=1062"},{"taxonomy":"product_cat","embeddable":true,"href":"https:\/\/www.regionalis.shop\/simona-ledl-oneline-art\/wp-json\/wp\/v2\/product_cat?post=1062"},{"taxonomy":"product_tag","embeddable":true,"href":"https:\/\/www.regionalis.shop\/simona-ledl-oneline-art\/wp-json\/wp\/v2\/product_tag?post=1062"}],"curies":[{"name":"wp","href":"https:\/\/api.w.org\/{rel}","templated":true}]}}