{"id":1065,"date":"2025-04-28T04:05:59","date_gmt":"2025-04-28T02:05:59","guid":{"rendered":"https:\/\/www.regionalis.shop\/simona-ledl-oneline-art\/product\/kunstkarte-lazy-sunday\/"},"modified":"2025-04-28T04:05:59","modified_gmt":"2025-04-28T02:05:59","slug":"kunstkarte-lazy-sunday","status":"publish","type":"product","link":"https:\/\/www.regionalis.shop\/simona-ledl-oneline-art\/shop\/kunstkarte-lazy-sunday\/","title":{"rendered":"Kunstkarte \/ &#8222;Lazy Sunday&#8220;"},"content":{"rendered":"<p>Die Kunstkarte &#8222;Lazy Sunday&#8220; zeigt einen Druck (digital) des gleichnamigen Originals (Acrylmalerei und Tuschezeichnung auf B\u00fcttenpapier). Zu sehen ist ein Faultier, das gem\u00fctlich am Baum h\u00e4ngt und relaxed. <\/p>\n<p>Digitaler Druck auf 120 x 120 mm Karte (330-350 gqm). Matter Finish auf der Vorderseite, R\u00fcckseite kann beschrieben werden. <\/p>\n<p>Handschriftliche Signatur auf der R\u00fcckseite.<\/p>\n","protected":false},"excerpt":{"rendered":"<p>Die Kunstkarte &#8222;Lazy Sunday&#8220; zeigt einen Druck (digital) des gleichnamigen Originals (Acrylmalerei und Tuschezeichnung auf B\u00fcttenpapier). Zu sehen ist ein Faultier, das gem\u00fctlich am Baum h\u00e4ngt und relaxed. Digitaler Druck auf 120 x 120 mm Karte (330-350 gqm). Matter Finish auf der Vorderseite, R\u00fcckseite kann beschrieben werden. Handschriftliche Signatur auf der R\u00fcckseite.<\/p>\n","protected":false},"featured_media":1066,"template":"","meta":{"_acf_changed":false},"product_brand":[],"product_cat":[134,62],"product_tag":[],"class_list":{"0":"post-1065","1":"product","2":"type-product","3":"status-publish","4":"has-post-thumbnail","6":"product_cat-geschenk-gruskarten","7":"product_cat-papeterie-schreibwaren","9":"first","10":"instock","11":"purchasable","12":"product-type-simple"},"acf":[],"_links":{"self":[{"href":"https:\/\/www.regionalis.shop\/simona-ledl-oneline-art\/wp-json\/wp\/v2\/product\/1065","targetHints":{"allow":["GET"]}}],"collection":[{"href":"https:\/\/www.regionalis.shop\/simona-ledl-oneline-art\/wp-json\/wp\/v2\/product"}],"about":[{"href":"https:\/\/www.regionalis.shop\/simona-ledl-oneline-art\/wp-json\/wp\/v2\/types\/product"}],"wp:featuredmedia":[{"embeddable":true,"href":"https:\/\/www.regionalis.shop\/simona-ledl-oneline-art\/wp-json\/wp\/v2\/media\/1066"}],"wp:attachment":[{"href":"https:\/\/www.regionalis.shop\/simona-ledl-oneline-art\/wp-json\/wp\/v2\/media?parent=1065"}],"wp:term":[{"taxonomy":"product_brand","embeddable":true,"href":"https:\/\/www.regionalis.shop\/simona-ledl-oneline-art\/wp-json\/wp\/v2\/product_brand?post=1065"},{"taxonomy":"product_cat","embeddable":true,"href":"https:\/\/www.regionalis.shop\/simona-ledl-oneline-art\/wp-json\/wp\/v2\/product_cat?post=1065"},{"taxonomy":"product_tag","embeddable":true,"href":"https:\/\/www.regionalis.shop\/simona-ledl-oneline-art\/wp-json\/wp\/v2\/product_tag?post=1065"}],"curies":[{"name":"wp","href":"https:\/\/api.w.org\/{rel}","templated":true}]}}