{"id":1075,"date":"2025-04-18T01:46:15","date_gmt":"2025-04-17T23:46:15","guid":{"rendered":"https:\/\/www.regionalis.shop\/simona-ledl-oneline-art\/product\/illustriertes-gedicht-der-riese-handgebunden\/"},"modified":"2025-04-18T01:46:15","modified_gmt":"2025-04-17T23:46:15","slug":"illustriertes-gedicht-der-riese-handgebunden","status":"publish","type":"product","link":"https:\/\/www.regionalis.shop\/simona-ledl-oneline-art\/shop\/illustriertes-gedicht-der-riese-handgebunden\/","title":{"rendered":"Illustriertes Gedicht &#8222;Der Riese&#8220;, handgebunden"},"content":{"rendered":"<p>Urspr\u00fcnglich ein kurzes Gedicht, wollte &#8222;der Riese&#8220; wohl mehr sein: Ein echtes Kinderbuch, das auch das Leben der Gro\u00dfen zu bereichern vermag.<br \/>\nUnd siehe da, eine wunderbare Kooperation tr\u00e4gt nun Fr\u00fcchte: Im kreativen Trio haben wir dem Riesen Leben eingehaucht und Raum zur Entfaltung geschenkt. Ein fantasievolles Gedicht von Lukas Kindermann-Zeilinger, illustriert von mir im charakteristischen Einlinien-Stil und veredelt durch die Buchbinder-K\u00fcnste von Simone Rudigier.<\/p>\n<p>Inhalt:<br \/>\nDer Riese will kein Riese mehr sein. Zum Gl\u00fcck trifft er die Liese, die ihm mit Rat und Tat zur Seite steht und mit ihm das Geheimnis seines Seins l\u00fcftet.<\/p>\n<p>Produktdetails:<br \/>\nHandgebundenes Buch in DIN A5 Gr\u00f6\u00dfe<br \/>\nZehn illustrierte Seiten (Umfang insgesamt zw\u00f6lf Seiten + Cover)<br \/>\nRobust und babyfreundlich<\/p>\n<p>Autor: Lukas Kindermann-Zeilinger<br \/>\nIllustration: Simona Ledl (simonaledl.com)<br \/>\nBuchbindung: Simone Rudigier (simonerudigier.eu)<\/p>\n","protected":false},"excerpt":{"rendered":"<p>Urspr\u00fcnglich ein kurzes Gedicht, wollte &#8222;der Riese&#8220; wohl mehr sein: Ein echtes Kinderbuch, das auch das Leben der Gro\u00dfen zu bereichern vermag. Und siehe da, eine wunderbare Kooperation tr\u00e4gt nun Fr\u00fcchte: Im kreativen Trio haben wir dem Riesen Leben eingehaucht und Raum zur Entfaltung geschenkt. Ein fantasievolles Gedicht von Lukas Kindermann-Zeilinger, illustriert von mir im &hellip; <a href=\"https:\/\/www.regionalis.shop\/simona-ledl-oneline-art\/shop\/illustriertes-gedicht-der-riese-handgebunden\/\">Continued<\/a><\/p>\n","protected":false},"featured_media":1076,"template":"","meta":{"_acf_changed":false},"product_brand":[],"product_cat":[38,48],"product_tag":[],"class_list":{"0":"post-1075","1":"product","2":"type-product","3":"status-publish","4":"has-post-thumbnail","6":"product_cat-baby-kinder","7":"product_cat-kinderbuecher","9":"first","10":"instock","11":"purchasable","12":"product-type-simple"},"acf":[],"_links":{"self":[{"href":"https:\/\/www.regionalis.shop\/simona-ledl-oneline-art\/wp-json\/wp\/v2\/product\/1075","targetHints":{"allow":["GET"]}}],"collection":[{"href":"https:\/\/www.regionalis.shop\/simona-ledl-oneline-art\/wp-json\/wp\/v2\/product"}],"about":[{"href":"https:\/\/www.regionalis.shop\/simona-ledl-oneline-art\/wp-json\/wp\/v2\/types\/product"}],"wp:featuredmedia":[{"embeddable":true,"href":"https:\/\/www.regionalis.shop\/simona-ledl-oneline-art\/wp-json\/wp\/v2\/media\/1076"}],"wp:attachment":[{"href":"https:\/\/www.regionalis.shop\/simona-ledl-oneline-art\/wp-json\/wp\/v2\/media?parent=1075"}],"wp:term":[{"taxonomy":"product_brand","embeddable":true,"href":"https:\/\/www.regionalis.shop\/simona-ledl-oneline-art\/wp-json\/wp\/v2\/product_brand?post=1075"},{"taxonomy":"product_cat","embeddable":true,"href":"https:\/\/www.regionalis.shop\/simona-ledl-oneline-art\/wp-json\/wp\/v2\/product_cat?post=1075"},{"taxonomy":"product_tag","embeddable":true,"href":"https:\/\/www.regionalis.shop\/simona-ledl-oneline-art\/wp-json\/wp\/v2\/product_tag?post=1075"}],"curies":[{"name":"wp","href":"https:\/\/api.w.org\/{rel}","templated":true}]}}