{"id":1095,"date":"2025-11-23T12:14:48","date_gmt":"2025-11-23T11:14:48","guid":{"rendered":"https:\/\/www.regionalis.shop\/simona-ledl-oneline-art\/?post_type=product&#038;p=1095"},"modified":"2025-11-23T12:23:51","modified_gmt":"2025-11-23T11:23:51","slug":"wandkalender-krafttiere","status":"publish","type":"product","link":"https:\/\/www.regionalis.shop\/simona-ledl-oneline-art\/shop\/wandkalender-krafttiere\/","title":{"rendered":"Wandkalender &#8222;Krafttiere&#8220;"},"content":{"rendered":"","protected":false},"excerpt":{"rendered":"<p>Alle Jahre wieder: liebevoll gestalteter Wandkalender zum Wiederverwenden.<\/p>\n<p>So wie die Natur in Zyklen lebt, bewegen auch wir uns durch verschiedene Phasen im Laufe des Jahres \u2013 Zeiten des Wachstums, des Loslassens, des Tr\u00e4umens und Schaffens. Mit meinem Wandkalender zum Thema Krafttiere begleite ich dich durch eben diese Phasen. Die zw\u00f6lf Tierbotschaften, die dich durch das Jahr f\u00fchren, sollen dich in unterschiedlichen Lebensbereichen unterst\u00fctzen. Jedes Tier bringt eine besondere Energie die dir dabei hilft Vertrauen in dich selbst und in den nat\u00fcrlichen Fluss des Lebens zu gewinnen. Monat f\u00fcr Monat wartet eine meiner charakteristischen Einlinien-Zeichnungen inklusive inspirierender Botschaft auf dich.<\/p>\n<ul>\n<li>Designed mit viel Liebe in Salzburg<\/li>\n<li>Kalender mit 12 Seiten + 1 Deckblatt + Metallklammer<\/li>\n<li>225g starkes Premium Papier (matt)<\/li>\n<li>DIN A4 Gr\u00f6\u00dfe (210 x 297 mm)<\/li>\n<li>Hochwertiger Digitaldruck<\/li>\n<li>Ewig verwendbar (nicht gebunden an ein bestimmtes Jahr)<\/li>\n<\/ul>\n","protected":false},"featured_media":1097,"template":"","meta":{"_acf_changed":false},"product_brand":[],"product_cat":[38,147,149,50,54,55,160,62,81,83,169,174,103],"product_tag":[],"class_list":{"0":"post-1095","1":"product","2":"type-product","3":"status-publish","4":"has-post-thumbnail","6":"product_cat-baby-kinder","7":"product_cat-illustrationen","8":"product_cat-kalender","9":"product_cat-kinderzimmer","10":"product_cat-kunst-fotografie","11":"product_cat-kunstdrucke","12":"product_cat-nachhaltiger-haushalt","13":"product_cat-papeterie-schreibwaren","14":"product_cat-sonstiges-kunst-fotografie","15":"product_cat-sonstiges","16":"product_cat-sonstiges-wohnen-deko","17":"product_cat-wohndekoration","18":"product_cat-wohnen-deko","20":"first","21":"instock","22":"purchasable","23":"product-type-simple"},"acf":[],"_links":{"self":[{"href":"https:\/\/www.regionalis.shop\/simona-ledl-oneline-art\/wp-json\/wp\/v2\/product\/1095","targetHints":{"allow":["GET"]}}],"collection":[{"href":"https:\/\/www.regionalis.shop\/simona-ledl-oneline-art\/wp-json\/wp\/v2\/product"}],"about":[{"href":"https:\/\/www.regionalis.shop\/simona-ledl-oneline-art\/wp-json\/wp\/v2\/types\/product"}],"wp:featuredmedia":[{"embeddable":true,"href":"https:\/\/www.regionalis.shop\/simona-ledl-oneline-art\/wp-json\/wp\/v2\/media\/1097"}],"wp:attachment":[{"href":"https:\/\/www.regionalis.shop\/simona-ledl-oneline-art\/wp-json\/wp\/v2\/media?parent=1095"}],"wp:term":[{"taxonomy":"product_brand","embeddable":true,"href":"https:\/\/www.regionalis.shop\/simona-ledl-oneline-art\/wp-json\/wp\/v2\/product_brand?post=1095"},{"taxonomy":"product_cat","embeddable":true,"href":"https:\/\/www.regionalis.shop\/simona-ledl-oneline-art\/wp-json\/wp\/v2\/product_cat?post=1095"},{"taxonomy":"product_tag","embeddable":true,"href":"https:\/\/www.regionalis.shop\/simona-ledl-oneline-art\/wp-json\/wp\/v2\/product_tag?post=1095"}],"curies":[{"name":"wp","href":"https:\/\/api.w.org\/{rel}","templated":true}]}}