{"id":1126,"date":"2025-11-23T16:47:56","date_gmt":"2025-11-23T15:47:56","guid":{"rendered":"https:\/\/www.regionalis.shop\/simona-ledl-oneline-art\/?post_type=product&#038;p=1126"},"modified":"2025-11-23T17:22:33","modified_gmt":"2025-11-23T16:22:33","slug":"kunstdruck-herzensweisheit","status":"publish","type":"product","link":"https:\/\/www.regionalis.shop\/simona-ledl-oneline-art\/shop\/kunstdruck-herzensweisheit\/","title":{"rendered":"Kunstdruck Herzensweisheit"},"content":{"rendered":"","protected":false},"excerpt":{"rendered":"<div class=\"woocommerce-product-details__short-description\">\n<p><strong>Folge deinem Herzen und lass dich von den Wundern um dich verzaubern<\/strong><\/p>\n<ul>\n<li>Kunstdruck auf Papier<\/li>\n<li>Papiergr\u00f6\u00dfe: 21 x 29,7 cm<\/li>\n<li>Werkgr\u00f6\u00dfe: 15 x 21 cm<\/li>\n<li>Preis inkl. Passepartout<\/li>\n<li>Titel und Signatur auf der Vorderseite<\/li>\n<li>Motiv: Menschen und Portraits<\/li>\n<\/ul>\n<p>Der Weg des Herzens ist klar, aber der Verstand ist nicht immer auf der selben Wellenl\u00e4nge. Doch ist es nicht auch der Weg des Herzens, der Erfahrungen erst richtig lebendig werden l\u00e4sst? Nicht nur bezogen auf die Liebe, sondern das Leben ganz allgemein. Wenn wir wagen auf unser Herz zu h\u00f6ren, dann lehrt es uns wie vielf\u00e4ltig und erfrischend das Leben sein kann.<\/p>\n<\/div>\n","protected":false},"featured_media":1128,"template":"","meta":{"_acf_changed":false},"product_brand":[],"product_cat":[38,50,54,55,174,103],"product_tag":[],"class_list":{"0":"post-1126","1":"product","2":"type-product","3":"status-publish","4":"has-post-thumbnail","6":"product_cat-baby-kinder","7":"product_cat-kinderzimmer","8":"product_cat-kunst-fotografie","9":"product_cat-kunstdrucke","10":"product_cat-wohndekoration","11":"product_cat-wohnen-deko","13":"first","14":"instock","15":"sale","16":"purchasable","17":"product-type-simple"},"acf":[],"_links":{"self":[{"href":"https:\/\/www.regionalis.shop\/simona-ledl-oneline-art\/wp-json\/wp\/v2\/product\/1126","targetHints":{"allow":["GET"]}}],"collection":[{"href":"https:\/\/www.regionalis.shop\/simona-ledl-oneline-art\/wp-json\/wp\/v2\/product"}],"about":[{"href":"https:\/\/www.regionalis.shop\/simona-ledl-oneline-art\/wp-json\/wp\/v2\/types\/product"}],"wp:featuredmedia":[{"embeddable":true,"href":"https:\/\/www.regionalis.shop\/simona-ledl-oneline-art\/wp-json\/wp\/v2\/media\/1128"}],"wp:attachment":[{"href":"https:\/\/www.regionalis.shop\/simona-ledl-oneline-art\/wp-json\/wp\/v2\/media?parent=1126"}],"wp:term":[{"taxonomy":"product_brand","embeddable":true,"href":"https:\/\/www.regionalis.shop\/simona-ledl-oneline-art\/wp-json\/wp\/v2\/product_brand?post=1126"},{"taxonomy":"product_cat","embeddable":true,"href":"https:\/\/www.regionalis.shop\/simona-ledl-oneline-art\/wp-json\/wp\/v2\/product_cat?post=1126"},{"taxonomy":"product_tag","embeddable":true,"href":"https:\/\/www.regionalis.shop\/simona-ledl-oneline-art\/wp-json\/wp\/v2\/product_tag?post=1126"}],"curies":[{"name":"wp","href":"https:\/\/api.w.org\/{rel}","templated":true}]}}