{"id":1042,"date":"2025-10-23T16:14:07","date_gmt":"2025-10-23T14:14:07","guid":{"rendered":"https:\/\/www.regionalis.shop\/sscapess-handmade\/?page_id=1042"},"modified":"2025-10-23T16:16:34","modified_gmt":"2025-10-23T14:16:34","slug":"impressum","status":"publish","type":"page","link":"https:\/\/www.regionalis.shop\/sscapess-handmade\/impressum\/","title":{"rendered":"Impressum"},"content":{"rendered":"<section>\n            <p>sSCAPESs handmade steht f\u00fcr eco-certified und baby-friendly. Baby- und Kinder-Accessories von sSCAPESs sind Unikate und mit Liebe zum Detail von Hand gemacht. Jedes St\u00fcck erz\u00e4hlt eigene Geschichte, die den Alltag von den neuen kleinen Besitzern praktisch und \u00e4sthetisch bereichern wird.<br \/>\nWir sind ein bilinguales Team, daher sind einige Produkte auf Englisch beschrieben. Bei offenen Fragen stehen wir gerne telefonisch oder per E-Mail zur Verf\u00fcgung (sehe Impressum).<\/p>\n\n    <\/section>","protected":false},"excerpt":{"rendered":"","protected":false},"author":1,"featured_media":0,"parent":0,"menu_order":0,"comment_status":"closed","ping_status":"closed","template":"","meta":{"_acf_changed":false,"footnotes":""},"class_list":["post-1042","page","type-page","status-publish","hentry"],"acf":[],"_links":{"self":[{"href":"https:\/\/www.regionalis.shop\/sscapess-handmade\/wp-json\/wp\/v2\/pages\/1042","targetHints":{"allow":["GET"]}}],"collection":[{"href":"https:\/\/www.regionalis.shop\/sscapess-handmade\/wp-json\/wp\/v2\/pages"}],"about":[{"href":"https:\/\/www.regionalis.shop\/sscapess-handmade\/wp-json\/wp\/v2\/types\/page"}],"author":[{"embeddable":true,"href":"https:\/\/www.regionalis.shop\/sscapess-handmade\/wp-json\/wp\/v2\/users\/1"}],"replies":[{"embeddable":true,"href":"https:\/\/www.regionalis.shop\/sscapess-handmade\/wp-json\/wp\/v2\/comments?post=1042"}],"version-history":[{"count":2,"href":"https:\/\/www.regionalis.shop\/sscapess-handmade\/wp-json\/wp\/v2\/pages\/1042\/revisions"}],"predecessor-version":[{"id":1044,"href":"https:\/\/www.regionalis.shop\/sscapess-handmade\/wp-json\/wp\/v2\/pages\/1042\/revisions\/1044"}],"wp:attachment":[{"href":"https:\/\/www.regionalis.shop\/sscapess-handmade\/wp-json\/wp\/v2\/media?parent=1042"}],"curies":[{"name":"wp","href":"https:\/\/api.w.org\/{rel}","templated":true}]}}