{"id":1094,"date":"2025-04-18T00:59:01","date_gmt":"2025-04-17T22:59:01","guid":{"rendered":"https:\/\/www.regionalis.shop\/sscapess-handmade\/product\/kindermaske-tuerkis-wal\/"},"modified":"2025-04-18T00:59:01","modified_gmt":"2025-04-17T22:59:01","slug":"kindermaske-tuerkis-wal","status":"publish","type":"product","link":"https:\/\/www.regionalis.shop\/sscapess-handmade\/shop\/kindermaske-tuerkis-wal\/","title":{"rendered":"KINDERMASKE &#8211; T\u00fcrkis Wal"},"content":{"rendered":"<p>Die einzigartigen Gesichtsmasken von sSCAPESs handmade sind handgefertigt aus GOTS-zertifizierter Bio Baumwolle mit elastischen und angenehm weichen Ohrb\u00e4ndern.<br \/>\nZweilagig und one size SSCAPESs Maske kann bei 40 bzw. 60\u00b0C gewaschen werden.<br \/>\nNachhaltig, wiederverwendbar, mit sozialem Augenmark.<br \/>\nsSCAPESs Gesichtsmasken sind wiederverwendbar und werden in der gesch\u00fctzten Werkstatt in Wien produziert und somit werden Frauen mit Behinderung unterst\u00fctzt.<\/p>\n<p>*Die MNS von sSCAPESs sind keine Medizinprodukte, sondern reduzieren die die Verbreitung von Covid-19 Tr\u00f6pfchen durch Tr\u00e4gerInnen. Es handelt sich um Hygieneprodukte, daher R\u00fccknahme und Umtausch sind ausgeschlossen.<\/p>\n","protected":false},"excerpt":{"rendered":"<p>Die einzigartigen Gesichtsmasken von sSCAPESs handmade sind handgefertigt aus GOTS-zertifizierter Bio Baumwolle mit elastischen und angenehm weichen Ohrb\u00e4ndern. Zweilagig und one size SSCAPESs Maske kann bei 40 bzw. 60\u00b0C gewaschen werden. Nachhaltig, wiederverwendbar, mit sozialem Augenmark. sSCAPESs Gesichtsmasken sind wiederverwendbar und werden in der gesch\u00fctzten Werkstatt in Wien produziert und somit werden Frauen mit Behinderung &hellip; <a href=\"https:\/\/www.regionalis.shop\/sscapess-handmade\/shop\/kindermaske-tuerkis-wal\/\">Continued<\/a><\/p>\n","protected":false},"featured_media":1095,"template":"","meta":{"_acf_changed":false},"product_brand":[],"product_cat":[37,92],"product_tag":[],"class_list":{"0":"post-1094","1":"product","2":"type-product","3":"status-publish","4":"has-post-thumbnail","6":"product_cat-accessoires","7":"product_cat-stoff-gesichtsmasken","9":"first","10":"instock","11":"purchasable","12":"product-type-simple"},"acf":[],"_links":{"self":[{"href":"https:\/\/www.regionalis.shop\/sscapess-handmade\/wp-json\/wp\/v2\/product\/1094","targetHints":{"allow":["GET"]}}],"collection":[{"href":"https:\/\/www.regionalis.shop\/sscapess-handmade\/wp-json\/wp\/v2\/product"}],"about":[{"href":"https:\/\/www.regionalis.shop\/sscapess-handmade\/wp-json\/wp\/v2\/types\/product"}],"wp:featuredmedia":[{"embeddable":true,"href":"https:\/\/www.regionalis.shop\/sscapess-handmade\/wp-json\/wp\/v2\/media\/1095"}],"wp:attachment":[{"href":"https:\/\/www.regionalis.shop\/sscapess-handmade\/wp-json\/wp\/v2\/media?parent=1094"}],"wp:term":[{"taxonomy":"product_brand","embeddable":true,"href":"https:\/\/www.regionalis.shop\/sscapess-handmade\/wp-json\/wp\/v2\/product_brand?post=1094"},{"taxonomy":"product_cat","embeddable":true,"href":"https:\/\/www.regionalis.shop\/sscapess-handmade\/wp-json\/wp\/v2\/product_cat?post=1094"},{"taxonomy":"product_tag","embeddable":true,"href":"https:\/\/www.regionalis.shop\/sscapess-handmade\/wp-json\/wp\/v2\/product_tag?post=1094"}],"curies":[{"name":"wp","href":"https:\/\/api.w.org\/{rel}","templated":true}]}}