{"id":1098,"date":"2025-04-18T00:58:33","date_gmt":"2025-04-17T22:58:33","guid":{"rendered":"https:\/\/www.regionalis.shop\/sscapess-handmade\/product\/unikat-maske-dezentes-grau-geometrisches-muster\/"},"modified":"2025-04-18T00:58:33","modified_gmt":"2025-04-17T22:58:33","slug":"unikat-maske-dezentes-grau-geometrisches-muster","status":"publish","type":"product","link":"https:\/\/www.regionalis.shop\/sscapess-handmade\/shop\/unikat-maske-dezentes-grau-geometrisches-muster\/","title":{"rendered":"UNIKAT MASKE &#8211; Dezentes Grau Geometrisches Muster"},"content":{"rendered":"<p>Die einzigartigen Gesichtsmasken von sSCAPESs handmade sind handgefertigt aus GOTS-zertifizierter Bio Baumwolle mit elastischen und angenehm weichen Ohrb\u00e4ndern.<br \/>\nZweilagig und one size und kann bei 40\/60\u00b0C gewaschen werden.<br \/>\nNachhaltig, wiederverwendbar, mit sozialem Augenmark.<br \/>\nsSCAPESs Gesichtsmasken werden in der gesch\u00fctzten Werkstatt in Wien produziert und somit werden Frauen mit Behinderung unterst\u00fctzt.<\/p>\n<p>*Die MNS von sSCAPESs sind keine Medizinprodukte, sondern reduzieren die die Verbreitung von Covid-19 Tr\u00f6pfchen durch Tr\u00e4gerInnen. Es handelt sich um Hygieneprodukte, daher R\u00fccknahme und Umtausch sind ausgeschlossen.<\/p>\n","protected":false},"excerpt":{"rendered":"<p>Die einzigartigen Gesichtsmasken von sSCAPESs handmade sind handgefertigt aus GOTS-zertifizierter Bio Baumwolle mit elastischen und angenehm weichen Ohrb\u00e4ndern. Zweilagig und one size und kann bei 40\/60\u00b0C gewaschen werden. Nachhaltig, wiederverwendbar, mit sozialem Augenmark. sSCAPESs Gesichtsmasken werden in der gesch\u00fctzten Werkstatt in Wien produziert und somit werden Frauen mit Behinderung unterst\u00fctzt. *Die MNS von sSCAPESs sind &hellip; <a href=\"https:\/\/www.regionalis.shop\/sscapess-handmade\/shop\/unikat-maske-dezentes-grau-geometrisches-muster\/\">Continued<\/a><\/p>\n","protected":false},"featured_media":1099,"template":"","meta":{"_acf_changed":false},"product_brand":[],"product_cat":[37,92],"product_tag":[],"class_list":{"0":"post-1098","1":"product","2":"type-product","3":"status-publish","4":"has-post-thumbnail","6":"product_cat-accessoires","7":"product_cat-stoff-gesichtsmasken","9":"first","10":"instock","11":"purchasable","12":"product-type-simple"},"acf":[],"_links":{"self":[{"href":"https:\/\/www.regionalis.shop\/sscapess-handmade\/wp-json\/wp\/v2\/product\/1098","targetHints":{"allow":["GET"]}}],"collection":[{"href":"https:\/\/www.regionalis.shop\/sscapess-handmade\/wp-json\/wp\/v2\/product"}],"about":[{"href":"https:\/\/www.regionalis.shop\/sscapess-handmade\/wp-json\/wp\/v2\/types\/product"}],"wp:featuredmedia":[{"embeddable":true,"href":"https:\/\/www.regionalis.shop\/sscapess-handmade\/wp-json\/wp\/v2\/media\/1099"}],"wp:attachment":[{"href":"https:\/\/www.regionalis.shop\/sscapess-handmade\/wp-json\/wp\/v2\/media?parent=1098"}],"wp:term":[{"taxonomy":"product_brand","embeddable":true,"href":"https:\/\/www.regionalis.shop\/sscapess-handmade\/wp-json\/wp\/v2\/product_brand?post=1098"},{"taxonomy":"product_cat","embeddable":true,"href":"https:\/\/www.regionalis.shop\/sscapess-handmade\/wp-json\/wp\/v2\/product_cat?post=1098"},{"taxonomy":"product_tag","embeddable":true,"href":"https:\/\/www.regionalis.shop\/sscapess-handmade\/wp-json\/wp\/v2\/product_tag?post=1098"}],"curies":[{"name":"wp","href":"https:\/\/api.w.org\/{rel}","templated":true}]}}