{"id":1042,"date":"2025-10-23T16:14:07","date_gmt":"2025-10-23T14:14:07","guid":{"rendered":"https:\/\/www.regionalis.shop\/steffi-kalina-schmuck\/?page_id=1042"},"modified":"2025-10-23T16:16:34","modified_gmt":"2025-10-23T14:16:34","slug":"impressum","status":"publish","type":"page","link":"https:\/\/www.regionalis.shop\/steffi-kalina-schmuck\/impressum\/","title":{"rendered":"Impressum"},"content":{"rendered":"<section>\n            <p>Handgemachter Schmuck von Goldschmiedin und<br \/>\ndipl. Schmuckdesignerin (FH) Steffi Lukavsky<\/p>\n<p>In meinem Goldschmiede Atelier am Rande von Wien fertige ich einzigartigen Unikatschmuck an:<br \/>\nBei meiner &#8211;Daisy&#038;Co Kollektion&#8211; lasse ich mich von der Vielfalt der Natur inspirieren. Sehr gro\u00dfen Wert lege ich auf Handarbeit \u2013 jede einzelne Bl\u00fcte wird von mir selbst ausges\u00e4gt und geschmiedet und anschlie\u00dfend feueremailliert. Darurch erhalten die Bl\u00fcten ihren individuellen Charakter<\/p>\n<p>Meine Unikatschmuckserie &#8211;Nanas China&#8211; verbindet meine Liebe zu Antikem mit dem Upcycling Gedanken. Alte und besch\u00e4digte Teller und Tassen werden zu ganz besonderen Schmuck-Unikaten.<br \/>\n&#8211;Gerne kann ich aus Ihrem zerbrochenen antiken Geschirr ein tragbares Andenken anfertigen!&#8211;<\/p>\n<p>www.steffi-kalina.com<br \/>\nInstagram: steffi.kalina.schmuck<br \/>\nFacebook: Steffi Kalina Schmuck<\/p>\n\n    <\/section>","protected":false},"excerpt":{"rendered":"","protected":false},"author":1,"featured_media":0,"parent":0,"menu_order":0,"comment_status":"closed","ping_status":"closed","template":"","meta":{"_acf_changed":false,"footnotes":""},"class_list":["post-1042","page","type-page","status-publish","hentry"],"acf":[],"_links":{"self":[{"href":"https:\/\/www.regionalis.shop\/steffi-kalina-schmuck\/wp-json\/wp\/v2\/pages\/1042","targetHints":{"allow":["GET"]}}],"collection":[{"href":"https:\/\/www.regionalis.shop\/steffi-kalina-schmuck\/wp-json\/wp\/v2\/pages"}],"about":[{"href":"https:\/\/www.regionalis.shop\/steffi-kalina-schmuck\/wp-json\/wp\/v2\/types\/page"}],"author":[{"embeddable":true,"href":"https:\/\/www.regionalis.shop\/steffi-kalina-schmuck\/wp-json\/wp\/v2\/users\/1"}],"replies":[{"embeddable":true,"href":"https:\/\/www.regionalis.shop\/steffi-kalina-schmuck\/wp-json\/wp\/v2\/comments?post=1042"}],"version-history":[{"count":2,"href":"https:\/\/www.regionalis.shop\/steffi-kalina-schmuck\/wp-json\/wp\/v2\/pages\/1042\/revisions"}],"predecessor-version":[{"id":1044,"href":"https:\/\/www.regionalis.shop\/steffi-kalina-schmuck\/wp-json\/wp\/v2\/pages\/1042\/revisions\/1044"}],"wp:attachment":[{"href":"https:\/\/www.regionalis.shop\/steffi-kalina-schmuck\/wp-json\/wp\/v2\/media?parent=1042"}],"curies":[{"name":"wp","href":"https:\/\/api.w.org\/{rel}","templated":true}]}}