{"id":862,"date":"2025-05-24T13:44:06","date_gmt":"2025-05-24T11:44:06","guid":{"rendered":"https:\/\/starter.stage.shop-it.at\/?page_id=862"},"modified":"2025-10-23T15:21:37","modified_gmt":"2025-10-23T13:21:37","slug":"startseite","status":"publish","type":"page","link":"https:\/\/www.regionalis.shop\/steffi-kalina-schmuck\/","title":{"rendered":"Startseite"},"content":{"rendered":"<section>\n        <div class=\"header-image\">\n            <img decoding=\"async\" src=\"https:\/\/www.regionalis.shop\/app\/uploads\/sites\/556\/6045_2022_09_28_12_06_38_451781242.jpg\" alt=\"\">\n        <\/div>\n    \n    <\/section>\n    <section>\n    <div class=\"header-title\">\n        <h1 class=\"h2\">Willkommen bei Steffi Kalina Schmuck<\/h1>\n    <\/div>\n            <h2 class=\"h3\">Handgemacht in Wien<\/h2>\n                <p>Handgemachter Schmuck von Goldschmiedin und<br \/>\ndipl. Schmuckdesignerin (FH) Steffi Lukavsky<\/p>\n<p>In meinem Goldschmiede Atelier am Rande von Wien fertige ich einzigartigen Unikatschmuck an:<br \/>\nBei meiner &#8211;Daisy&#038;Co Kollektion&#8211; lasse ich mich von der Vielfalt der Natur inspirieren. Sehr gro\u00dfen Wert lege ich auf Handarbeit \u2013 jede einzelne Bl\u00fcte wird von mir selbst ausges\u00e4gt und geschmiedet und anschlie\u00dfend feueremailliert. Darurch erhalten die Bl\u00fcten ihren individuellen Charakter<\/p>\n<p>Meine Unikatschmuckserie &#8211;Nanas China&#8211; verbindet meine Liebe zu Antikem mit dem Upcycling Gedanken. Alte und besch\u00e4digte Teller und Tassen werden zu ganz besonderen Schmuck-Unikaten.<br \/>\n&#8211;Gerne kann ich aus Ihrem zerbrochenen antiken Geschirr ein tragbares Andenken anfertigen!&#8211;<\/p>\n<p>www.steffi-kalina.com<br \/>\nInstagram: steffi.kalina.schmuck<br \/>\nFacebook: Steffi Kalina Schmuck<\/p>\n\n    \n    <h3>Produkte<\/h3>\n\n    <div class=\"woocommerce columns-3 \"><ul class=\"products columns-3\">\n<li class=\"product type-product post-1063 status-publish first instock product_cat-ringe product_cat-schmuck has-post-thumbnail purchasable product-type-simple\">\n\t<a href=\"https:\/\/www.regionalis.shop\/steffi-kalina-schmuck\/shop\/porzellanring-mohn\/\" class=\"woocommerce-LoopProduct-link woocommerce-loop-product__link\"><div class=\"wc-block-grid__product-image\"><img loading=\"lazy\" decoding=\"async\" width=\"420\" height=\"420\" src=\"https:\/\/www.regionalis.shop\/app\/uploads\/sites\/556\/6045_2022_09_30_12_30_11_178844312.png\" class=\"attachment-large size-large\" alt=\"Porzellanring  Mohn\" srcset=\"https:\/\/www.regionalis.shop\/app\/uploads\/sites\/556\/6045_2022_09_30_12_30_11_178844312.png 420w, https:\/\/www.regionalis.shop\/app\/uploads\/sites\/556\/6045_2022_09_30_12_30_11_178844312-300x300.png 300w, https:\/\/www.regionalis.shop\/app\/uploads\/sites\/556\/6045_2022_09_30_12_30_11_178844312-150x150.png 150w, https:\/\/www.regionalis.shop\/app\/uploads\/sites\/556\/6045_2022_09_30_12_30_11_178844312-100x100.png 100w\" sizes=\"auto, (max-width: 420px) 100vw, 420px\" \/><\/div><h2 class=\"woocommerce-loop-product__title\">Porzellanring  Mohn<\/h2>\n\t<span class=\"price\"><span class=\"woocommerce-Price-amount amount\"><bdi>260,00&nbsp;<span class=\"woocommerce-Price-currencySymbol\">&euro;<\/span><\/bdi><\/span><\/span>\n<\/a><\/li>\n<li class=\"product type-product post-1060 status-publish instock product_cat-ohrringe product_cat-schmuck has-post-thumbnail purchasable product-type-simple\">\n\t<a href=\"https:\/\/www.regionalis.shop\/steffi-kalina-schmuck\/shop\/ohrstecker-apfelbluete\/\" class=\"woocommerce-LoopProduct-link woocommerce-loop-product__link\"><div class=\"wc-block-grid__product-image\"><img loading=\"lazy\" decoding=\"async\" width=\"420\" height=\"420\" src=\"https:\/\/www.regionalis.shop\/app\/uploads\/sites\/556\/6045_2022_09_30_11_21_06_707302332.png\" class=\"attachment-large size-large\" alt=\"Ohrstecker Apfelbl\u00fcte\" srcset=\"https:\/\/www.regionalis.shop\/app\/uploads\/sites\/556\/6045_2022_09_30_11_21_06_707302332.png 420w, https:\/\/www.regionalis.shop\/app\/uploads\/sites\/556\/6045_2022_09_30_11_21_06_707302332-300x300.png 300w, https:\/\/www.regionalis.shop\/app\/uploads\/sites\/556\/6045_2022_09_30_11_21_06_707302332-150x150.png 150w, https:\/\/www.regionalis.shop\/app\/uploads\/sites\/556\/6045_2022_09_30_11_21_06_707302332-100x100.png 100w\" sizes=\"auto, (max-width: 420px) 100vw, 420px\" \/><\/div><h2 class=\"woocommerce-loop-product__title\">Ohrstecker Apfelbl\u00fcte<\/h2>\n\t<span class=\"price\"><span class=\"woocommerce-Price-amount amount\"><bdi>215,00&nbsp;<span class=\"woocommerce-Price-currencySymbol\">&euro;<\/span><\/bdi><\/span><\/span>\n<\/a><\/li>\n<li class=\"product type-product post-1056 status-publish last instock product_cat-ohrringe product_cat-schmuck has-post-thumbnail purchasable product-type-simple\">\n\t<a href=\"https:\/\/www.regionalis.shop\/steffi-kalina-schmuck\/shop\/ohrstecker-stiefmuetterchen\/\" class=\"woocommerce-LoopProduct-link woocommerce-loop-product__link\"><div class=\"wc-block-grid__product-image\"><img loading=\"lazy\" decoding=\"async\" width=\"420\" height=\"420\" src=\"https:\/\/www.regionalis.shop\/app\/uploads\/sites\/556\/6045_2022_09_30_11_17_27_399666484.png\" class=\"attachment-large size-large\" alt=\"Ohrstecker Stiefm\u00fctterchen\" srcset=\"https:\/\/www.regionalis.shop\/app\/uploads\/sites\/556\/6045_2022_09_30_11_17_27_399666484.png 420w, https:\/\/www.regionalis.shop\/app\/uploads\/sites\/556\/6045_2022_09_30_11_17_27_399666484-300x300.png 300w, https:\/\/www.regionalis.shop\/app\/uploads\/sites\/556\/6045_2022_09_30_11_17_27_399666484-150x150.png 150w, https:\/\/www.regionalis.shop\/app\/uploads\/sites\/556\/6045_2022_09_30_11_17_27_399666484-100x100.png 100w\" sizes=\"auto, (max-width: 420px) 100vw, 420px\" \/><\/div><h2 class=\"woocommerce-loop-product__title\">Ohrstecker Stiefm\u00fctterchen<\/h2>\n\t<span class=\"price\"><span class=\"woocommerce-Price-amount amount\"><bdi>225,00&nbsp;<span class=\"woocommerce-Price-currencySymbol\">&euro;<\/span><\/bdi><\/span><\/span>\n<\/a><\/li>\n<\/ul>\n<\/div>\n    <p>\n        <a href=\"https:\/\/www.regionalis.shop\/steffi-kalina-schmuck\/shop\/\" class=\"btn btn-primary btn-icon-right\">\n            Alle Produkte <i class=\"bi bi-arrow-right-short\"><\/i>\n        <\/a>\n    <\/p>\n<\/section>\n\n<div data-block-name=\"woocommerce\/store-notices\" class=\"wc-block-store-notices woocommerce alignwide alignwide wp-block-woocommerce-store-notices\"><div class=\"woocommerce-notices-wrapper\"><\/div><\/div>","protected":false},"excerpt":{"rendered":"","protected":false},"author":1,"featured_media":0,"parent":0,"menu_order":0,"comment_status":"closed","ping_status":"closed","template":"template-home.blade.php","meta":{"_acf_changed":false,"footnotes":""},"class_list":["post-862","page","type-page","status-publish","hentry"],"acf":[],"_links":{"self":[{"href":"https:\/\/www.regionalis.shop\/steffi-kalina-schmuck\/wp-json\/wp\/v2\/pages\/862","targetHints":{"allow":["GET"]}}],"collection":[{"href":"https:\/\/www.regionalis.shop\/steffi-kalina-schmuck\/wp-json\/wp\/v2\/pages"}],"about":[{"href":"https:\/\/www.regionalis.shop\/steffi-kalina-schmuck\/wp-json\/wp\/v2\/types\/page"}],"author":[{"embeddable":true,"href":"https:\/\/www.regionalis.shop\/steffi-kalina-schmuck\/wp-json\/wp\/v2\/users\/1"}],"replies":[{"embeddable":true,"href":"https:\/\/www.regionalis.shop\/steffi-kalina-schmuck\/wp-json\/wp\/v2\/comments?post=862"}],"version-history":[{"count":28,"href":"https:\/\/www.regionalis.shop\/steffi-kalina-schmuck\/wp-json\/wp\/v2\/pages\/862\/revisions"}],"predecessor-version":[{"id":1041,"href":"https:\/\/www.regionalis.shop\/steffi-kalina-schmuck\/wp-json\/wp\/v2\/pages\/862\/revisions\/1041"}],"wp:attachment":[{"href":"https:\/\/www.regionalis.shop\/steffi-kalina-schmuck\/wp-json\/wp\/v2\/media?parent=862"}],"curies":[{"name":"wp","href":"https:\/\/api.w.org\/{rel}","templated":true}]}}