{"id":1063,"date":"2025-04-18T07:55:24","date_gmt":"2025-04-18T05:55:24","guid":{"rendered":"https:\/\/www.regionalis.shop\/steffi-kalina-schmuck\/product\/porzellanring-mohn\/"},"modified":"2025-04-18T07:55:24","modified_gmt":"2025-04-18T05:55:24","slug":"porzellanring-mohn","status":"publish","type":"product","link":"https:\/\/www.regionalis.shop\/steffi-kalina-schmuck\/shop\/porzellanring-mohn\/","title":{"rendered":"Porzellanring  Mohn"},"content":{"rendered":"<p>Dieser Porzellanring ist ein Einzelst\u00fcck. Das Porzellan stammt von einem antiken Teller und wurde von mir selbst geschliffen.<br \/>\nGefa\u00dft ist das sch\u00f6ne St\u00fcck in 925 Silber, welches anschlie\u00dfend geschw\u00e4rzt wurde.<\/p>\n<p>Materialien: 925 Silber geschw\u00e4rzt, Porzellan<br \/>\nRinggr\u00f6\u00dfe: 54<\/p>\n<p>Dieses St\u00fcck ist ein Unikat! Auf Wunsch verarbeite ich auch gerne ihr privates Porzellan.<\/p>\n","protected":false},"excerpt":{"rendered":"<p>Dieser Porzellanring ist ein Einzelst\u00fcck. Das Porzellan stammt von einem antiken Teller und wurde von mir selbst geschliffen. Gefa\u00dft ist das sch\u00f6ne St\u00fcck in 925 Silber, welches anschlie\u00dfend geschw\u00e4rzt wurde. Materialien: 925 Silber geschw\u00e4rzt, Porzellan Ringgr\u00f6\u00dfe: 54 Dieses St\u00fcck ist ein Unikat! Auf Wunsch verarbeite ich auch gerne ihr privates Porzellan.<\/p>\n","protected":false},"featured_media":1064,"template":"","meta":{"_acf_changed":false},"product_brand":[],"product_cat":[165,70],"product_tag":[],"class_list":{"0":"post-1063","1":"product","2":"type-product","3":"status-publish","4":"has-post-thumbnail","6":"product_cat-ringe","7":"product_cat-schmuck","9":"first","10":"instock","11":"purchasable","12":"product-type-simple"},"acf":[],"_links":{"self":[{"href":"https:\/\/www.regionalis.shop\/steffi-kalina-schmuck\/wp-json\/wp\/v2\/product\/1063","targetHints":{"allow":["GET"]}}],"collection":[{"href":"https:\/\/www.regionalis.shop\/steffi-kalina-schmuck\/wp-json\/wp\/v2\/product"}],"about":[{"href":"https:\/\/www.regionalis.shop\/steffi-kalina-schmuck\/wp-json\/wp\/v2\/types\/product"}],"wp:featuredmedia":[{"embeddable":true,"href":"https:\/\/www.regionalis.shop\/steffi-kalina-schmuck\/wp-json\/wp\/v2\/media\/1064"}],"wp:attachment":[{"href":"https:\/\/www.regionalis.shop\/steffi-kalina-schmuck\/wp-json\/wp\/v2\/media?parent=1063"}],"wp:term":[{"taxonomy":"product_brand","embeddable":true,"href":"https:\/\/www.regionalis.shop\/steffi-kalina-schmuck\/wp-json\/wp\/v2\/product_brand?post=1063"},{"taxonomy":"product_cat","embeddable":true,"href":"https:\/\/www.regionalis.shop\/steffi-kalina-schmuck\/wp-json\/wp\/v2\/product_cat?post=1063"},{"taxonomy":"product_tag","embeddable":true,"href":"https:\/\/www.regionalis.shop\/steffi-kalina-schmuck\/wp-json\/wp\/v2\/product_tag?post=1063"}],"curies":[{"name":"wp","href":"https:\/\/api.w.org\/{rel}","templated":true}]}}