{"id":1072,"date":"2025-04-18T07:54:39","date_gmt":"2025-04-18T05:54:39","guid":{"rendered":"https:\/\/www.regionalis.shop\/steffi-kalina-schmuck\/product\/ohrstecker-leberbluemchen-hellblau\/"},"modified":"2025-04-18T07:54:39","modified_gmt":"2025-04-18T05:54:39","slug":"ohrstecker-leberbluemchen-hellblau","status":"publish","type":"product","link":"https:\/\/www.regionalis.shop\/steffi-kalina-schmuck\/shop\/ohrstecker-leberbluemchen-hellblau\/","title":{"rendered":"Ohrstecker Leberbl\u00fcmchen hellblau"},"content":{"rendered":"<p>Ein Fr\u00fchlingsbote f\u00fcrs ganze Jahr &#8211; der Leberbl\u00fcmchen Ohrstecker aus der Daisy&#038;Co Kollektion. Das Leberbl\u00fcmchen gibt es auch in mittelblau.<br \/>\nJede Bl\u00fcte wird von mir einzeln aus Kupferblech ausges\u00e4gt und montiert, anschlie\u00dfend feueremailliert. Die Steckerpatente sind aus 925 Silber.<\/p>\n<p>Materialien: Kupfer, 925 Silber (Stecker), Emaille<br \/>\nGr\u00f6\u00dfe: pro Bl\u00fcte ca. 25mm Durchmesser<\/p>\n<p>Jedes St\u00fcck hat, wie auch die Blumen auf der Wiese, seinen individuellen Charakter, deshalb ist das Produktbild ein Beispielbild.<\/p>\n","protected":false},"excerpt":{"rendered":"<p>Ein Fr\u00fchlingsbote f\u00fcrs ganze Jahr &#8211; der Leberbl\u00fcmchen Ohrstecker aus der Daisy&#038;Co Kollektion. Das Leberbl\u00fcmchen gibt es auch in mittelblau. Jede Bl\u00fcte wird von mir einzeln aus Kupferblech ausges\u00e4gt und montiert, anschlie\u00dfend feueremailliert. Die Steckerpatente sind aus 925 Silber. Materialien: Kupfer, 925 Silber (Stecker), Emaille Gr\u00f6\u00dfe: pro Bl\u00fcte ca. 25mm Durchmesser Jedes St\u00fcck hat, wie &hellip; <a href=\"https:\/\/www.regionalis.shop\/steffi-kalina-schmuck\/shop\/ohrstecker-leberbluemchen-hellblau\/\">Continued<\/a><\/p>\n","protected":false},"featured_media":1073,"template":"","meta":{"_acf_changed":false},"product_brand":[],"product_cat":[163,70],"product_tag":[],"class_list":{"0":"post-1072","1":"product","2":"type-product","3":"status-publish","4":"has-post-thumbnail","6":"product_cat-ohrringe","7":"product_cat-schmuck","9":"first","10":"instock","11":"purchasable","12":"product-type-simple"},"acf":[],"_links":{"self":[{"href":"https:\/\/www.regionalis.shop\/steffi-kalina-schmuck\/wp-json\/wp\/v2\/product\/1072","targetHints":{"allow":["GET"]}}],"collection":[{"href":"https:\/\/www.regionalis.shop\/steffi-kalina-schmuck\/wp-json\/wp\/v2\/product"}],"about":[{"href":"https:\/\/www.regionalis.shop\/steffi-kalina-schmuck\/wp-json\/wp\/v2\/types\/product"}],"wp:featuredmedia":[{"embeddable":true,"href":"https:\/\/www.regionalis.shop\/steffi-kalina-schmuck\/wp-json\/wp\/v2\/media\/1073"}],"wp:attachment":[{"href":"https:\/\/www.regionalis.shop\/steffi-kalina-schmuck\/wp-json\/wp\/v2\/media?parent=1072"}],"wp:term":[{"taxonomy":"product_brand","embeddable":true,"href":"https:\/\/www.regionalis.shop\/steffi-kalina-schmuck\/wp-json\/wp\/v2\/product_brand?post=1072"},{"taxonomy":"product_cat","embeddable":true,"href":"https:\/\/www.regionalis.shop\/steffi-kalina-schmuck\/wp-json\/wp\/v2\/product_cat?post=1072"},{"taxonomy":"product_tag","embeddable":true,"href":"https:\/\/www.regionalis.shop\/steffi-kalina-schmuck\/wp-json\/wp\/v2\/product_tag?post=1072"}],"curies":[{"name":"wp","href":"https:\/\/api.w.org\/{rel}","templated":true}]}}