{"id":862,"date":"2025-05-24T13:44:06","date_gmt":"2025-05-24T11:44:06","guid":{"rendered":"https:\/\/starter.stage.shop-it.at\/?page_id=862"},"modified":"2025-10-23T15:21:37","modified_gmt":"2025-10-23T13:21:37","slug":"startseite","status":"publish","type":"page","link":"https:\/\/www.regionalis.shop\/steinwerk-by-heinz-dissauer\/","title":{"rendered":"Startseite"},"content":{"rendered":"<section>\n        <div class=\"header-image\">\n            <img decoding=\"async\" src=\"https:\/\/www.regionalis.shop\/app\/uploads\/sites\/560\/6478_2023_02_01_11_16_43_249923938.jpg\" alt=\"\">\n        <\/div>\n    \n    <\/section>\n    <section>\n    <div class=\"header-title\">\n        <h1 class=\"h2\">Willkommen bei Stein:Werk by Heinz Dissauer<\/h1>\n    <\/div>\n            <h2 class=\"h3\">Handgemacht in Perwang am Grabensee<\/h2>\n                <p>&#8211;Wein &#038; Weink\u00fchler&#8211;<br \/>\nStein geh\u00f6rt zu den \u00e4ltesten und eindrucksvollsten Rohstoffen, die unsere Erde hervor bringt.<br \/>\nUnabh\u00e4ngig, archaisch, \u00fcber Jahrtausende gewachsen. 2012 entstand die Idee der Natur ihren Raum zu geben und sie auf unkonventionelle, au\u00dfergew\u00f6hnliche Weise in unseren Lebensbereich als Naturstein Weink\u00fchler zu integrieren.   \/\/&#8220;Heinz Dissauer&#8220;\/\/<\/p>\n\n    \n    <h3>Produkte<\/h3>\n\n    <div class=\"woocommerce columns-3 \"><\/div>\n    <p>\n        <a href=\"https:\/\/www.regionalis.shop\/steinwerk-by-heinz-dissauer\/shop\/\" class=\"btn btn-primary btn-icon-right\">\n            Alle Produkte <i class=\"bi bi-arrow-right-short\"><\/i>\n        <\/a>\n    <\/p>\n<\/section>\n\n<div data-block-name=\"woocommerce\/store-notices\" class=\"wc-block-store-notices woocommerce alignwide alignwide wp-block-woocommerce-store-notices\"><div class=\"woocommerce-notices-wrapper\"><\/div><\/div>","protected":false},"excerpt":{"rendered":"","protected":false},"author":1,"featured_media":0,"parent":0,"menu_order":0,"comment_status":"closed","ping_status":"closed","template":"template-home.blade.php","meta":{"_acf_changed":false,"footnotes":""},"class_list":["post-862","page","type-page","status-publish","hentry"],"acf":[],"_links":{"self":[{"href":"https:\/\/www.regionalis.shop\/steinwerk-by-heinz-dissauer\/wp-json\/wp\/v2\/pages\/862","targetHints":{"allow":["GET"]}}],"collection":[{"href":"https:\/\/www.regionalis.shop\/steinwerk-by-heinz-dissauer\/wp-json\/wp\/v2\/pages"}],"about":[{"href":"https:\/\/www.regionalis.shop\/steinwerk-by-heinz-dissauer\/wp-json\/wp\/v2\/types\/page"}],"author":[{"embeddable":true,"href":"https:\/\/www.regionalis.shop\/steinwerk-by-heinz-dissauer\/wp-json\/wp\/v2\/users\/1"}],"replies":[{"embeddable":true,"href":"https:\/\/www.regionalis.shop\/steinwerk-by-heinz-dissauer\/wp-json\/wp\/v2\/comments?post=862"}],"version-history":[{"count":28,"href":"https:\/\/www.regionalis.shop\/steinwerk-by-heinz-dissauer\/wp-json\/wp\/v2\/pages\/862\/revisions"}],"predecessor-version":[{"id":1041,"href":"https:\/\/www.regionalis.shop\/steinwerk-by-heinz-dissauer\/wp-json\/wp\/v2\/pages\/862\/revisions\/1041"}],"wp:attachment":[{"href":"https:\/\/www.regionalis.shop\/steinwerk-by-heinz-dissauer\/wp-json\/wp\/v2\/media?parent=862"}],"curies":[{"name":"wp","href":"https:\/\/api.w.org\/{rel}","templated":true}]}}