{"id":1085,"date":"2025-04-17T23:29:41","date_gmt":"2025-04-17T21:29:41","guid":{"rendered":"https:\/\/www.regionalis.shop\/stempelpuenktchen\/product\/explosionsbox-geburtstagskoerbchen\/"},"modified":"2025-04-17T23:29:41","modified_gmt":"2025-04-17T21:29:41","slug":"explosionsbox-geburtstagskoerbchen","status":"publish","type":"product","link":"https:\/\/www.regionalis.shop\/stempelpuenktchen\/shop\/explosionsbox-geburtstagskoerbchen\/","title":{"rendered":"Explosionsbox Geburtstagsk\u00f6rbchen"},"content":{"rendered":"<p>Diese Explosionsbox ist ein W\u00fcrfel mit den Ma\u00dfen 7 x 7 x 7 cm.<br \/>\n\u00d6ffnet man die Box so fallen die Seitenw\u00e4nde auseinander und zum Vorschein kommt ein kleines wundersch\u00f6nes Blumenk\u00f6rbchen.<br \/>\n2 kleine K\u00e4rtchen zum Beschriften befinden sich im den Einsteckf\u00e4chern der Box.<br \/>\nDiese Explosionsbox eignet sich hervorragend als Verpackung f\u00fcr einen Gutschein oder ein Geldgeschenk.<\/p>\n","protected":false},"excerpt":{"rendered":"<p>Diese Explosionsbox ist ein W\u00fcrfel mit den Ma\u00dfen 7 x 7 x 7 cm. \u00d6ffnet man die Box so fallen die Seitenw\u00e4nde auseinander und zum Vorschein kommt ein kleines wundersch\u00f6nes Blumenk\u00f6rbchen. 2 kleine K\u00e4rtchen zum Beschriften befinden sich im den Einsteckf\u00e4chern der Box. Diese Explosionsbox eignet sich hervorragend als Verpackung f\u00fcr einen Gutschein oder ein &hellip; <a href=\"https:\/\/www.regionalis.shop\/stempelpuenktchen\/shop\/explosionsbox-geburtstagskoerbchen\/\">Continued<\/a><\/p>\n","protected":false},"featured_media":1086,"template":"","meta":{"_acf_changed":false},"product_brand":[],"product_cat":[134,62],"product_tag":[],"class_list":{"0":"post-1085","1":"product","2":"type-product","3":"status-publish","4":"has-post-thumbnail","6":"product_cat-geschenk-gruskarten","7":"product_cat-papeterie-schreibwaren","9":"first","10":"instock","11":"purchasable","12":"product-type-simple"},"acf":[],"_links":{"self":[{"href":"https:\/\/www.regionalis.shop\/stempelpuenktchen\/wp-json\/wp\/v2\/product\/1085","targetHints":{"allow":["GET"]}}],"collection":[{"href":"https:\/\/www.regionalis.shop\/stempelpuenktchen\/wp-json\/wp\/v2\/product"}],"about":[{"href":"https:\/\/www.regionalis.shop\/stempelpuenktchen\/wp-json\/wp\/v2\/types\/product"}],"wp:featuredmedia":[{"embeddable":true,"href":"https:\/\/www.regionalis.shop\/stempelpuenktchen\/wp-json\/wp\/v2\/media\/1086"}],"wp:attachment":[{"href":"https:\/\/www.regionalis.shop\/stempelpuenktchen\/wp-json\/wp\/v2\/media?parent=1085"}],"wp:term":[{"taxonomy":"product_brand","embeddable":true,"href":"https:\/\/www.regionalis.shop\/stempelpuenktchen\/wp-json\/wp\/v2\/product_brand?post=1085"},{"taxonomy":"product_cat","embeddable":true,"href":"https:\/\/www.regionalis.shop\/stempelpuenktchen\/wp-json\/wp\/v2\/product_cat?post=1085"},{"taxonomy":"product_tag","embeddable":true,"href":"https:\/\/www.regionalis.shop\/stempelpuenktchen\/wp-json\/wp\/v2\/product_tag?post=1085"}],"curies":[{"name":"wp","href":"https:\/\/api.w.org\/{rel}","templated":true}]}}