{"id":1073,"date":"2025-04-28T04:04:03","date_gmt":"2025-04-28T02:04:03","guid":{"rendered":"https:\/\/www.regionalis.shop\/stift17\/product\/skizzenbuch-baby-pinguine-din-a5-quer-144-seiten\/"},"modified":"2025-10-30T16:37:26","modified_gmt":"2025-10-30T15:37:26","slug":"skizzenbuch-baby-pinguine-din-a5-quer-144-seiten","status":"publish","type":"product","link":"https:\/\/www.regionalis.shop\/stift17\/shop\/skizzenbuch-baby-pinguine-din-a5-quer-144-seiten\/","title":{"rendered":"SKIZZENBUCH *Baby-Pinguine*, DIN A5 quer, 144 Seiten"},"content":{"rendered":"<p>144 Seiten blanko f\u00fcr deine Ideen, Pl\u00e4ne, Gedanken, To Do-Listen und vieles mehr.<\/p>\n<p>**Details**<br \/>\nFormat DIN A5 quer, 148 x 210 mm<br \/>\n144 Seiten<br \/>\nUmschlag: 2 mm Graupappe<br \/>\nInhalt: 100 g\/m2 holz- und s\u00e4urefreies Umweltpapier mit rauher Oberfl\u00e4che, naturwei\u00df<br \/>\nBuchr\u00fccken: \u00e4u\u00dferst robuste Fadenheftung und farbiger sowie elastischer Leineneinband f\u00fcr flexibles Aufschlagen<br \/>\nMotiv-Siebdruck in Handarbeit<\/p>\n<p>**Technische Hinweise**<br \/>\nBitte beachte, dass die Farben je nach Monitoreinstellung etwas von den Originalfarben abweichen k\u00f6nnen.<br \/>\nWeitere im Foto abgebildete Gegenst\u00e4nde (Stifte etc.) dienen als Verwendungsvorschlag und sind nicht im Lieferumfang enthalten!<\/p>\n<p>**Was ich noch sagen wollte**<br \/>\nM\u00f6chtest du noch weitere Papeterie mit Tiermotiven? Diese findest du in meinem Shop.<\/p>\n","protected":false},"excerpt":{"rendered":"<p>144 Seiten blanko f\u00fcr deine Ideen, Pl\u00e4ne, Gedanken, To Do-Listen und vieles mehr. **Details** Format DIN A5 quer, 148 x 210 mm 144 Seiten Umschlag: 2 mm Graupappe Inhalt: 100 g\/m2 holz- und s\u00e4urefreies Umweltpapier mit rauher Oberfl\u00e4che, naturwei\u00df Buchr\u00fccken: \u00e4u\u00dferst robuste Fadenheftung und farbiger sowie elastischer Leineneinband f\u00fcr flexibles Aufschlagen Motiv-Siebdruck in Handarbeit **Technische &hellip; <a href=\"https:\/\/www.regionalis.shop\/stift17\/shop\/skizzenbuch-baby-pinguine-din-a5-quer-144-seiten\/\">Continued<\/a><\/p>\n","protected":false},"featured_media":1074,"template":"","meta":{"_acf_changed":false},"product_brand":[],"product_cat":[161,62],"product_tag":[],"class_list":{"0":"post-1073","1":"product","2":"type-product","3":"status-publish","4":"has-post-thumbnail","6":"product_cat-notizhefte-skizzenbuecher","7":"product_cat-papeterie-schreibwaren","9":"first","10":"instock","11":"purchasable","12":"product-type-simple"},"acf":[],"_links":{"self":[{"href":"https:\/\/www.regionalis.shop\/stift17\/wp-json\/wp\/v2\/product\/1073","targetHints":{"allow":["GET"]}}],"collection":[{"href":"https:\/\/www.regionalis.shop\/stift17\/wp-json\/wp\/v2\/product"}],"about":[{"href":"https:\/\/www.regionalis.shop\/stift17\/wp-json\/wp\/v2\/types\/product"}],"wp:featuredmedia":[{"embeddable":true,"href":"https:\/\/www.regionalis.shop\/stift17\/wp-json\/wp\/v2\/media\/1074"}],"wp:attachment":[{"href":"https:\/\/www.regionalis.shop\/stift17\/wp-json\/wp\/v2\/media?parent=1073"}],"wp:term":[{"taxonomy":"product_brand","embeddable":true,"href":"https:\/\/www.regionalis.shop\/stift17\/wp-json\/wp\/v2\/product_brand?post=1073"},{"taxonomy":"product_cat","embeddable":true,"href":"https:\/\/www.regionalis.shop\/stift17\/wp-json\/wp\/v2\/product_cat?post=1073"},{"taxonomy":"product_tag","embeddable":true,"href":"https:\/\/www.regionalis.shop\/stift17\/wp-json\/wp\/v2\/product_tag?post=1073"}],"curies":[{"name":"wp","href":"https:\/\/api.w.org\/{rel}","templated":true}]}}