{"id":1233,"date":"2025-04-18T06:31:28","date_gmt":"2025-04-18T04:31:28","guid":{"rendered":"https:\/\/www.regionalis.shop\/stift17\/product\/mini-grusskarte-alles-liebe-spatz-auf-zweig-9x9-cm\/"},"modified":"2025-04-18T06:31:28","modified_gmt":"2025-04-18T04:31:28","slug":"mini-grusskarte-alles-liebe-spatz-auf-zweig-9x9-cm","status":"publish","type":"product","link":"https:\/\/www.regionalis.shop\/stift17\/shop\/mini-grusskarte-alles-liebe-spatz-auf-zweig-9x9-cm\/","title":{"rendered":"MINI-GRUSSKARTE *Alles Liebe* Spatz auf Zweig, 9&#215;9 cm"},"content":{"rendered":"<p>Mini Gru\u00dfkarte f\u00fcr einen besonderen Anlass als kleine Aufmerksamkeit,  Beigabe zum Geschenk und als h\u00fcbscher Hingucker zum Blumenstrau\u00df<\/p>\n<p>**Details**<br \/>\nFormat quadratisch, 90 x 90 mm<br \/>\nExtra starkes 600 g\/m2 Designpapier (Umweltpapier) mit sehr sch\u00f6ner matter, glatter Haptik<br \/>\nR\u00fcckseite beschreibbar, keine Klappkarte<br \/>\nInklusive wei\u00dfem Kuvert<\/p>\n<p>Handgezeichnete Illustration<br \/>\nKlimaneutraler Druck bei einem regionalen Partner<\/p>\n<p>**Technische Hinweise**<br \/>\nBitte beachte, dass die Farben je nach Monitoreinstellung etwas von den Originalfarben abweichen k\u00f6nnen.<br \/>\nWeitere im Foto abgebildete Gegenst\u00e4nde (Stifte etc.) dienen als Verwendungsvorschlag und sind nicht im Lieferumfang enthalten!<\/p>\n<p>**Was ich noch sagen wollte**<br \/>\nM\u00f6chtest du noch weitere Papeterie mit Tiermotiven? Diese findest du in meinem Shop.<\/p>\n","protected":false},"excerpt":{"rendered":"<p>Mini Gru\u00dfkarte f\u00fcr einen besonderen Anlass als kleine Aufmerksamkeit, Beigabe zum Geschenk und als h\u00fcbscher Hingucker zum Blumenstrau\u00df **Details** Format quadratisch, 90 x 90 mm Extra starkes 600 g\/m2 Designpapier (Umweltpapier) mit sehr sch\u00f6ner matter, glatter Haptik R\u00fcckseite beschreibbar, keine Klappkarte Inklusive wei\u00dfem Kuvert Handgezeichnete Illustration Klimaneutraler Druck bei einem regionalen Partner **Technische Hinweise** Bitte &hellip; <a href=\"https:\/\/www.regionalis.shop\/stift17\/shop\/mini-grusskarte-alles-liebe-spatz-auf-zweig-9x9-cm\/\">Continued<\/a><\/p>\n","protected":false},"featured_media":1234,"template":"","meta":{"_acf_changed":false},"product_brand":[],"product_cat":[134,62],"product_tag":[],"class_list":{"0":"post-1233","1":"product","2":"type-product","3":"status-publish","4":"has-post-thumbnail","6":"product_cat-geschenk-gruskarten","7":"product_cat-papeterie-schreibwaren","9":"first","10":"instock","11":"purchasable","12":"product-type-simple"},"acf":[],"_links":{"self":[{"href":"https:\/\/www.regionalis.shop\/stift17\/wp-json\/wp\/v2\/product\/1233","targetHints":{"allow":["GET"]}}],"collection":[{"href":"https:\/\/www.regionalis.shop\/stift17\/wp-json\/wp\/v2\/product"}],"about":[{"href":"https:\/\/www.regionalis.shop\/stift17\/wp-json\/wp\/v2\/types\/product"}],"wp:featuredmedia":[{"embeddable":true,"href":"https:\/\/www.regionalis.shop\/stift17\/wp-json\/wp\/v2\/media\/1234"}],"wp:attachment":[{"href":"https:\/\/www.regionalis.shop\/stift17\/wp-json\/wp\/v2\/media?parent=1233"}],"wp:term":[{"taxonomy":"product_brand","embeddable":true,"href":"https:\/\/www.regionalis.shop\/stift17\/wp-json\/wp\/v2\/product_brand?post=1233"},{"taxonomy":"product_cat","embeddable":true,"href":"https:\/\/www.regionalis.shop\/stift17\/wp-json\/wp\/v2\/product_cat?post=1233"},{"taxonomy":"product_tag","embeddable":true,"href":"https:\/\/www.regionalis.shop\/stift17\/wp-json\/wp\/v2\/product_tag?post=1233"}],"curies":[{"name":"wp","href":"https:\/\/api.w.org\/{rel}","templated":true}]}}