{"id":1280,"date":"2025-04-18T03:58:43","date_gmt":"2025-04-18T01:58:43","guid":{"rendered":"https:\/\/www.regionalis.shop\/stift17\/product\/5er-set-notizbloecke-din-lang-50-blatt\/"},"modified":"2025-04-18T03:58:43","modified_gmt":"2025-04-18T01:58:43","slug":"5er-set-notizbloecke-din-lang-50-blatt","status":"publish","type":"product","link":"https:\/\/www.regionalis.shop\/stift17\/shop\/5er-set-notizbloecke-din-lang-50-blatt\/","title":{"rendered":"5er-Set NOTIZBL\u00d6CKE, DIN lang, 50 Blatt"},"content":{"rendered":"<p>Praktische Notizbl\u00f6cke im 5er-Set f\u00fcr alle, die viel zu notieren haben. Als klassische Einkaufsliste, To-Do-Liste, Packliste oder Rezeptseite, damit nichts mehr vergessen wird!<\/p>\n<p>**Details**<br \/>\nMotiv(e): Baby-Pinguine, B\u00e4renjunges, kleiner Dachs, Orca, Erdm\u00e4nnchen<br \/>\nFormat DIN lang, 100 x 210 mm<br \/>\n50 Blatt (jede einzelne Seite mit Motiv bedruckt)<br \/>\n100 g\/m2 Recyclingpapier<br \/>\nLeimbindung oben<br \/>\nR\u00fcckwand aus Graupappe<br \/>\nHandgemachte Illustration<br \/>\nKlimaneutral gedruckt in Deutschland<\/p>\n<p>**Technische Hinweise**<br \/>\nBitte beachte, dass die Farben je nach Monitoreinstellung etwas von den Originalfarben abweichen k\u00f6nnen.<br \/>\nWeitere im Foto abgebildete Gegenst\u00e4nde (Stifte etc.) dienen als Verwendungsvorschlag und sind nicht im Lieferumfang enthalten!<\/p>\n<p>**Was ich noch sagen wollte**<br \/>\nM\u00f6chtest du noch weitere Papeterie mit Tiermotiven? Diese findest du in meinem Shop.<\/p>\n","protected":false},"excerpt":{"rendered":"<p>Praktische Notizbl\u00f6cke im 5er-Set f\u00fcr alle, die viel zu notieren haben. Als klassische Einkaufsliste, To-Do-Liste, Packliste oder Rezeptseite, damit nichts mehr vergessen wird! **Details** Motiv(e): Baby-Pinguine, B\u00e4renjunges, kleiner Dachs, Orca, Erdm\u00e4nnchen Format DIN lang, 100 x 210 mm 50 Blatt (jede einzelne Seite mit Motiv bedruckt) 100 g\/m2 Recyclingpapier Leimbindung oben R\u00fcckwand aus Graupappe Handgemachte &hellip; <a href=\"https:\/\/www.regionalis.shop\/stift17\/shop\/5er-set-notizbloecke-din-lang-50-blatt\/\">Continued<\/a><\/p>\n","protected":false},"featured_media":1281,"template":"","meta":{"_acf_changed":false},"product_brand":[],"product_cat":[161,62],"product_tag":[],"class_list":{"0":"post-1280","1":"product","2":"type-product","3":"status-publish","4":"has-post-thumbnail","6":"product_cat-notizhefte-skizzenbuecher","7":"product_cat-papeterie-schreibwaren","9":"first","10":"instock","11":"purchasable","12":"product-type-simple"},"acf":[],"_links":{"self":[{"href":"https:\/\/www.regionalis.shop\/stift17\/wp-json\/wp\/v2\/product\/1280","targetHints":{"allow":["GET"]}}],"collection":[{"href":"https:\/\/www.regionalis.shop\/stift17\/wp-json\/wp\/v2\/product"}],"about":[{"href":"https:\/\/www.regionalis.shop\/stift17\/wp-json\/wp\/v2\/types\/product"}],"wp:featuredmedia":[{"embeddable":true,"href":"https:\/\/www.regionalis.shop\/stift17\/wp-json\/wp\/v2\/media\/1281"}],"wp:attachment":[{"href":"https:\/\/www.regionalis.shop\/stift17\/wp-json\/wp\/v2\/media?parent=1280"}],"wp:term":[{"taxonomy":"product_brand","embeddable":true,"href":"https:\/\/www.regionalis.shop\/stift17\/wp-json\/wp\/v2\/product_brand?post=1280"},{"taxonomy":"product_cat","embeddable":true,"href":"https:\/\/www.regionalis.shop\/stift17\/wp-json\/wp\/v2\/product_cat?post=1280"},{"taxonomy":"product_tag","embeddable":true,"href":"https:\/\/www.regionalis.shop\/stift17\/wp-json\/wp\/v2\/product_tag?post=1280"}],"curies":[{"name":"wp","href":"https:\/\/api.w.org\/{rel}","templated":true}]}}