{"id":3,"date":"2023-10-31T09:02:46","date_gmt":"2023-10-31T09:02:46","guid":{"rendered":"https:\/\/stage.shop-it.at\/?page_id=3"},"modified":"2025-10-23T16:29:26","modified_gmt":"2025-10-23T14:29:26","slug":"datenschutzerklarung","status":"publish","type":"page","link":"https:\/\/www.regionalis.shop\/stoffega\/datenschutzerklarung\/","title":{"rendered":"Datenschutzerkl\u00e4rung"},"content":{"rendered":"<section>\n            <p>Patchwork und mehr &#8211; liebevoll Gen\u00e4htes aus hochwertigen Designerstoffen  und portugiesischem Kork.<\/p>\n<p>Alle meine Produkte sind Einzelst\u00fccke und zu 100% von mir pers\u00f6nlich mit Liebe zum Detail handgefertigt.<\/p>\n<p>Ich bin Astrid und ich habe mir mit stoffEGA den Traum erf\u00fcllt mehr Zeit mit dem zu verbringen, das ich liebe.<\/p>\n<p>Ich liebe es, hochwertige Designer-Stoffe in der Hand zu haben, miteinander zu kombinieren und so zuzuschneiden, dass neue Muster entstehen.<\/p>\n<p>Ich liebe es, Stoffe im Patchwork-Stil zusammenzun\u00e4hen und so neue einzigartige Muster- und Farbkombinationen entstehen zu lassen. Dabei ist jedes St\u00fcck ein Unikat.<\/p>\n<p>Ich liebe es, wenn ich wei\u00df, dass diese gen\u00e4hten Dinge verwendet werden, nicht nur zum Anschauen da sind, sondern ein wenig Kunst in den Alltag einflie\u00dfen lassen und damit ihre Besitzer erfreuen.<\/p>\n<p>Mehr Produkte bzw. Designs findest du auf meiner Webseite: www.stoffega.com<\/p>\n\n    <\/section>","protected":false},"excerpt":{"rendered":"","protected":false},"author":1,"featured_media":0,"parent":0,"menu_order":0,"comment_status":"closed","ping_status":"closed","template":"","meta":{"_acf_changed":false,"footnotes":""},"class_list":["post-3","page","type-page","status-publish","hentry"],"acf":[],"_links":{"self":[{"href":"https:\/\/www.regionalis.shop\/stoffega\/wp-json\/wp\/v2\/pages\/3","targetHints":{"allow":["GET"]}}],"collection":[{"href":"https:\/\/www.regionalis.shop\/stoffega\/wp-json\/wp\/v2\/pages"}],"about":[{"href":"https:\/\/www.regionalis.shop\/stoffega\/wp-json\/wp\/v2\/types\/page"}],"author":[{"embeddable":true,"href":"https:\/\/www.regionalis.shop\/stoffega\/wp-json\/wp\/v2\/users\/1"}],"replies":[{"embeddable":true,"href":"https:\/\/www.regionalis.shop\/stoffega\/wp-json\/wp\/v2\/comments?post=3"}],"version-history":[{"count":4,"href":"https:\/\/www.regionalis.shop\/stoffega\/wp-json\/wp\/v2\/pages\/3\/revisions"}],"predecessor-version":[{"id":1047,"href":"https:\/\/www.regionalis.shop\/stoffega\/wp-json\/wp\/v2\/pages\/3\/revisions\/1047"}],"wp:attachment":[{"href":"https:\/\/www.regionalis.shop\/stoffega\/wp-json\/wp\/v2\/media?parent=3"}],"curies":[{"name":"wp","href":"https:\/\/api.w.org\/{rel}","templated":true}]}}