{"id":862,"date":"2025-05-24T13:44:06","date_gmt":"2025-05-24T11:44:06","guid":{"rendered":"https:\/\/starter.stage.shop-it.at\/?page_id=862"},"modified":"2025-10-23T15:21:37","modified_gmt":"2025-10-23T13:21:37","slug":"startseite","status":"publish","type":"page","link":"https:\/\/www.regionalis.shop\/stoffega\/","title":{"rendered":"Startseite"},"content":{"rendered":"<section>\n    <div class=\"header-title\">\n        <h1 class=\"h2\">Willkommen bei stoffEGA<\/h1>\n    <\/div>\n            <h2 class=\"h3\">Handgemacht in Villach \/ \u00d6sterreich<\/h2>\n                <p>Patchwork und mehr &#8211; liebevoll Gen\u00e4htes aus hochwertigen Designerstoffen  und portugiesischem Kork.<\/p>\n<p>Alle meine Produkte sind Einzelst\u00fccke und zu 100% von mir pers\u00f6nlich mit Liebe zum Detail handgefertigt.<\/p>\n<p>Ich bin Astrid und ich habe mir mit stoffEGA den Traum erf\u00fcllt mehr Zeit mit dem zu verbringen, das ich liebe.<\/p>\n<p>Ich liebe es, hochwertige Designer-Stoffe in der Hand zu haben, miteinander zu kombinieren und so zuzuschneiden, dass neue Muster entstehen.<\/p>\n<p>Ich liebe es, Stoffe im Patchwork-Stil zusammenzun\u00e4hen und so neue einzigartige Muster- und Farbkombinationen entstehen zu lassen. Dabei ist jedes St\u00fcck ein Unikat.<\/p>\n<p>Ich liebe es, wenn ich wei\u00df, dass diese gen\u00e4hten Dinge verwendet werden, nicht nur zum Anschauen da sind, sondern ein wenig Kunst in den Alltag einflie\u00dfen lassen und damit ihre Besitzer erfreuen.<\/p>\n<p>Mehr Produkte bzw. Designs findest du auf meiner Webseite: www.stoffega.com<\/p>\n\n    \n    <h3>Produkte<\/h3>\n\n    <div class=\"woocommerce columns-3 \"><ul class=\"products columns-3\">\n<li class=\"product type-product post-1052 status-publish first instock product_cat-wohndekoration product_cat-wohnen-deko has-post-thumbnail purchasable product-type-simple\">\n\t<a href=\"https:\/\/www.regionalis.shop\/stoffega\/shop\/osterhasenkoerbchen-lila-punkte\/\" class=\"woocommerce-LoopProduct-link woocommerce-loop-product__link\"><div class=\"wc-block-grid__product-image\"><img loading=\"lazy\" decoding=\"async\" width=\"420\" height=\"420\" src=\"https:\/\/www.regionalis.shop\/app\/uploads\/sites\/573\/2407_2021_03_25_13_04_15_219908044.jpg\" class=\"attachment-large size-large\" alt=\"Osterhasenk\u00f6rbchen lila Punkte\" srcset=\"https:\/\/www.regionalis.shop\/app\/uploads\/sites\/573\/2407_2021_03_25_13_04_15_219908044.jpg 420w, https:\/\/www.regionalis.shop\/app\/uploads\/sites\/573\/2407_2021_03_25_13_04_15_219908044-300x300.jpg 300w, https:\/\/www.regionalis.shop\/app\/uploads\/sites\/573\/2407_2021_03_25_13_04_15_219908044-150x150.jpg 150w, https:\/\/www.regionalis.shop\/app\/uploads\/sites\/573\/2407_2021_03_25_13_04_15_219908044-100x100.jpg 100w\" sizes=\"auto, (max-width: 420px) 100vw, 420px\" \/><\/div><h2 class=\"woocommerce-loop-product__title\">Osterhasenk\u00f6rbchen lila Punkte<\/h2>\n\t<span class=\"price\"><span class=\"woocommerce-Price-amount amount\"><bdi>20,00&nbsp;<span class=\"woocommerce-Price-currencySymbol\">&euro;<\/span><\/bdi><\/span><\/span>\n<\/a><\/li>\n<li class=\"product type-product post-1060 status-publish instock product_cat-notizhefte-skizzenbuecher product_cat-papeterie-schreibwaren has-post-thumbnail purchasable product-type-simple\">\n\t<a href=\"https:\/\/www.regionalis.shop\/stoffega\/shop\/mappe-b5-rosa-kreise\/\" class=\"woocommerce-LoopProduct-link woocommerce-loop-product__link\"><div class=\"wc-block-grid__product-image\"><img loading=\"lazy\" decoding=\"async\" width=\"420\" height=\"420\" src=\"https:\/\/www.regionalis.shop\/app\/uploads\/sites\/573\/2407_2021_01_14_12_44_10_950125870.jpg\" class=\"attachment-large size-large\" alt=\"Mappe B5 - rosa Kreise\" srcset=\"https:\/\/www.regionalis.shop\/app\/uploads\/sites\/573\/2407_2021_01_14_12_44_10_950125870.jpg 420w, https:\/\/www.regionalis.shop\/app\/uploads\/sites\/573\/2407_2021_01_14_12_44_10_950125870-300x300.jpg 300w, https:\/\/www.regionalis.shop\/app\/uploads\/sites\/573\/2407_2021_01_14_12_44_10_950125870-150x150.jpg 150w, https:\/\/www.regionalis.shop\/app\/uploads\/sites\/573\/2407_2021_01_14_12_44_10_950125870-100x100.jpg 100w\" sizes=\"auto, (max-width: 420px) 100vw, 420px\" \/><\/div><h2 class=\"woocommerce-loop-product__title\">Mappe B5 &#8211; rosa Kreise<\/h2>\n\t<span class=\"price\"><span class=\"woocommerce-Price-amount amount\"><bdi>50,00&nbsp;<span class=\"woocommerce-Price-currencySymbol\">&euro;<\/span><\/bdi><\/span><\/span>\n<\/a><\/li>\n<li class=\"product type-product post-1057 status-publish last instock product_cat-accessoires-baby-kinder product_cat-baby-kinder has-post-thumbnail purchasable product-type-simple\">\n\t<a href=\"https:\/\/www.regionalis.shop\/stoffega\/shop\/mappe-a6-hundepass\/\" class=\"woocommerce-LoopProduct-link woocommerce-loop-product__link\"><div class=\"wc-block-grid__product-image\"><img loading=\"lazy\" decoding=\"async\" width=\"420\" height=\"420\" src=\"https:\/\/www.regionalis.shop\/app\/uploads\/sites\/573\/2407_2021_11_25_19_18_16_799128322.jpg\" class=\"attachment-large size-large\" alt=\"Mappe A6 - Hundepass\" srcset=\"https:\/\/www.regionalis.shop\/app\/uploads\/sites\/573\/2407_2021_11_25_19_18_16_799128322.jpg 420w, https:\/\/www.regionalis.shop\/app\/uploads\/sites\/573\/2407_2021_11_25_19_18_16_799128322-300x300.jpg 300w, https:\/\/www.regionalis.shop\/app\/uploads\/sites\/573\/2407_2021_11_25_19_18_16_799128322-150x150.jpg 150w, https:\/\/www.regionalis.shop\/app\/uploads\/sites\/573\/2407_2021_11_25_19_18_16_799128322-100x100.jpg 100w\" sizes=\"auto, (max-width: 420px) 100vw, 420px\" \/><\/div><h2 class=\"woocommerce-loop-product__title\">Mappe A6 &#8211; Hundepass<\/h2>\n\t<span class=\"price\"><span class=\"woocommerce-Price-amount amount\"><bdi>40,00&nbsp;<span class=\"woocommerce-Price-currencySymbol\">&euro;<\/span><\/bdi><\/span><\/span>\n<\/a><\/li>\n<\/ul>\n<\/div>\n    <p>\n        <a href=\"https:\/\/www.regionalis.shop\/stoffega\/shop\/\" class=\"btn btn-primary btn-icon-right\">\n            Alle Produkte <i class=\"bi bi-arrow-right-short\"><\/i>\n        <\/a>\n    <\/p>\n<\/section>\n\n<div data-block-name=\"woocommerce\/store-notices\" class=\"wc-block-store-notices woocommerce alignwide alignwide wp-block-woocommerce-store-notices\"><div class=\"woocommerce-notices-wrapper\"><\/div><\/div>","protected":false},"excerpt":{"rendered":"","protected":false},"author":1,"featured_media":0,"parent":0,"menu_order":0,"comment_status":"closed","ping_status":"closed","template":"template-home.blade.php","meta":{"_acf_changed":false,"footnotes":""},"class_list":["post-862","page","type-page","status-publish","hentry"],"acf":[],"_links":{"self":[{"href":"https:\/\/www.regionalis.shop\/stoffega\/wp-json\/wp\/v2\/pages\/862","targetHints":{"allow":["GET"]}}],"collection":[{"href":"https:\/\/www.regionalis.shop\/stoffega\/wp-json\/wp\/v2\/pages"}],"about":[{"href":"https:\/\/www.regionalis.shop\/stoffega\/wp-json\/wp\/v2\/types\/page"}],"author":[{"embeddable":true,"href":"https:\/\/www.regionalis.shop\/stoffega\/wp-json\/wp\/v2\/users\/1"}],"replies":[{"embeddable":true,"href":"https:\/\/www.regionalis.shop\/stoffega\/wp-json\/wp\/v2\/comments?post=862"}],"version-history":[{"count":28,"href":"https:\/\/www.regionalis.shop\/stoffega\/wp-json\/wp\/v2\/pages\/862\/revisions"}],"predecessor-version":[{"id":1041,"href":"https:\/\/www.regionalis.shop\/stoffega\/wp-json\/wp\/v2\/pages\/862\/revisions\/1041"}],"wp:attachment":[{"href":"https:\/\/www.regionalis.shop\/stoffega\/wp-json\/wp\/v2\/media?parent=862"}],"curies":[{"name":"wp","href":"https:\/\/api.w.org\/{rel}","templated":true}]}}