{"id":1052,"date":"2025-04-18T02:05:09","date_gmt":"2025-04-18T00:05:09","guid":{"rendered":"https:\/\/www.regionalis.shop\/stoffega\/product\/osterhasenkoerbchen-lila-punkte\/"},"modified":"2025-04-18T02:05:09","modified_gmt":"2025-04-18T00:05:09","slug":"osterhasenkoerbchen-lila-punkte","status":"publish","type":"product","link":"https:\/\/www.regionalis.shop\/stoffega\/shop\/osterhasenkoerbchen-lila-punkte\/","title":{"rendered":"Osterhasenk\u00f6rbchen lila Punkte"},"content":{"rendered":"<p>Diese kleinen Stoffbeutel eigenen sich wunderbar als originelle Verpackung f\u00fcr Ostergeschenke. Nach Ostern ist es ein kleines dekoratives K\u00f6rbchen, in dem sich allerhand kleiner Krimskrams gut verwahren l\u00e4\u00dft.<\/p>\n<p>Der Osterhasenbeutel ist handgefertigt aus hochwertigen Leinen- und Baumwollstoffen<\/p>\n<p>Gr\u00f6\u00dfe: ca. 9cm x 9cm x 9cm<\/p>\n","protected":false},"excerpt":{"rendered":"<p>Diese kleinen Stoffbeutel eigenen sich wunderbar als originelle Verpackung f\u00fcr Ostergeschenke. Nach Ostern ist es ein kleines dekoratives K\u00f6rbchen, in dem sich allerhand kleiner Krimskrams gut verwahren l\u00e4\u00dft. Der Osterhasenbeutel ist handgefertigt aus hochwertigen Leinen- und Baumwollstoffen Gr\u00f6\u00dfe: ca. 9cm x 9cm x 9cm<\/p>\n","protected":false},"featured_media":1053,"template":"","meta":{"_acf_changed":false},"product_brand":[],"product_cat":[174,103],"product_tag":[],"class_list":{"0":"post-1052","1":"product","2":"type-product","3":"status-publish","4":"has-post-thumbnail","6":"product_cat-wohndekoration","7":"product_cat-wohnen-deko","9":"first","10":"instock","11":"purchasable","12":"product-type-simple"},"acf":[],"_links":{"self":[{"href":"https:\/\/www.regionalis.shop\/stoffega\/wp-json\/wp\/v2\/product\/1052","targetHints":{"allow":["GET"]}}],"collection":[{"href":"https:\/\/www.regionalis.shop\/stoffega\/wp-json\/wp\/v2\/product"}],"about":[{"href":"https:\/\/www.regionalis.shop\/stoffega\/wp-json\/wp\/v2\/types\/product"}],"wp:featuredmedia":[{"embeddable":true,"href":"https:\/\/www.regionalis.shop\/stoffega\/wp-json\/wp\/v2\/media\/1053"}],"wp:attachment":[{"href":"https:\/\/www.regionalis.shop\/stoffega\/wp-json\/wp\/v2\/media?parent=1052"}],"wp:term":[{"taxonomy":"product_brand","embeddable":true,"href":"https:\/\/www.regionalis.shop\/stoffega\/wp-json\/wp\/v2\/product_brand?post=1052"},{"taxonomy":"product_cat","embeddable":true,"href":"https:\/\/www.regionalis.shop\/stoffega\/wp-json\/wp\/v2\/product_cat?post=1052"},{"taxonomy":"product_tag","embeddable":true,"href":"https:\/\/www.regionalis.shop\/stoffega\/wp-json\/wp\/v2\/product_tag?post=1052"}],"curies":[{"name":"wp","href":"https:\/\/api.w.org\/{rel}","templated":true}]}}