{"id":1060,"date":"2025-04-18T01:28:28","date_gmt":"2025-04-17T23:28:28","guid":{"rendered":"https:\/\/www.regionalis.shop\/stoffega\/product\/mappe-b5-rosa-kreise\/"},"modified":"2025-04-18T01:28:28","modified_gmt":"2025-04-17T23:28:28","slug":"mappe-b5-rosa-kreise","status":"publish","type":"product","link":"https:\/\/www.regionalis.shop\/stoffega\/shop\/mappe-b5-rosa-kreise\/","title":{"rendered":"Mappe B5 &#8211; rosa Kreise"},"content":{"rendered":"<p>Meine Mappen sind handgefertigt aus hochwertigen Baumwollstoffen und wunderbar weichen Essex-Leinen<\/p>\n<p>Gr\u00f6\u00dfe: 21cm x 28cm (passend f\u00fcr ein Din B5-Heft \/ Kalender).  Das Heft ist im Lieferumfang nicht inkludiert.<\/p>\n<p>Diese Mappe ist der ideale Begleiter f\u00fcr alle, die auf ihren Kalender aus Papier nicht verzichten m\u00f6chten. In den Seitenf\u00e4chern ist genug Platz um Notizen und andere Papiere gut zu verstauen. Mittels der Gummib\u00e4nder in der Mitte kann man auch mehrere Hefte gleichzeitig in der Mappe befestigen oder die Gummib\u00e4nder als Lesezeichen nutzen.<\/p>\n<p>Die Mappe l\u00e4\u00dft sich mit einem Rundgummi schnell schlie\u00dfen, sodass alles sicher verwahrt ist.<\/p>\n","protected":false},"excerpt":{"rendered":"<p>Meine Mappen sind handgefertigt aus hochwertigen Baumwollstoffen und wunderbar weichen Essex-Leinen Gr\u00f6\u00dfe: 21cm x 28cm (passend f\u00fcr ein Din B5-Heft \/ Kalender). Das Heft ist im Lieferumfang nicht inkludiert. Diese Mappe ist der ideale Begleiter f\u00fcr alle, die auf ihren Kalender aus Papier nicht verzichten m\u00f6chten. In den Seitenf\u00e4chern ist genug Platz um Notizen und &hellip; <a href=\"https:\/\/www.regionalis.shop\/stoffega\/shop\/mappe-b5-rosa-kreise\/\">Continued<\/a><\/p>\n","protected":false},"featured_media":1061,"template":"","meta":{"_acf_changed":false},"product_brand":[],"product_cat":[161,62],"product_tag":[],"class_list":{"0":"post-1060","1":"product","2":"type-product","3":"status-publish","4":"has-post-thumbnail","6":"product_cat-notizhefte-skizzenbuecher","7":"product_cat-papeterie-schreibwaren","9":"first","10":"instock","11":"purchasable","12":"product-type-simple"},"acf":[],"_links":{"self":[{"href":"https:\/\/www.regionalis.shop\/stoffega\/wp-json\/wp\/v2\/product\/1060","targetHints":{"allow":["GET"]}}],"collection":[{"href":"https:\/\/www.regionalis.shop\/stoffega\/wp-json\/wp\/v2\/product"}],"about":[{"href":"https:\/\/www.regionalis.shop\/stoffega\/wp-json\/wp\/v2\/types\/product"}],"wp:featuredmedia":[{"embeddable":true,"href":"https:\/\/www.regionalis.shop\/stoffega\/wp-json\/wp\/v2\/media\/1061"}],"wp:attachment":[{"href":"https:\/\/www.regionalis.shop\/stoffega\/wp-json\/wp\/v2\/media?parent=1060"}],"wp:term":[{"taxonomy":"product_brand","embeddable":true,"href":"https:\/\/www.regionalis.shop\/stoffega\/wp-json\/wp\/v2\/product_brand?post=1060"},{"taxonomy":"product_cat","embeddable":true,"href":"https:\/\/www.regionalis.shop\/stoffega\/wp-json\/wp\/v2\/product_cat?post=1060"},{"taxonomy":"product_tag","embeddable":true,"href":"https:\/\/www.regionalis.shop\/stoffega\/wp-json\/wp\/v2\/product_tag?post=1060"}],"curies":[{"name":"wp","href":"https:\/\/api.w.org\/{rel}","templated":true}]}}