{"id":1063,"date":"2025-04-18T00:48:45","date_gmt":"2025-04-17T22:48:45","guid":{"rendered":"https:\/\/www.regionalis.shop\/stoffega\/product\/schluesselanhaenger-hexagons\/"},"modified":"2025-04-18T00:48:45","modified_gmt":"2025-04-17T22:48:45","slug":"schluesselanhaenger-hexagons","status":"publish","type":"product","link":"https:\/\/www.regionalis.shop\/stoffega\/shop\/schluesselanhaenger-hexagons\/","title":{"rendered":"Schl\u00fcsselanh\u00e4nger Hexagons"},"content":{"rendered":"<p>Dieser Schl\u00fcsselanh\u00e4nger ist handgefertigt aus portugiesischem Kork.<\/p>\n<p>Gr\u00f6\u00dfe: ca. 13cm x 3,5cm<\/p>\n<p>Dieses Schl\u00fcsselband ist ein praktischer Begleiter. Das Band l\u00e4sst sich gut \u00fcber die Hand streifen und so braucht man den Schl\u00fcssel nicht extra festhalten. Nat\u00fcrlich hilft es auch, den Schl\u00fcssel leichter in der Handtasche zu finden.<\/p>\n<p>Die Schl\u00fcsselb\u00e4nder haben oben eine Metall-Klemme mit einer gro\u00dfen \u00d6se und einem zus\u00e4tzlichen Schl\u00fcsselring zum Befestigen der Schl\u00fcssel.<\/p>\n","protected":false},"excerpt":{"rendered":"<p>Dieser Schl\u00fcsselanh\u00e4nger ist handgefertigt aus portugiesischem Kork. Gr\u00f6\u00dfe: ca. 13cm x 3,5cm Dieses Schl\u00fcsselband ist ein praktischer Begleiter. Das Band l\u00e4sst sich gut \u00fcber die Hand streifen und so braucht man den Schl\u00fcssel nicht extra festhalten. Nat\u00fcrlich hilft es auch, den Schl\u00fcssel leichter in der Handtasche zu finden. Die Schl\u00fcsselb\u00e4nder haben oben eine Metall-Klemme mit &hellip; <a href=\"https:\/\/www.regionalis.shop\/stoffega\/shop\/schluesselanhaenger-hexagons\/\">Continued<\/a><\/p>\n","protected":false},"featured_media":1064,"template":"","meta":{"_acf_changed":false},"product_brand":[],"product_cat":[37,68],"product_tag":[],"class_list":{"0":"post-1063","1":"product","2":"type-product","3":"status-publish","4":"has-post-thumbnail","6":"product_cat-accessoires","7":"product_cat-schluesselanhaenger","9":"first","10":"instock","11":"purchasable","12":"product-type-simple"},"acf":[],"_links":{"self":[{"href":"https:\/\/www.regionalis.shop\/stoffega\/wp-json\/wp\/v2\/product\/1063","targetHints":{"allow":["GET"]}}],"collection":[{"href":"https:\/\/www.regionalis.shop\/stoffega\/wp-json\/wp\/v2\/product"}],"about":[{"href":"https:\/\/www.regionalis.shop\/stoffega\/wp-json\/wp\/v2\/types\/product"}],"wp:featuredmedia":[{"embeddable":true,"href":"https:\/\/www.regionalis.shop\/stoffega\/wp-json\/wp\/v2\/media\/1064"}],"wp:attachment":[{"href":"https:\/\/www.regionalis.shop\/stoffega\/wp-json\/wp\/v2\/media?parent=1063"}],"wp:term":[{"taxonomy":"product_brand","embeddable":true,"href":"https:\/\/www.regionalis.shop\/stoffega\/wp-json\/wp\/v2\/product_brand?post=1063"},{"taxonomy":"product_cat","embeddable":true,"href":"https:\/\/www.regionalis.shop\/stoffega\/wp-json\/wp\/v2\/product_cat?post=1063"},{"taxonomy":"product_tag","embeddable":true,"href":"https:\/\/www.regionalis.shop\/stoffega\/wp-json\/wp\/v2\/product_tag?post=1063"}],"curies":[{"name":"wp","href":"https:\/\/api.w.org\/{rel}","templated":true}]}}