{"id":1065,"date":"2025-04-18T00:48:17","date_gmt":"2025-04-17T22:48:17","guid":{"rendered":"https:\/\/www.regionalis.shop\/stoffega\/product\/schluesselanhaenger-stoff\/"},"modified":"2025-04-18T00:48:17","modified_gmt":"2025-04-17T22:48:17","slug":"schluesselanhaenger-stoff","status":"publish","type":"product","link":"https:\/\/www.regionalis.shop\/stoffega\/shop\/schluesselanhaenger-stoff\/","title":{"rendered":"Schl\u00fcsselanh\u00e4nger Stoff"},"content":{"rendered":"<p>Dieser Schl\u00fcsselanh\u00e4nger ist handgefertigt aus hochwertigen Baumwollstoffen <\/p>\n<p>Gr\u00f6\u00dfe: ca. 13cm x 3,5cm<\/p>\n<p>Dieses Schl\u00fcsselband ist ein praktischer Begleiter. Das Band l\u00e4sst sich gut \u00fcber die Hand streifen und so braucht man den Schl\u00fcssel nicht extra festhalten. Nat\u00fcrlich hilft es auch, den Schl\u00fcssel leichter in der Handtasche zu finden.<\/p>\n<p>Die Schl\u00fcsselb\u00e4nder sind aus zwei unterschiedlichen Designer-Patchworkstoffen bzw. manche  auch mit dem wunderbar weichem Essex-Leinen gearbeitet und haben oben eine Metall-Klemme mit einer gro\u00dfen \u00d6se und einem zus\u00e4tzlichen Schl\u00fcsselring zum Befestigen der Schl\u00fcssel.<\/p>\n<p>Bitte bei der Bestellung die Nummer deines gew\u00fcnschten Schl\u00fcsselanh\u00e4ngers ins Kommentarfeld schreiben.<\/p>\n","protected":false},"excerpt":{"rendered":"<p>Dieser Schl\u00fcsselanh\u00e4nger ist handgefertigt aus hochwertigen Baumwollstoffen Gr\u00f6\u00dfe: ca. 13cm x 3,5cm Dieses Schl\u00fcsselband ist ein praktischer Begleiter. Das Band l\u00e4sst sich gut \u00fcber die Hand streifen und so braucht man den Schl\u00fcssel nicht extra festhalten. Nat\u00fcrlich hilft es auch, den Schl\u00fcssel leichter in der Handtasche zu finden. Die Schl\u00fcsselb\u00e4nder sind aus zwei unterschiedlichen Designer-Patchworkstoffen &hellip; <a href=\"https:\/\/www.regionalis.shop\/stoffega\/shop\/schluesselanhaenger-stoff\/\">Continued<\/a><\/p>\n","protected":false},"featured_media":1066,"template":"","meta":{"_acf_changed":false},"product_brand":[],"product_cat":[37,68],"product_tag":[],"class_list":{"0":"post-1065","1":"product","2":"type-product","3":"status-publish","4":"has-post-thumbnail","6":"product_cat-accessoires","7":"product_cat-schluesselanhaenger","9":"first","10":"instock","11":"purchasable","12":"product-type-simple"},"acf":[],"_links":{"self":[{"href":"https:\/\/www.regionalis.shop\/stoffega\/wp-json\/wp\/v2\/product\/1065","targetHints":{"allow":["GET"]}}],"collection":[{"href":"https:\/\/www.regionalis.shop\/stoffega\/wp-json\/wp\/v2\/product"}],"about":[{"href":"https:\/\/www.regionalis.shop\/stoffega\/wp-json\/wp\/v2\/types\/product"}],"wp:featuredmedia":[{"embeddable":true,"href":"https:\/\/www.regionalis.shop\/stoffega\/wp-json\/wp\/v2\/media\/1066"}],"wp:attachment":[{"href":"https:\/\/www.regionalis.shop\/stoffega\/wp-json\/wp\/v2\/media?parent=1065"}],"wp:term":[{"taxonomy":"product_brand","embeddable":true,"href":"https:\/\/www.regionalis.shop\/stoffega\/wp-json\/wp\/v2\/product_brand?post=1065"},{"taxonomy":"product_cat","embeddable":true,"href":"https:\/\/www.regionalis.shop\/stoffega\/wp-json\/wp\/v2\/product_cat?post=1065"},{"taxonomy":"product_tag","embeddable":true,"href":"https:\/\/www.regionalis.shop\/stoffega\/wp-json\/wp\/v2\/product_tag?post=1065"}],"curies":[{"name":"wp","href":"https:\/\/api.w.org\/{rel}","templated":true}]}}