{"id":1077,"date":"2025-04-18T00:48:17","date_gmt":"2025-04-17T22:48:17","guid":{"rendered":"https:\/\/www.regionalis.shop\/stoffega\/product\/patchworkpolster-bunte-sterne\/"},"modified":"2025-04-18T00:48:17","modified_gmt":"2025-04-17T22:48:17","slug":"patchworkpolster-bunte-sterne","status":"publish","type":"product","link":"https:\/\/www.regionalis.shop\/stoffega\/shop\/patchworkpolster-bunte-sterne\/","title":{"rendered":"Patchworkpolster bunte Sterne"},"content":{"rendered":"<p>Das Kissen ist handgefertigt aus hochwertigen Baumwollstoffen und kuscheligen Teddy-Fleece<\/p>\n<p>Gr\u00f6\u00dfe: ca. 50cm x 50cm<\/p>\n<p>Polster-Inlet ist im Lieferumfang nicht enthalten.<\/p>\n<p>Dieser Polster\u00fcberzug wurde nach eigenem Entwurf aus Designer-Patchworkstoffen gearbeitet. F\u00fcr die R\u00fcckseite wurde ein Teddy-Fleece-Stoff verwendet, der zum gem\u00fctlichen Kuscheln einl\u00e4dt.<\/p>\n<p>Der Kissen\u00fcberzug l\u00e4sst sich an der Unterseite mit einem Rei\u00dfverschluss \u00f6ffnen und kann auch in der Waschmaschine bei 40 Grad gewaschen werden.<\/p>\n","protected":false},"excerpt":{"rendered":"<p>Das Kissen ist handgefertigt aus hochwertigen Baumwollstoffen und kuscheligen Teddy-Fleece Gr\u00f6\u00dfe: ca. 50cm x 50cm Polster-Inlet ist im Lieferumfang nicht enthalten. Dieser Polster\u00fcberzug wurde nach eigenem Entwurf aus Designer-Patchworkstoffen gearbeitet. F\u00fcr die R\u00fcckseite wurde ein Teddy-Fleece-Stoff verwendet, der zum gem\u00fctlichen Kuscheln einl\u00e4dt. Der Kissen\u00fcberzug l\u00e4sst sich an der Unterseite mit einem Rei\u00dfverschluss \u00f6ffnen und kann &hellip; <a href=\"https:\/\/www.regionalis.shop\/stoffega\/shop\/patchworkpolster-bunte-sterne\/\">Continued<\/a><\/p>\n","protected":false},"featured_media":1078,"template":"","meta":{"_acf_changed":false},"product_brand":[],"product_cat":[103,104],"product_tag":[],"class_list":{"0":"post-1077","1":"product","2":"type-product","3":"status-publish","4":"has-post-thumbnail","6":"product_cat-wohnen-deko","7":"product_cat-wohntextilien","9":"first","10":"instock","11":"purchasable","12":"product-type-simple"},"acf":[],"_links":{"self":[{"href":"https:\/\/www.regionalis.shop\/stoffega\/wp-json\/wp\/v2\/product\/1077","targetHints":{"allow":["GET"]}}],"collection":[{"href":"https:\/\/www.regionalis.shop\/stoffega\/wp-json\/wp\/v2\/product"}],"about":[{"href":"https:\/\/www.regionalis.shop\/stoffega\/wp-json\/wp\/v2\/types\/product"}],"wp:featuredmedia":[{"embeddable":true,"href":"https:\/\/www.regionalis.shop\/stoffega\/wp-json\/wp\/v2\/media\/1078"}],"wp:attachment":[{"href":"https:\/\/www.regionalis.shop\/stoffega\/wp-json\/wp\/v2\/media?parent=1077"}],"wp:term":[{"taxonomy":"product_brand","embeddable":true,"href":"https:\/\/www.regionalis.shop\/stoffega\/wp-json\/wp\/v2\/product_brand?post=1077"},{"taxonomy":"product_cat","embeddable":true,"href":"https:\/\/www.regionalis.shop\/stoffega\/wp-json\/wp\/v2\/product_cat?post=1077"},{"taxonomy":"product_tag","embeddable":true,"href":"https:\/\/www.regionalis.shop\/stoffega\/wp-json\/wp\/v2\/product_tag?post=1077"}],"curies":[{"name":"wp","href":"https:\/\/api.w.org\/{rel}","templated":true}]}}