{"id":1079,"date":"2025-04-18T00:24:53","date_gmt":"2025-04-17T22:24:53","guid":{"rendered":"https:\/\/www.regionalis.shop\/stoffega\/product\/reisepasshuelle-aus-korkleder-braune-sterne\/"},"modified":"2025-04-18T00:24:53","modified_gmt":"2025-04-17T22:24:53","slug":"reisepasshuelle-aus-korkleder-braune-sterne","status":"publish","type":"product","link":"https:\/\/www.regionalis.shop\/stoffega\/shop\/reisepasshuelle-aus-korkleder-braune-sterne\/","title":{"rendered":"Reisepassh\u00fclle aus Korkleder &#8211; braune Sterne"},"content":{"rendered":"<p>Diese Reisepassh\u00fclle ist handgefertigt aus  hochwertigen Korkleder.<\/p>\n<p>Gr\u00f6\u00dfe: ca. 9,5cm x 13,5cm &#8211; passend f\u00fcr einen \u00f6sterreichischen Reisepass<\/p>\n<p>Diese Reisepassh\u00fclle ist aus hochwertigem Korkleder gearbeitet. Das Korkleder ist wasserabweisend und man kann es mit einem feuten Tuch leicht reinigen. So ist der Riesepass gut vor Feuchtigkeit und Schmutz gesch\u00fctzt.<\/p>\n<p>In die innerne Laschen k\u00f6nnen auch gut Tickets hineingesteckt werden.<\/p>\n","protected":false},"excerpt":{"rendered":"<p>Diese Reisepassh\u00fclle ist handgefertigt aus hochwertigen Korkleder. Gr\u00f6\u00dfe: ca. 9,5cm x 13,5cm &#8211; passend f\u00fcr einen \u00f6sterreichischen Reisepass Diese Reisepassh\u00fclle ist aus hochwertigem Korkleder gearbeitet. Das Korkleder ist wasserabweisend und man kann es mit einem feuten Tuch leicht reinigen. So ist der Riesepass gut vor Feuchtigkeit und Schmutz gesch\u00fctzt. In die innerne Laschen k\u00f6nnen auch &hellip; <a href=\"https:\/\/www.regionalis.shop\/stoffega\/shop\/reisepasshuelle-aus-korkleder-braune-sterne\/\">Continued<\/a><\/p>\n","protected":false},"featured_media":1080,"template":"","meta":{"_acf_changed":false},"product_brand":[],"product_cat":[37,65],"product_tag":[],"class_list":{"0":"post-1079","1":"product","2":"type-product","3":"status-publish","4":"has-post-thumbnail","6":"product_cat-accessoires","7":"product_cat-reisepasshuellen","9":"first","10":"instock","11":"purchasable","12":"product-type-simple"},"acf":[],"_links":{"self":[{"href":"https:\/\/www.regionalis.shop\/stoffega\/wp-json\/wp\/v2\/product\/1079","targetHints":{"allow":["GET"]}}],"collection":[{"href":"https:\/\/www.regionalis.shop\/stoffega\/wp-json\/wp\/v2\/product"}],"about":[{"href":"https:\/\/www.regionalis.shop\/stoffega\/wp-json\/wp\/v2\/types\/product"}],"wp:featuredmedia":[{"embeddable":true,"href":"https:\/\/www.regionalis.shop\/stoffega\/wp-json\/wp\/v2\/media\/1080"}],"wp:attachment":[{"href":"https:\/\/www.regionalis.shop\/stoffega\/wp-json\/wp\/v2\/media?parent=1079"}],"wp:term":[{"taxonomy":"product_brand","embeddable":true,"href":"https:\/\/www.regionalis.shop\/stoffega\/wp-json\/wp\/v2\/product_brand?post=1079"},{"taxonomy":"product_cat","embeddable":true,"href":"https:\/\/www.regionalis.shop\/stoffega\/wp-json\/wp\/v2\/product_cat?post=1079"},{"taxonomy":"product_tag","embeddable":true,"href":"https:\/\/www.regionalis.shop\/stoffega\/wp-json\/wp\/v2\/product_tag?post=1079"}],"curies":[{"name":"wp","href":"https:\/\/api.w.org\/{rel}","templated":true}]}}