{"id":1086,"date":"2025-04-18T00:24:08","date_gmt":"2025-04-17T22:24:08","guid":{"rendered":"https:\/\/www.regionalis.shop\/stoffega\/product\/kinderquilt-diamanten\/"},"modified":"2025-04-18T00:24:08","modified_gmt":"2025-04-17T22:24:08","slug":"kinderquilt-diamanten","status":"publish","type":"product","link":"https:\/\/www.regionalis.shop\/stoffega\/shop\/kinderquilt-diamanten\/","title":{"rendered":"Kinderquilt Diamanten"},"content":{"rendered":"<p>Dieser Kinderquilt ist handgefertigt aus hochwertigen Baumwollstoffen und wunderbar kuscheligem Teddy-Fleece auf der R\u00fcckseite<\/p>\n<p>Gr\u00f6\u00dfe: ca. 150cm x 100cm<\/p>\n<p>Dieser Kinderquilt ist nach einem eigenen Entwurf aus hochwertigen Designer-Patchworkstoffen gearbeitet.<\/p>\n<p>Die Zusammenstellung der Stoffe, Farben und Muster bildet das Fundament jedes Patchwork-Quilts. Oft warten Stoffe jahrelang im Stoffregal auf ihren Einsatz, auf die perfekte Kombination mit anderen Stoffen. Von der Auswahl ist es dann aber noch ein langer handwerklicher Prozess bis alle Bl\u00f6cke zu einem Quilt-Top zusammengen\u00e4ht sind und erst dann wird die urspr\u00fcngliche Idee sichtbar und man sieht, ob die Kombination gelungen ist.<\/p>\n<p>Die R\u00fcckseite meiner Quilts soll zum Kuscheln einladen und besteht damit immer aus Teddy-Pl\u00fcsch oder Fleece-Stoffen. Bei den Baby- und Kinderquilts achte ich hier besonders auf das Material und  verwende nur einen Teddy-Pl\u00fcsch, der schadstoffgepr\u00fcft gem\u00e4\u00df der Europ\u00e4ischen Norm f\u00fcr Spielzeug EN 71-3 und 71-9 ist. <\/p>\n<p>Gerne arbeite ich auch Quilts auf Bestellung, wo ich anhand Ihrer Vorgaben einen genau auf Ihre Vorstellungen abgestimmten Quilt entwerfe. Bitte einfach eine Anfrage per Mail schicken, dann melde ich mich bei Ihnen.<\/p>\n","protected":false},"excerpt":{"rendered":"<p>Dieser Kinderquilt ist handgefertigt aus hochwertigen Baumwollstoffen und wunderbar kuscheligem Teddy-Fleece auf der R\u00fcckseite Gr\u00f6\u00dfe: ca. 150cm x 100cm Dieser Kinderquilt ist nach einem eigenen Entwurf aus hochwertigen Designer-Patchworkstoffen gearbeitet. Die Zusammenstellung der Stoffe, Farben und Muster bildet das Fundament jedes Patchwork-Quilts. Oft warten Stoffe jahrelang im Stoffregal auf ihren Einsatz, auf die perfekte Kombination &hellip; <a href=\"https:\/\/www.regionalis.shop\/stoffega\/shop\/kinderquilt-diamanten\/\">Continued<\/a><\/p>\n","protected":false},"featured_media":1087,"template":"","meta":{"_acf_changed":false},"product_brand":[],"product_cat":[38,98],"product_tag":[],"class_list":{"0":"post-1086","1":"product","2":"type-product","3":"status-publish","4":"has-post-thumbnail","6":"product_cat-baby-kinder","7":"product_cat-textilien","9":"first","10":"instock","11":"purchasable","12":"product-type-simple"},"acf":[],"_links":{"self":[{"href":"https:\/\/www.regionalis.shop\/stoffega\/wp-json\/wp\/v2\/product\/1086","targetHints":{"allow":["GET"]}}],"collection":[{"href":"https:\/\/www.regionalis.shop\/stoffega\/wp-json\/wp\/v2\/product"}],"about":[{"href":"https:\/\/www.regionalis.shop\/stoffega\/wp-json\/wp\/v2\/types\/product"}],"wp:featuredmedia":[{"embeddable":true,"href":"https:\/\/www.regionalis.shop\/stoffega\/wp-json\/wp\/v2\/media\/1087"}],"wp:attachment":[{"href":"https:\/\/www.regionalis.shop\/stoffega\/wp-json\/wp\/v2\/media?parent=1086"}],"wp:term":[{"taxonomy":"product_brand","embeddable":true,"href":"https:\/\/www.regionalis.shop\/stoffega\/wp-json\/wp\/v2\/product_brand?post=1086"},{"taxonomy":"product_cat","embeddable":true,"href":"https:\/\/www.regionalis.shop\/stoffega\/wp-json\/wp\/v2\/product_cat?post=1086"},{"taxonomy":"product_tag","embeddable":true,"href":"https:\/\/www.regionalis.shop\/stoffega\/wp-json\/wp\/v2\/product_tag?post=1086"}],"curies":[{"name":"wp","href":"https:\/\/api.w.org\/{rel}","templated":true}]}}