{"id":1091,"date":"2025-04-18T00:18:12","date_gmt":"2025-04-17T22:18:12","guid":{"rendered":"https:\/\/www.regionalis.shop\/stoffega\/product\/mappe-a5-weisse-wuerfel\/"},"modified":"2025-04-18T00:18:12","modified_gmt":"2025-04-17T22:18:12","slug":"mappe-a5-weisse-wuerfel","status":"publish","type":"product","link":"https:\/\/www.regionalis.shop\/stoffega\/shop\/mappe-a5-weisse-wuerfel\/","title":{"rendered":"Mappe A5 &#8211; wei\u00dfe W\u00fcrfel"},"content":{"rendered":"<p>Meine Mappen sind handgefertigt aus hochwertigen Baumwollstoffen und wunderbar weichen Essex-Leinen<\/p>\n<p>Gr\u00f6\u00dfe: 18cm x 23cm (passend f\u00fcr ein Din A5-Heft) Das Heft ist im Lieferumfang nicht inkludiert.<\/p>\n<p>Diese Mappe ist der ideale Begleiter f\u00fcr alle, die den neuen Trend \u201eJournaling\u201c lieben. In den Seitenf\u00e4chern ist genug Platz um Erinnerungsst\u00fccke und Notizen zu den Erlebnissen zu sammeln. Mittels der Gummib\u00e4nder in der Mitte kann man auch mehrere Hefte gleichzeitig in der Mappe befestigen und diese auch jederzeit wieder austauschen.<\/p>\n<p>Die Mappe k\u00f6nnte aber auch einen sch\u00f6nen Rahmen f\u00fcr die eigene Kochrezept-Sammlung bieten. In den Seitenf\u00e4chern lassen sich dann gut aus Zeitschriften ausgeschnittene Rezept-Ideen sammeln.<\/p>\n<p>Nat\u00fcrlich ist die Mappe auch  f\u00fcr alle, die auf ihren Kalender aus Papier nicht verzichten m\u00f6chten. Die Gummib\u00e4nder in der Mitte kann man dabei auch gut als Lesezeichen nutzen.<\/p>\n<p>Die Mappe l\u00e4\u00dft sich mit einem Rundgummi schnell schlie\u00dfen, sodass alles sicher verwahrt ist.<\/p>\n","protected":false},"excerpt":{"rendered":"<p>Meine Mappen sind handgefertigt aus hochwertigen Baumwollstoffen und wunderbar weichen Essex-Leinen Gr\u00f6\u00dfe: 18cm x 23cm (passend f\u00fcr ein Din A5-Heft) Das Heft ist im Lieferumfang nicht inkludiert. Diese Mappe ist der ideale Begleiter f\u00fcr alle, die den neuen Trend \u201eJournaling\u201c lieben. In den Seitenf\u00e4chern ist genug Platz um Erinnerungsst\u00fccke und Notizen zu den Erlebnissen zu &hellip; <a href=\"https:\/\/www.regionalis.shop\/stoffega\/shop\/mappe-a5-weisse-wuerfel\/\">Continued<\/a><\/p>\n","protected":false},"featured_media":1092,"template":"","meta":{"_acf_changed":false},"product_brand":[],"product_cat":[161,62],"product_tag":[],"class_list":{"0":"post-1091","1":"product","2":"type-product","3":"status-publish","4":"has-post-thumbnail","6":"product_cat-notizhefte-skizzenbuecher","7":"product_cat-papeterie-schreibwaren","9":"first","10":"instock","11":"purchasable","12":"product-type-simple"},"acf":[],"_links":{"self":[{"href":"https:\/\/www.regionalis.shop\/stoffega\/wp-json\/wp\/v2\/product\/1091","targetHints":{"allow":["GET"]}}],"collection":[{"href":"https:\/\/www.regionalis.shop\/stoffega\/wp-json\/wp\/v2\/product"}],"about":[{"href":"https:\/\/www.regionalis.shop\/stoffega\/wp-json\/wp\/v2\/types\/product"}],"wp:featuredmedia":[{"embeddable":true,"href":"https:\/\/www.regionalis.shop\/stoffega\/wp-json\/wp\/v2\/media\/1092"}],"wp:attachment":[{"href":"https:\/\/www.regionalis.shop\/stoffega\/wp-json\/wp\/v2\/media?parent=1091"}],"wp:term":[{"taxonomy":"product_brand","embeddable":true,"href":"https:\/\/www.regionalis.shop\/stoffega\/wp-json\/wp\/v2\/product_brand?post=1091"},{"taxonomy":"product_cat","embeddable":true,"href":"https:\/\/www.regionalis.shop\/stoffega\/wp-json\/wp\/v2\/product_cat?post=1091"},{"taxonomy":"product_tag","embeddable":true,"href":"https:\/\/www.regionalis.shop\/stoffega\/wp-json\/wp\/v2\/product_tag?post=1091"}],"curies":[{"name":"wp","href":"https:\/\/api.w.org\/{rel}","templated":true}]}}