{"id":1097,"date":"2025-04-18T00:17:45","date_gmt":"2025-04-17T22:17:45","guid":{"rendered":"https:\/\/www.regionalis.shop\/stoffega\/product\/stifterolle-eulen\/"},"modified":"2025-04-18T00:17:45","modified_gmt":"2025-04-17T22:17:45","slug":"stifterolle-eulen","status":"publish","type":"product","link":"https:\/\/www.regionalis.shop\/stoffega\/shop\/stifterolle-eulen\/","title":{"rendered":"Stifterolle Eulen"},"content":{"rendered":"<p>Diese Stiftrolle ist handgefertigt aus hochwertigen Baumwollstoffen<\/p>\n<p>Gr\u00f6\u00dfe: ca. 58cm x 23cm<\/p>\n<p>Diese Stifterolle l\u00e4sst jedes Kinderherz h\u00f6her schlagen und nicht nur das von Kindern. Hier kann man 24 Buntstifte und 2 Bleistifte sicher und \u00fcbersichtlich geordnet aufbewahren und findet immer sofort die Farbe, nach der man sucht.<\/p>\n<p>Die Farben der Stiftef\u00e4cher sind exakt auf die Colour-Grip-Farbstifte von Faber Castell abgestimmt, aber nat\u00fcrlich passen auch Stifte jeder anderen Marke in die Rolle.<\/p>\n","protected":false},"excerpt":{"rendered":"<p>Diese Stiftrolle ist handgefertigt aus hochwertigen Baumwollstoffen Gr\u00f6\u00dfe: ca. 58cm x 23cm Diese Stifterolle l\u00e4sst jedes Kinderherz h\u00f6her schlagen und nicht nur das von Kindern. Hier kann man 24 Buntstifte und 2 Bleistifte sicher und \u00fcbersichtlich geordnet aufbewahren und findet immer sofort die Farbe, nach der man sucht. Die Farben der Stiftef\u00e4cher sind exakt auf &hellip; <a href=\"https:\/\/www.regionalis.shop\/stoffega\/shop\/stifterolle-eulen\/\">Continued<\/a><\/p>\n","protected":false},"featured_media":1098,"template":"","meta":{"_acf_changed":false},"product_brand":[],"product_cat":[129,95],"product_tag":[],"class_list":{"0":"post-1097","1":"product","2":"type-product","3":"status-publish","4":"has-post-thumbnail","6":"product_cat-federpennale-stiftetuis","7":"product_cat-taschen","9":"first","10":"instock","11":"purchasable","12":"product-type-simple"},"acf":[],"_links":{"self":[{"href":"https:\/\/www.regionalis.shop\/stoffega\/wp-json\/wp\/v2\/product\/1097","targetHints":{"allow":["GET"]}}],"collection":[{"href":"https:\/\/www.regionalis.shop\/stoffega\/wp-json\/wp\/v2\/product"}],"about":[{"href":"https:\/\/www.regionalis.shop\/stoffega\/wp-json\/wp\/v2\/types\/product"}],"wp:featuredmedia":[{"embeddable":true,"href":"https:\/\/www.regionalis.shop\/stoffega\/wp-json\/wp\/v2\/media\/1098"}],"wp:attachment":[{"href":"https:\/\/www.regionalis.shop\/stoffega\/wp-json\/wp\/v2\/media?parent=1097"}],"wp:term":[{"taxonomy":"product_brand","embeddable":true,"href":"https:\/\/www.regionalis.shop\/stoffega\/wp-json\/wp\/v2\/product_brand?post=1097"},{"taxonomy":"product_cat","embeddable":true,"href":"https:\/\/www.regionalis.shop\/stoffega\/wp-json\/wp\/v2\/product_cat?post=1097"},{"taxonomy":"product_tag","embeddable":true,"href":"https:\/\/www.regionalis.shop\/stoffega\/wp-json\/wp\/v2\/product_tag?post=1097"}],"curies":[{"name":"wp","href":"https:\/\/api.w.org\/{rel}","templated":true}]}}