{"id":1103,"date":"2025-04-18T00:10:27","date_gmt":"2025-04-17T22:10:27","guid":{"rendered":"https:\/\/www.regionalis.shop\/stoffega\/product\/zipperbeutel-gelb\/"},"modified":"2025-04-18T00:10:27","modified_gmt":"2025-04-17T22:10:27","slug":"zipperbeutel-gelb","status":"publish","type":"product","link":"https:\/\/www.regionalis.shop\/stoffega\/shop\/zipperbeutel-gelb\/","title":{"rendered":"Zipperbeutel gelb"},"content":{"rendered":"<p>Der Zipperbeutel ist handgefertigt aus hochwertigen Leinen- und Baumwollstoffen und wunderbar weichen Korkleder<\/p>\n<p>Gr\u00f6\u00dfe: ca. 30cm x 18cm x 20cm<\/p>\n<p>Diese Tasche besticht durch ihre geniale Einfachheit. Sie l\u00e4\u00dft sich weit \u00f6ffnen und bietet damit einen guten \u00dcberblick \u00fcber den Inhalt und l\u00e4\u00dft sich dann mit einem Zipper aber einfach und schnell schlie\u00dfen.<\/p>\n<p>Die Au\u00dfenseite ist aus verschiedenen Leinen gearbeitet und der untere  Rand und der Boden sind aus Korkleder, wodurch die Tasche eine hohe Stabilit\u00e4t hat. Innen ist die Tasche mit einem Baumwollstoff gef\u00fcttert.<\/p>\n<p>Das Korkleder ist sehr robust und wasserfest. Es kann sehr einfach mit einem feuchten Tuch sanft gereinigt werden. <\/p>\n<p>Der Beutel ist nach einem eigenen Entwurf gefertigt.<\/p>\n","protected":false},"excerpt":{"rendered":"<p>Der Zipperbeutel ist handgefertigt aus hochwertigen Leinen- und Baumwollstoffen und wunderbar weichen Korkleder Gr\u00f6\u00dfe: ca. 30cm x 18cm x 20cm Diese Tasche besticht durch ihre geniale Einfachheit. Sie l\u00e4\u00dft sich weit \u00f6ffnen und bietet damit einen guten \u00dcberblick \u00fcber den Inhalt und l\u00e4\u00dft sich dann mit einem Zipper aber einfach und schnell schlie\u00dfen. Die Au\u00dfenseite &hellip; <a href=\"https:\/\/www.regionalis.shop\/stoffega\/shop\/zipperbeutel-gelb\/\">Continued<\/a><\/p>\n","protected":false},"featured_media":1104,"template":"","meta":{"_acf_changed":false},"product_brand":[],"product_cat":[155,95],"product_tag":[],"class_list":{"0":"post-1103","1":"product","2":"type-product","3":"status-publish","4":"has-post-thumbnail","6":"product_cat-kosmetiktaschen","7":"product_cat-taschen","9":"first","10":"instock","11":"purchasable","12":"product-type-simple"},"acf":[],"_links":{"self":[{"href":"https:\/\/www.regionalis.shop\/stoffega\/wp-json\/wp\/v2\/product\/1103","targetHints":{"allow":["GET"]}}],"collection":[{"href":"https:\/\/www.regionalis.shop\/stoffega\/wp-json\/wp\/v2\/product"}],"about":[{"href":"https:\/\/www.regionalis.shop\/stoffega\/wp-json\/wp\/v2\/types\/product"}],"wp:featuredmedia":[{"embeddable":true,"href":"https:\/\/www.regionalis.shop\/stoffega\/wp-json\/wp\/v2\/media\/1104"}],"wp:attachment":[{"href":"https:\/\/www.regionalis.shop\/stoffega\/wp-json\/wp\/v2\/media?parent=1103"}],"wp:term":[{"taxonomy":"product_brand","embeddable":true,"href":"https:\/\/www.regionalis.shop\/stoffega\/wp-json\/wp\/v2\/product_brand?post=1103"},{"taxonomy":"product_cat","embeddable":true,"href":"https:\/\/www.regionalis.shop\/stoffega\/wp-json\/wp\/v2\/product_cat?post=1103"},{"taxonomy":"product_tag","embeddable":true,"href":"https:\/\/www.regionalis.shop\/stoffega\/wp-json\/wp\/v2\/product_tag?post=1103"}],"curies":[{"name":"wp","href":"https:\/\/api.w.org\/{rel}","templated":true}]}}