{"id":1119,"date":"2025-04-17T23:50:43","date_gmt":"2025-04-17T21:50:43","guid":{"rendered":"https:\/\/www.regionalis.shop\/stoffega\/product\/weihnachtsbaum-teppich-tuerkis-gruen-rot\/"},"modified":"2025-04-17T23:50:43","modified_gmt":"2025-04-17T21:50:43","slug":"weihnachtsbaum-teppich-tuerkis-gruen-rot","status":"publish","type":"product","link":"https:\/\/www.regionalis.shop\/stoffega\/shop\/weihnachtsbaum-teppich-tuerkis-gruen-rot\/","title":{"rendered":"Weihnachtsbaum-Teppich t\u00fcrkis\/gr\u00fcn\/rot"},"content":{"rendered":"<p>Dieser Weihnachtsbaum-Teppich ist handgefertigt aus hochwertigen Baumwollstoffen<\/p>\n<p>Gr\u00f6\u00dfe: ca 115cm Durchmesser<\/p>\n<p>Dieser Weihnachtsbaum-Teppich (oder christmastree-skirt, wie er auf englisch genannt wird) ist wie ein Quilt gearbeitet und besteht an der Vorderseite aus 20 Segmenten \u2013 die aus Streifen zusammengen\u00e4ht sind -, einer Flieseinlage und einem einf\u00e4rbigen R\u00fcckenstoff. Der Weihnachtsbaum-Teppich ist zur Abdeckung des Bodens unter dem Christbaum gedacht.<\/p>\n<p>Der Weihnachtsbaum-Teppich besteht zu 100% aus Baumwolle und ist damit auch bei 30\u00b0 Grad waschbar.<\/p>\n<p>F\u00fcr Sondergr\u00f6\u00dfen oder spezielle Farbw\u00fcnsche mich bitte einfach telefonisch oder per Mail kontaktieren.<\/p>\n","protected":false},"excerpt":{"rendered":"<p>Dieser Weihnachtsbaum-Teppich ist handgefertigt aus hochwertigen Baumwollstoffen Gr\u00f6\u00dfe: ca 115cm Durchmesser Dieser Weihnachtsbaum-Teppich (oder christmastree-skirt, wie er auf englisch genannt wird) ist wie ein Quilt gearbeitet und besteht an der Vorderseite aus 20 Segmenten \u2013 die aus Streifen zusammengen\u00e4ht sind -, einer Flieseinlage und einem einf\u00e4rbigen R\u00fcckenstoff. Der Weihnachtsbaum-Teppich ist zur Abdeckung des Bodens unter &hellip; <a href=\"https:\/\/www.regionalis.shop\/stoffega\/shop\/weihnachtsbaum-teppich-tuerkis-gruen-rot\/\">Continued<\/a><\/p>\n","protected":false},"featured_media":1120,"template":"","meta":{"_acf_changed":false},"product_brand":[],"product_cat":[173,103],"product_tag":[],"class_list":{"0":"post-1119","1":"product","2":"type-product","3":"status-publish","4":"has-post-thumbnail","6":"product_cat-weihnachten","7":"product_cat-wohnen-deko","9":"first","10":"instock","11":"purchasable","12":"product-type-simple"},"acf":[],"_links":{"self":[{"href":"https:\/\/www.regionalis.shop\/stoffega\/wp-json\/wp\/v2\/product\/1119","targetHints":{"allow":["GET"]}}],"collection":[{"href":"https:\/\/www.regionalis.shop\/stoffega\/wp-json\/wp\/v2\/product"}],"about":[{"href":"https:\/\/www.regionalis.shop\/stoffega\/wp-json\/wp\/v2\/types\/product"}],"wp:featuredmedia":[{"embeddable":true,"href":"https:\/\/www.regionalis.shop\/stoffega\/wp-json\/wp\/v2\/media\/1120"}],"wp:attachment":[{"href":"https:\/\/www.regionalis.shop\/stoffega\/wp-json\/wp\/v2\/media?parent=1119"}],"wp:term":[{"taxonomy":"product_brand","embeddable":true,"href":"https:\/\/www.regionalis.shop\/stoffega\/wp-json\/wp\/v2\/product_brand?post=1119"},{"taxonomy":"product_cat","embeddable":true,"href":"https:\/\/www.regionalis.shop\/stoffega\/wp-json\/wp\/v2\/product_cat?post=1119"},{"taxonomy":"product_tag","embeddable":true,"href":"https:\/\/www.regionalis.shop\/stoffega\/wp-json\/wp\/v2\/product_tag?post=1119"}],"curies":[{"name":"wp","href":"https:\/\/api.w.org\/{rel}","templated":true}]}}