{"id":108,"date":"2024-03-04T10:57:41","date_gmt":"2024-03-04T10:57:41","guid":{"rendered":"https:\/\/stage.shop-it.at\/?page_id=108"},"modified":"2025-11-10T18:04:23","modified_gmt":"2025-11-10T17:04:23","slug":"info","status":"publish","type":"page","link":"https:\/\/www.regionalis.shop\/stoffwild-handgemachte-mode\/info\/","title":{"rendered":"Servus &amp; Willkommen \ud83d\udc9b"},"content":{"rendered":"\n<figure class=\"wp-block-image aligncenter size-large is-style-rounded\"><img loading=\"lazy\" decoding=\"async\" width=\"1024\" height=\"576\" src=\"https:\/\/www.regionalis.shop\/app\/uploads\/sites\/575\/sabrina_tirol-1024x576.webp\" alt=\"gr\u00fcnderin sabrina wimmer von stoffwild f\u00fcr die \u00fcber-mich-seite\" class=\"wp-image-1102\" srcset=\"https:\/\/www.regionalis.shop\/app\/uploads\/sites\/575\/sabrina_tirol-1024x576.webp 1024w, https:\/\/www.regionalis.shop\/app\/uploads\/sites\/575\/sabrina_tirol-300x169.webp 300w, https:\/\/www.regionalis.shop\/app\/uploads\/sites\/575\/sabrina_tirol-768x432.webp 768w, https:\/\/www.regionalis.shop\/app\/uploads\/sites\/575\/sabrina_tirol-1536x864.webp 1536w, https:\/\/www.regionalis.shop\/app\/uploads\/sites\/575\/sabrina_tirol-600x338.webp 600w, https:\/\/www.regionalis.shop\/app\/uploads\/sites\/575\/sabrina_tirol.webp 1600w\" sizes=\"auto, (max-width: 1024px) 100vw, 1024px\" \/><\/figure>\n\n\n\n<div class=\"wp-block-columns is-layout-flex wp-container-core-columns-is-layout-9d6595d7 wp-block-columns-is-layout-flex\">\n<div class=\"wp-block-column is-layout-flow wp-block-column-is-layout-flow\" style=\"flex-basis:33.33%\">\n<figure class=\"wp-block-image aligncenter size-large is-resized is-style-default\"><img loading=\"lazy\" decoding=\"async\" width=\"683\" height=\"1024\" src=\"https:\/\/www.regionalis.shop\/app\/uploads\/sites\/575\/sabi_bild-683x1024.jpg\" alt=\"gr\u00fcnderin sabrina wimmer von stoffwild f\u00fcr die \u00fcber-mich-seite\" class=\"wp-image-1101\" style=\"box-shadow:var(--wp--preset--shadow--natural);object-fit:cover;width:390px;height:auto\" srcset=\"https:\/\/www.regionalis.shop\/app\/uploads\/sites\/575\/sabi_bild-683x1024.jpg 683w, https:\/\/www.regionalis.shop\/app\/uploads\/sites\/575\/sabi_bild-200x300.jpg 200w, https:\/\/www.regionalis.shop\/app\/uploads\/sites\/575\/sabi_bild-768x1152.jpg 768w, https:\/\/www.regionalis.shop\/app\/uploads\/sites\/575\/sabi_bild-600x900.jpg 600w, https:\/\/www.regionalis.shop\/app\/uploads\/sites\/575\/sabi_bild.jpg 1000w\" sizes=\"auto, (max-width: 683px) 100vw, 683px\" \/><\/figure>\n<\/div>\n\n\n\n<div class=\"wp-block-column is-layout-flow wp-block-column-is-layout-flow\" style=\"flex-basis:66.66%\">\n<h1 class=\"wp-block-heading has-text-align-center\">\ud83d\udc9b Servus &amp; Willkommen \ud83d\udc9b<\/h1>\n\n\n\n<div class=\"wp-block-cover is-light has-small-font-size\" style=\"padding-top:0;padding-right:0;padding-bottom:0;padding-left:0;box-shadow:var(--wp--preset--shadow--natural);min-height:200px;aspect-ratio:unset;\"><span aria-hidden=\"true\" class=\"wp-block-cover__background has-background-dim\" style=\"background-color:#baafa5\"><\/span><img loading=\"lazy\" decoding=\"async\" width=\"2089\" height=\"863\" class=\"wp-block-cover__image-background wp-image-1098\" alt=\"hintergrund stoffwild mit schneider-accessoires, schere, garn, labels, logo\" src=\"https:\/\/www.regionalis.shop\/app\/uploads\/sites\/575\/stoffwild-hg-3-e1762792443419.webp\" data-object-fit=\"cover\" srcset=\"https:\/\/www.regionalis.shop\/app\/uploads\/sites\/575\/stoffwild-hg-3-e1762792443419.webp 2089w, https:\/\/www.regionalis.shop\/app\/uploads\/sites\/575\/stoffwild-hg-3-e1762792443419-300x124.webp 300w, https:\/\/www.regionalis.shop\/app\/uploads\/sites\/575\/stoffwild-hg-3-e1762792443419-1024x423.webp 1024w, https:\/\/www.regionalis.shop\/app\/uploads\/sites\/575\/stoffwild-hg-3-e1762792443419-768x317.webp 768w, https:\/\/www.regionalis.shop\/app\/uploads\/sites\/575\/stoffwild-hg-3-e1762792443419-1536x635.webp 1536w, https:\/\/www.regionalis.shop\/app\/uploads\/sites\/575\/stoffwild-hg-3-e1762792443419-2048x846.webp 2048w, https:\/\/www.regionalis.shop\/app\/uploads\/sites\/575\/stoffwild-hg-3-e1762792443419-600x248.webp 600w\" sizes=\"auto, (max-width: 2089px) 100vw, 2089px\" \/><div class=\"wp-block-cover__inner-container is-layout-constrained wp-container-core-cover-is-layout-c6b4b7cd wp-block-cover-is-layout-constrained\">\n<p class=\"has-text-align-center has-large-font-size\" style=\"text-transform:none\"><strong>StoffWild<\/strong> steht f\u00fcr Selbstgemachtes, f\u00fcr liebevolle Handarbeit, f\u00fcr Regionales und f\u00fcr mich: <strong>Sabrina Wimmer.<\/strong><\/p>\n<\/div><\/div>\n\n\n\n<p>2004 habe ich meinen Mann kennengelernt und meinen Lebensmittelpunkt nach Enzersdorf verlegt. Seit 2017 bereichert die kleine Stoffprinzessin unser Leben und hat mich inspiriert, ausgefallene Einzelst\u00fccke und Unikate auf der N\u00e4hmaschine zu zaubern. Zuerst nur f\u00fcr mich und meine Familie, jetzt f\u00fcr jeden, der bunte und freche Kleidung liebt.<\/p>\n\n\n\n<p>Bei mir findet ihr alles um eure kleinen und gro\u00dfen Lieblingsmenschen einzukleiden: T-Shirts, Langarmshirts &amp; Pullis, kurze &amp; lange Hosen, Kleider &amp; R\u00f6cke, sowie viele Accessoires wie Hauben, Beanies, Musselin-Halst\u00fccher und noch viele weitere tolle Einzelst\u00fccke.<\/p>\n\n\n\n<p>Mit Mode von StoffWild kannst du dich von der <strong>Massen- &amp; Stangenware abheben und hervorstechen<\/strong> \u2013 denn jedes St\u00fcck ist und bleibt einzigartig, ein Unikat auf ganzer Linie. N\u00e4hen ist meine Leidenschaft, die ich gerne mit euch teilen m\u00f6chte.<\/p>\n\n\n\n<h2 class=\"wp-block-heading has-large-font-size\"><u>Was macht StoffWild aus?<\/u><\/h2>\n\n\n\n<div style=\"height:10px\" aria-hidden=\"true\" class=\"wp-block-spacer\"><\/div>\n\n\n\n<ul style=\"margin-top:0;margin-bottom:0\" class=\"wp-block-list\">\n<li><strong>Individualit\u00e4t statt Massenproduktion<\/strong>: Jedes einzelne Kleidungsst\u00fcck wird individuell mit der Kundin \/ dem Kunden besprochen, designed und umgesetzt! Individuelle Einzelst\u00fccke sind mein Markenzeichen.<br><\/li>\n\n\n\n<li><strong>Nachhaltigkeit<\/strong>: Keine Stoffreste bleiben \u00fcbrig, denn daraus entstehen Sofortk\u00e4ufe &#8211; ebenfalls Unikate.<br><\/li>\n\n\n\n<li><strong>100% Made in Austria<\/strong>: Jedes Teil wird von MIR selbst gefertigt: vom Zuschnitt, \u00fcber das N\u00e4hen bis zum Verpacken &#8211; alles aus einer Hand \u2013 alles in \u00d6sterreich hergestellt. Genauigkeit, gewissenhaftes Arbeiten und Stoffqualit\u00e4t haben f\u00fcr mich oberste Priorit\u00e4t &#8211; ihr sollt ja lange Freude an euren neuen Lieblingsst\u00fccken haben!<br><\/li>\n\n\n\n<li><strong>Unterst\u00fctzung f\u00fcr Kleinunternehmen<\/strong>: Mein Fokus liegt auf lokalem Einkauf, um die Stofflieferanten und Kleinunternehmen in \u00d6sterreich zu f\u00f6rdern, denn es ist mir ein gro\u00dfes Anliegen die regionale Wertsch\u00f6pfung zu unterst\u00fctzen.<\/li>\n<\/ul>\n\n\n\n<p>Der Versand erfolgt <em>klimaneutral<\/em> mit der \u00f6sterreichischen Post oder ihr kommt zur <em>Abholung<\/em> vorbei. Ich freue mich immer, Kundinnen und Kunden pers\u00f6nlich kennen zu lernen.<\/p>\n\n\n\n<p>Ich habe bereits <em>viele fertige Einzelst\u00fccke<\/em> in meiner N\u00e4hwerkstatt lagernd: schaut euch gerne mal hier im Onlineshop um oder teilt mir eure W\u00fcnsche mit, damit wir gemeinsam euer Wunschteil designen k\u00f6nnen!<\/p>\n\n\n\n<h3 class=\"wp-block-heading has-large-font-size\">\ud83d\udc9b Sabrina \ud83d\udc9c<\/h3>\n<\/div>\n<\/div>\n","protected":false},"excerpt":{"rendered":"<p>\ud83d\udc9b Servus &amp; Willkommen \ud83d\udc9b 2004 habe ich meinen Mann kennengelernt und meinen Lebensmittelpunkt nach Enzersdorf verlegt. Seit 2017 bereichert die kleine Stoffprinzessin unser Leben und hat mich inspiriert, ausgefallene Einzelst\u00fccke und Unikate auf der N\u00e4hmaschine zu zaubern. Zuerst nur f\u00fcr mich und meine Familie, jetzt f\u00fcr jeden, der bunte und freche Kleidung liebt. Bei &hellip; <a href=\"https:\/\/www.regionalis.shop\/stoffwild-handgemachte-mode\/info\/\">Continued<\/a><\/p>\n","protected":false},"author":582,"featured_media":0,"parent":0,"menu_order":0,"comment_status":"closed","ping_status":"closed","template":"","meta":{"_acf_changed":false,"footnotes":""},"class_list":["post-108","page","type-page","status-publish","hentry"],"acf":[],"_links":{"self":[{"href":"https:\/\/www.regionalis.shop\/stoffwild-handgemachte-mode\/wp-json\/wp\/v2\/pages\/108","targetHints":{"allow":["GET"]}}],"collection":[{"href":"https:\/\/www.regionalis.shop\/stoffwild-handgemachte-mode\/wp-json\/wp\/v2\/pages"}],"about":[{"href":"https:\/\/www.regionalis.shop\/stoffwild-handgemachte-mode\/wp-json\/wp\/v2\/types\/page"}],"author":[{"embeddable":true,"href":"https:\/\/www.regionalis.shop\/stoffwild-handgemachte-mode\/wp-json\/wp\/v2\/users\/582"}],"replies":[{"embeddable":true,"href":"https:\/\/www.regionalis.shop\/stoffwild-handgemachte-mode\/wp-json\/wp\/v2\/comments?post=108"}],"version-history":[{"count":41,"href":"https:\/\/www.regionalis.shop\/stoffwild-handgemachte-mode\/wp-json\/wp\/v2\/pages\/108\/revisions"}],"predecessor-version":[{"id":1104,"href":"https:\/\/www.regionalis.shop\/stoffwild-handgemachte-mode\/wp-json\/wp\/v2\/pages\/108\/revisions\/1104"}],"wp:attachment":[{"href":"https:\/\/www.regionalis.shop\/stoffwild-handgemachte-mode\/wp-json\/wp\/v2\/media?parent=108"}],"curies":[{"name":"wp","href":"https:\/\/api.w.org\/{rel}","templated":true}]}}